{"id":343,"date":"2023-07-16T10:39:32","date_gmt":"2023-07-16T07:39:32","guid":{"rendered":"https:\/\/novobud.pl\/?page_id=343"},"modified":"2023-07-27T14:31:29","modified_gmt":"2023-07-27T11:31:29","slug":"kontakte","status":"publish","type":"page","link":"https:\/\/novobud.pl\/en\/kontakte\/","title":{"rendered":"Contacts"},"content":{"rendered":"<div class=\"wp-block-columns is-layout-flex wp-container-core-columns-is-layout-9d6595d7 wp-block-columns-is-layout-flex\">\n<div class=\"wp-block-column is-layout-flow wp-block-column-is-layout-flow\">\nNOVOBUD POLSKA SP. Z O.O.<br> \nViktor Kostyanko<br> \n02-001 Warsaw, 85\/21 Jerozolimskie Avenue,<br>\ntel.: +48 518 149 235<br>\ne-mail: pl.novobud@gmail.com,<br>\nweb: https:\/\/novobud.pl\/\n<\/div>\n\n\n\n<div class=\"wp-block-column is-layout-flow wp-block-column-is-layout-flow\">\n<iframe src=\"https:\/\/www.google.com\/maps\/embed?pb=!1m18!1m12!1m3!1d2443.89627854893!2d20.99545209080466!3d52.22710219975354!2m3!1f0!2f0!3f0!3m2!1i1024!2i768!4f13.1!3m3!1m2!1s0x471ecc9267f46acf%3A0x9317fc221f071e7d!2sal.%20Jerozolimskie%2085%2F21%2C%2002-001%20Warszawa%2C%20Poland!5e0!3m2!1sen!2sua!4v1690457476280!5m2!1sen!2sua\" width=\"600\" height=\"450\" style=\"border:0;\" allowfullscreen=\"\" loading=\"lazy\" referrerpolicy=\"no-referrer-when-downgrade\"><\/iframe>\n<\/div>\n<\/div>","protected":false},"excerpt":{"rendered":"<p>NOVOBUD POLSKA SP. Z O.O. Viktor Kostyanko 02-001 Warszawa, ul. Al. Jerozolimskie 85\/21, tel.: +48 518 149 235 e-mail: pl.novobud@gmail.com, web: https:\/\/novobud.pl\/<\/p>","protected":false},"author":1,"featured_media":0,"parent":0,"menu_order":0,"comment_status":"closed","ping_status":"closed","template":"","meta":{"footnotes":""},"class_list":["post-343","page","type-page","status-publish","hentry"],"yoast_head":"<!-- This site is optimized with the Yoast SEO plugin v20.12 - https:\/\/yoast.com\/wordpress\/plugins\/seo\/ -->\n<title>Kontakty - Novobud<\/title>\n<meta name=\"description\" content=\"Dane kontaktowe Novobud. Wysokiej jako\u015bci produkty i metalowe elementy mocuj\u0105ce. Systemy monta\u017cowe.\" \/>\n<meta name=\"robots\" content=\"index, follow, max-snippet:-1, max-image-preview:large, max-video-preview:-1\" \/>\n<link rel=\"canonical\" href=\"https:\/\/novobud.pl\/en\/kontakte\/\" \/>\n<meta property=\"og:locale\" content=\"en_US\" \/>\n<meta property=\"og:type\" content=\"article\" \/>\n<meta property=\"og:title\" content=\"Kontakty - Novobud\" \/>\n<meta property=\"og:description\" content=\"Dane kontaktowe Novobud. Wysokiej jako\u015bci produkty i metalowe elementy mocuj\u0105ce. Systemy monta\u017cowe.\" \/>\n<meta property=\"og:url\" content=\"https:\/\/novobud.pl\/en\/kontakte\/\" \/>\n<meta property=\"og:site_name\" content=\"Novobud\" \/>\n<meta property=\"article:modified_time\" content=\"2023-07-27T11:31:29+00:00\" \/>\n<meta name=\"twitter:card\" content=\"summary_large_image\" \/>\n<meta name=\"twitter:label1\" content=\"Est. reading time\" \/>\n\t<meta name=\"twitter:data1\" content=\"1 minute\" \/>\n<script type=\"application\/ld+json\" class=\"yoast-schema-graph\">{\"@context\":\"https:\/\/schema.org\",\"@graph\":[{\"@type\":\"WebPage\",\"@id\":\"https:\/\/novobud.pl\/kontakte\/\",\"url\":\"https:\/\/novobud.pl\/kontakte\/\",\"name\":\"Kontakty - Novobud\",\"isPartOf\":{\"@id\":\"https:\/\/novobud.pl\/#website\"},\"datePublished\":\"2023-07-16T07:39:32+00:00\",\"dateModified\":\"2023-07-27T11:31:29+00:00\",\"description\":\"Dane kontaktowe Novobud. Wysokiej jako\u015bci produkty i metalowe elementy mocuj\u0105ce. Systemy monta\u017cowe.\",\"breadcrumb\":{\"@id\":\"https:\/\/novobud.pl\/kontakte\/#breadcrumb\"},\"inLanguage\":\"en-US\",\"potentialAction\":[{\"@type\":\"ReadAction\",\"target\":[\"https:\/\/novobud.pl\/kontakte\/\"]}]},{\"@type\":\"BreadcrumbList\",\"@id\":\"https:\/\/novobud.pl\/kontakte\/#breadcrumb\",\"itemListElement\":[{\"@type\":\"ListItem\",\"position\":1,\"name\":\"\u0413\u043b\u0430\u0432\u043d\u0430\u044f \u0441\u0442\u0440\u0430\u043d\u0438\u0446\u0430\",\"item\":\"https:\/\/novobud.pl\/\"},{\"@type\":\"ListItem\",\"position\":2,\"name\":\"Kontakty\"}]},{\"@type\":\"WebSite\",\"@id\":\"https:\/\/novobud.pl\/#website\",\"url\":\"https:\/\/novobud.pl\/\",\"name\":\"Novobud\",\"description\":\"Novobud.pl\",\"potentialAction\":[{\"@type\":\"SearchAction\",\"target\":{\"@type\":\"EntryPoint\",\"urlTemplate\":\"https:\/\/novobud.pl\/?s={search_term_string}\"},\"query-input\":\"required name=search_term_string\"}],\"inLanguage\":\"en-US\"}]}<\/script>\n<!-- \/ Yoast SEO plugin. -->","yoast_head_json":{"title":"Kontakty - Novobud","description":"Dane kontaktowe Novobud. Wysokiej jako\u015bci produkty i metalowe elementy mocuj\u0105ce. Systemy monta\u017cowe.","robots":{"index":"index","follow":"follow","max-snippet":"max-snippet:-1","max-image-preview":"max-image-preview:large","max-video-preview":"max-video-preview:-1"},"canonical":"https:\/\/novobud.pl\/en\/kontakte\/","og_locale":"en_US","og_type":"article","og_title":"Kontakty - Novobud","og_description":"Dane kontaktowe Novobud. Wysokiej jako\u015bci produkty i metalowe elementy mocuj\u0105ce. Systemy monta\u017cowe.","og_url":"https:\/\/novobud.pl\/en\/kontakte\/","og_site_name":"Novobud","article_modified_time":"2023-07-27T11:31:29+00:00","twitter_card":"summary_large_image","twitter_misc":{"Est. reading time":"1 minute"},"schema":{"@context":"https:\/\/schema.org","@graph":[{"@type":"WebPage","@id":"https:\/\/novobud.pl\/kontakte\/","url":"https:\/\/novobud.pl\/kontakte\/","name":"Kontakty - Novobud","isPartOf":{"@id":"https:\/\/novobud.pl\/#website"},"datePublished":"2023-07-16T07:39:32+00:00","dateModified":"2023-07-27T11:31:29+00:00","description":"Dane kontaktowe Novobud. Wysokiej jako\u015bci produkty i metalowe elementy mocuj\u0105ce. Systemy monta\u017cowe.","breadcrumb":{"@id":"https:\/\/novobud.pl\/kontakte\/#breadcrumb"},"inLanguage":"en-US","potentialAction":[{"@type":"ReadAction","target":["https:\/\/novobud.pl\/kontakte\/"]}]},{"@type":"BreadcrumbList","@id":"https:\/\/novobud.pl\/kontakte\/#breadcrumb","itemListElement":[{"@type":"ListItem","position":1,"name":"\u0413\u043b\u0430\u0432\u043d\u0430\u044f \u0441\u0442\u0440\u0430\u043d\u0438\u0446\u0430","item":"https:\/\/novobud.pl\/"},{"@type":"ListItem","position":2,"name":"Kontakty"}]},{"@type":"WebSite","@id":"https:\/\/novobud.pl\/#website","url":"https:\/\/novobud.pl\/","name":"Novobud","description":"Novobud.pl","potentialAction":[{"@type":"SearchAction","target":{"@type":"EntryPoint","urlTemplate":"https:\/\/novobud.pl\/?s={search_term_string}"},"query-input":"required name=search_term_string"}],"inLanguage":"en-US"}]}},"_links":{"self":[{"href":"https:\/\/novobud.pl\/en\/wp-json\/wp\/v2\/pages\/343","targetHints":{"allow":["GET"]}}],"collection":[{"href":"https:\/\/novobud.pl\/en\/wp-json\/wp\/v2\/pages"}],"about":[{"href":"https:\/\/novobud.pl\/en\/wp-json\/wp\/v2\/types\/page"}],"author":[{"embeddable":true,"href":"https:\/\/novobud.pl\/en\/wp-json\/wp\/v2\/users\/1"}],"replies":[{"embeddable":true,"href":"https:\/\/novobud.pl\/en\/wp-json\/wp\/v2\/comments?post=343"}],"version-history":[{"count":8,"href":"https:\/\/novobud.pl\/en\/wp-json\/wp\/v2\/pages\/343\/revisions"}],"predecessor-version":[{"id":428,"href":"https:\/\/novobud.pl\/en\/wp-json\/wp\/v2\/pages\/343\/revisions\/428"}],"wp:attachment":[{"href":"https:\/\/novobud.pl\/en\/wp-json\/wp\/v2\/media?parent=343"}],"curies":[{"name":"wp","href":"https:\/\/api.w.org\/{rel}","templated":true}]}}