{"id":238,"date":"2023-07-15T15:03:17","date_gmt":"2023-07-15T12:03:17","guid":{"rendered":"https:\/\/novobud.pl\/?post_type=product&#038;p=238"},"modified":"2026-01-24T16:49:51","modified_gmt":"2026-01-24T13:49:51","slug":"pudelko-z-pokrywka-vormontiated","status":"publish","type":"product","link":"https:\/\/novobud.pl\/en\/product\/pudelko-z-pokrywka-vormontiated\/","title":{"rendered":"Box with lid VORMONTIATED"},"content":{"rendered":"<div class=\"table-responsive\">\n<table>\n<thead>\n<tr>\n<th>Article number<\/th>\n<th>Benenunng<\/th>\n<th>Dimension<\/th>\n<th>Carton\/piece.<\/th>\n<th>Weight \/ carton Kg<\/th>\n<\/tr>\n<\/thead>\n<tbody>\n<tr>\n<td>1017111377048<\/td>\n<td>Box with lid<\/td>\n<td>171\u00d7113\u00d777<\/td>\n<td>50<\/td>\n<td>6,760<\/td>\n<\/tr>\n<tr>\n<td>1117111377048<\/td>\n<td>Box without lid<\/td>\n<td>171\u00d7113\u00d777<\/td>\n<td>50<\/td>\n<td>5,760<\/td>\n<\/tr>\n<\/tbody>\n<\/table>\n<\/div>","protected":false},"excerpt":{"rendered":"<p>Numer artyku\u0142u Benenunng Wymiar Karton\/szt. Waga \/ karton Kg 1017111377048 Pude\u0142ko z pokrywk\u0105 171\u00d7113\u00d777 50 6,760 1117111377048 Pude\u0142ko bez pokrywy 171\u00d7113\u00d777 50 5,760<\/p>","protected":false},"featured_media":239,"comment_status":"open","ping_status":"closed","template":"","meta":[],"product_cat":[15],"product_tag":[],"class_list":["post-238","product","type-product","status-publish","has-post-thumbnail","hentry","product_cat-pakowanie"],"yoast_head":"<!-- This site is optimized with the Yoast SEO plugin v20.12 - https:\/\/yoast.com\/wordpress\/plugins\/seo\/ -->\n<title>Pude\u0142ko z pokrywk\u0105 VORMONTIATED - Novobud<\/title>\n<meta name=\"description\" content=\"Zam\u00f3w u nas Pude\u0142ko z pokrywk\u0105 VORMONTIATED \u27a6NOVOBUD. \u260e +380442779820. technologia element\u00f3w z\u0142\u0105cznych. Czekamy na Ciebie!\" \/>\n<meta name=\"robots\" content=\"index, follow, max-snippet:-1, max-image-preview:large, max-video-preview:-1\" \/>\n<link rel=\"canonical\" href=\"https:\/\/novobud.pl\/en\/product\/pudelko-z-pokrywka-vormontiated\/\" \/>\n<meta property=\"og:locale\" content=\"en_US\" \/>\n<meta property=\"og:type\" content=\"article\" \/>\n<meta property=\"og:title\" content=\"Pude\u0142ko z pokrywk\u0105 VORMONTIATED - Novobud\" \/>\n<meta property=\"og:description\" content=\"Zam\u00f3w u nas Pude\u0142ko z pokrywk\u0105 VORMONTIATED \u27a6NOVOBUD. \u260e +380442779820. technologia element\u00f3w z\u0142\u0105cznych. Czekamy na Ciebie!\" \/>\n<meta property=\"og:url\" content=\"https:\/\/novobud.pl\/en\/product\/pudelko-z-pokrywka-vormontiated\/\" \/>\n<meta property=\"og:site_name\" content=\"Novobud\" \/>\n<meta property=\"article:modified_time\" content=\"2026-01-24T13:49:51+00:00\" \/>\n<meta property=\"og:image\" content=\"https:\/\/novobud.pl\/wp-content\/uploads\/2023\/07\/box.png\" \/>\n\t<meta property=\"og:image:width\" content=\"800\" \/>\n\t<meta property=\"og:image:height\" content=\"600\" \/>\n\t<meta property=\"og:image:type\" content=\"image\/png\" \/>\n<meta name=\"twitter:card\" content=\"summary_large_image\" \/>\n<meta name=\"twitter:label1\" content=\"Est. reading time\" \/>\n\t<meta name=\"twitter:data1\" content=\"1 minute\" \/>\n<script type=\"application\/ld+json\" class=\"yoast-schema-graph\">{\"@context\":\"https:\/\/schema.org\",\"@graph\":[{\"@type\":\"WebPage\",\"@id\":\"https:\/\/novobud.pl\/product\/pudelko-z-pokrywka-vormontiated\/\",\"url\":\"https:\/\/novobud.pl\/product\/pudelko-z-pokrywka-vormontiated\/\",\"name\":\"Pude\u0142ko z pokrywk\u0105 VORMONTIATED - Novobud\",\"isPartOf\":{\"@id\":\"https:\/\/novobud.pl\/#website\"},\"datePublished\":\"2023-07-15T12:03:17+00:00\",\"dateModified\":\"2026-01-24T13:49:51+00:00\",\"description\":\"Zam\u00f3w u nas Pude\u0142ko z pokrywk\u0105 VORMONTIATED \u27a6NOVOBUD. \u260e +380442779820. technologia element\u00f3w z\u0142\u0105cznych. Czekamy na Ciebie!\",\"breadcrumb\":{\"@id\":\"https:\/\/novobud.pl\/product\/pudelko-z-pokrywka-vormontiated\/#breadcrumb\"},\"inLanguage\":\"en-US\",\"potentialAction\":[{\"@type\":\"ReadAction\",\"target\":[\"https:\/\/novobud.pl\/product\/pudelko-z-pokrywka-vormontiated\/\"]}]},{\"@type\":\"BreadcrumbList\",\"@id\":\"https:\/\/novobud.pl\/product\/pudelko-z-pokrywka-vormontiated\/#breadcrumb\",\"itemListElement\":[{\"@type\":\"ListItem\",\"position\":1,\"name\":\"\u0413\u043b\u0430\u0432\u043d\u0430\u044f \u0441\u0442\u0440\u0430\u043d\u0438\u0446\u0430\",\"item\":\"https:\/\/novobud.pl\/\"},{\"@type\":\"ListItem\",\"position\":2,\"name\":\"Shop\",\"item\":\"https:\/\/novobud.pl\/shop\/\"},{\"@type\":\"ListItem\",\"position\":3,\"name\":\"Pude\u0142ko z pokrywk\u0105 VORMONTIATED\"}]},{\"@type\":\"WebSite\",\"@id\":\"https:\/\/novobud.pl\/#website\",\"url\":\"https:\/\/novobud.pl\/\",\"name\":\"Novobud\",\"description\":\"Novobud.pl\",\"potentialAction\":[{\"@type\":\"SearchAction\",\"target\":{\"@type\":\"EntryPoint\",\"urlTemplate\":\"https:\/\/novobud.pl\/?s={search_term_string}\"},\"query-input\":\"required name=search_term_string\"}],\"inLanguage\":\"en-US\"}]}<\/script>\n<!-- \/ Yoast SEO plugin. -->","yoast_head_json":{"title":"Pude\u0142ko z pokrywk\u0105 VORMONTIATED - Novobud","description":"Zam\u00f3w u nas Pude\u0142ko z pokrywk\u0105 VORMONTIATED \u27a6NOVOBUD. \u260e +380442779820. technologia element\u00f3w z\u0142\u0105cznych. Czekamy na Ciebie!","robots":{"index":"index","follow":"follow","max-snippet":"max-snippet:-1","max-image-preview":"max-image-preview:large","max-video-preview":"max-video-preview:-1"},"canonical":"https:\/\/novobud.pl\/en\/product\/pudelko-z-pokrywka-vormontiated\/","og_locale":"en_US","og_type":"article","og_title":"Pude\u0142ko z pokrywk\u0105 VORMONTIATED - Novobud","og_description":"Zam\u00f3w u nas Pude\u0142ko z pokrywk\u0105 VORMONTIATED \u27a6NOVOBUD. \u260e +380442779820. technologia element\u00f3w z\u0142\u0105cznych. Czekamy na Ciebie!","og_url":"https:\/\/novobud.pl\/en\/product\/pudelko-z-pokrywka-vormontiated\/","og_site_name":"Novobud","article_modified_time":"2026-01-24T13:49:51+00:00","og_image":[{"width":800,"height":600,"url":"https:\/\/novobud.pl\/wp-content\/uploads\/2023\/07\/box.png","type":"image\/png"}],"twitter_card":"summary_large_image","twitter_misc":{"Est. reading time":"1 minute"},"schema":{"@context":"https:\/\/schema.org","@graph":[{"@type":"WebPage","@id":"https:\/\/novobud.pl\/product\/pudelko-z-pokrywka-vormontiated\/","url":"https:\/\/novobud.pl\/product\/pudelko-z-pokrywka-vormontiated\/","name":"Pude\u0142ko z pokrywk\u0105 VORMONTIATED - Novobud","isPartOf":{"@id":"https:\/\/novobud.pl\/#website"},"datePublished":"2023-07-15T12:03:17+00:00","dateModified":"2026-01-24T13:49:51+00:00","description":"Zam\u00f3w u nas Pude\u0142ko z pokrywk\u0105 VORMONTIATED \u27a6NOVOBUD. \u260e +380442779820. technologia element\u00f3w z\u0142\u0105cznych. Czekamy na Ciebie!","breadcrumb":{"@id":"https:\/\/novobud.pl\/product\/pudelko-z-pokrywka-vormontiated\/#breadcrumb"},"inLanguage":"en-US","potentialAction":[{"@type":"ReadAction","target":["https:\/\/novobud.pl\/product\/pudelko-z-pokrywka-vormontiated\/"]}]},{"@type":"BreadcrumbList","@id":"https:\/\/novobud.pl\/product\/pudelko-z-pokrywka-vormontiated\/#breadcrumb","itemListElement":[{"@type":"ListItem","position":1,"name":"\u0413\u043b\u0430\u0432\u043d\u0430\u044f \u0441\u0442\u0440\u0430\u043d\u0438\u0446\u0430","item":"https:\/\/novobud.pl\/"},{"@type":"ListItem","position":2,"name":"Shop","item":"https:\/\/novobud.pl\/shop\/"},{"@type":"ListItem","position":3,"name":"Pude\u0142ko z pokrywk\u0105 VORMONTIATED"}]},{"@type":"WebSite","@id":"https:\/\/novobud.pl\/#website","url":"https:\/\/novobud.pl\/","name":"Novobud","description":"Novobud.pl","potentialAction":[{"@type":"SearchAction","target":{"@type":"EntryPoint","urlTemplate":"https:\/\/novobud.pl\/?s={search_term_string}"},"query-input":"required name=search_term_string"}],"inLanguage":"en-US"}]}},"_links":{"self":[{"href":"https:\/\/novobud.pl\/en\/wp-json\/wp\/v2\/product\/238","targetHints":{"allow":["GET"]}}],"collection":[{"href":"https:\/\/novobud.pl\/en\/wp-json\/wp\/v2\/product"}],"about":[{"href":"https:\/\/novobud.pl\/en\/wp-json\/wp\/v2\/types\/product"}],"replies":[{"embeddable":true,"href":"https:\/\/novobud.pl\/en\/wp-json\/wp\/v2\/comments?post=238"}],"wp:featuredmedia":[{"embeddable":true,"href":"https:\/\/novobud.pl\/en\/wp-json\/wp\/v2\/media\/239"}],"wp:attachment":[{"href":"https:\/\/novobud.pl\/en\/wp-json\/wp\/v2\/media?parent=238"}],"wp:term":[{"taxonomy":"product_cat","embeddable":true,"href":"https:\/\/novobud.pl\/en\/wp-json\/wp\/v2\/product_cat?post=238"},{"taxonomy":"product_tag","embeddable":true,"href":"https:\/\/novobud.pl\/en\/wp-json\/wp\/v2\/product_tag?post=238"}],"curies":[{"name":"wp","href":"https:\/\/api.w.org\/{rel}","templated":true}]}}