{"id":251,"date":"2023-07-15T15:33:21","date_gmt":"2023-07-15T12:33:21","guid":{"rendered":"https:\/\/novobud.pl\/?post_type=product&#038;p=251"},"modified":"2025-04-28T15:14:43","modified_gmt":"2025-04-28T12:14:43","slug":"profile-cd-60x27x06","status":"publish","type":"product","link":"https:\/\/novobud.pl\/en\/product\/profile-cd-60x27x06\/","title":{"rendered":"Profile CD 60\u00d727\u00d70,6"},"content":{"rendered":"<p>Materials: galvanized steel<br \/>\nProfile for ceilings and walls in drywall construction<br \/>\nC-shaped cold-formed profile as a base or support profile for suspended ceilings and as a mullion profile for wall cladding.<br \/>\nProperties<\/p>\n<ul>\n<li>Flange width: 60 mm<\/li>\n<li>Headroom: 27 mm<\/li>\n<li>Nominal plate thickness: 0.6 mm<\/li>\n<\/ul>\n<p>Scope of application<br \/>\nFor use as a base or support profile for suspended ceilings or as a stud profile for wall cladding.<\/p>\n<div class=\"table-responsive\">\n<table>\n<thead>\n<tr>\n<th>Article number<\/th>\n<th>Dimension<\/th>\n<th>VPE St<\/th>\n<th>Palette St<\/th>\n<th>Weight kg\/m<\/th>\n<th>Length<\/th>\n<\/tr>\n<\/thead>\n<tbody>\n<tr>\n<td>6027063<\/td>\n<td>60\u00d727\u00d70,6<\/td>\n<td>20<\/td>\n<td>240<\/td>\n<td>3<\/td>\n<td>0,561<\/td>\n<\/tr>\n<tr>\n<td>6027064<\/td>\n<td>60\u00d727\u00d70,6<\/td>\n<td>20<\/td>\n<td>240<\/td>\n<td>4<\/td>\n<td>0,561<\/td>\n<\/tr>\n<\/tbody>\n<\/table>\n<\/div>","protected":false},"excerpt":{"rendered":"<p>Materia\u0142y: stal ocynkowana Profil do sufit\u00f3w i \u015bcian w suchej zabudowie Profil zimnogi\u0119ty w kszta\u0142cie litery C, jako profil bazowy lub no\u015bny sufit\u00f3w podwieszanych oraz jako profil s\u0142upkowy do ok\u0142adzin \u015bciennych. W\u0142a\u015bciwo\u015bci Szeroko\u015b\u0107 ko\u0142nierza: 60 mm Przestrze\u0144 nad g\u0142ow\u0105: 27 mm Nominalna grubo\u015b\u0107 p\u0142yty: 0,6 mm Zakres zastosowania Do stosowania jako profil bazowy lub no\u015bny [&#8230;]","protected":false},"featured_media":252,"comment_status":"open","ping_status":"closed","template":"","meta":[],"product_cat":[32],"product_tag":[],"class_list":["post-251","product","type-product","status-publish","has-post-thumbnail","hentry","product_cat-akcesoria-do-suchej-zabudowy"],"yoast_head":"<!-- This site is optimized with the Yoast SEO plugin v20.12 - https:\/\/yoast.com\/wordpress\/plugins\/seo\/ -->\n<title>Profile CD 60\u00d727\u00d70,6 - Novobud<\/title>\n<meta name=\"description\" content=\"Zam\u00f3w u nas Profile CD 60\u00d727\u00d70,6 \u27a6NOVOBUD. \u260e +380442779820. technologia element\u00f3w z\u0142\u0105cznych. Czekamy na Ciebie!\" \/>\n<meta name=\"robots\" content=\"index, follow, max-snippet:-1, max-image-preview:large, max-video-preview:-1\" \/>\n<link rel=\"canonical\" href=\"https:\/\/novobud.pl\/en\/product\/profile-cd-60x27x06\/\" \/>\n<meta property=\"og:locale\" content=\"en_US\" \/>\n<meta property=\"og:type\" content=\"article\" \/>\n<meta property=\"og:title\" content=\"Profile CD 60\u00d727\u00d70,6 - Novobud\" \/>\n<meta property=\"og:description\" content=\"Zam\u00f3w u nas Profile CD 60\u00d727\u00d70,6 \u27a6NOVOBUD. \u260e +380442779820. technologia element\u00f3w z\u0142\u0105cznych. Czekamy na Ciebie!\" \/>\n<meta property=\"og:url\" content=\"https:\/\/novobud.pl\/en\/product\/profile-cd-60x27x06\/\" \/>\n<meta property=\"og:site_name\" content=\"Novobud\" \/>\n<meta property=\"article:modified_time\" content=\"2025-04-28T12:14:43+00:00\" \/>\n<meta property=\"og:image\" content=\"https:\/\/novobud.pl\/wp-content\/uploads\/2023\/07\/Profile-CD-60\u00d727\u00d706.png\" \/>\n\t<meta property=\"og:image:width\" content=\"800\" \/>\n\t<meta property=\"og:image:height\" content=\"600\" \/>\n\t<meta property=\"og:image:type\" content=\"image\/png\" \/>\n<meta name=\"twitter:card\" content=\"summary_large_image\" \/>\n<meta name=\"twitter:label1\" content=\"Est. reading time\" \/>\n\t<meta name=\"twitter:data1\" content=\"1 minute\" \/>\n<script type=\"application\/ld+json\" class=\"yoast-schema-graph\">{\"@context\":\"https:\/\/schema.org\",\"@graph\":[{\"@type\":\"WebPage\",\"@id\":\"https:\/\/novobud.pl\/product\/profile-cd-60x27x06\/\",\"url\":\"https:\/\/novobud.pl\/product\/profile-cd-60x27x06\/\",\"name\":\"Profile CD 60\u00d727\u00d70,6 - Novobud\",\"isPartOf\":{\"@id\":\"https:\/\/novobud.pl\/#website\"},\"datePublished\":\"2023-07-15T12:33:21+00:00\",\"dateModified\":\"2025-04-28T12:14:43+00:00\",\"description\":\"Zam\u00f3w u nas Profile CD 60\u00d727\u00d70,6 \u27a6NOVOBUD. \u260e +380442779820. technologia element\u00f3w z\u0142\u0105cznych. Czekamy na Ciebie!\",\"breadcrumb\":{\"@id\":\"https:\/\/novobud.pl\/product\/profile-cd-60x27x06\/#breadcrumb\"},\"inLanguage\":\"en-US\",\"potentialAction\":[{\"@type\":\"ReadAction\",\"target\":[\"https:\/\/novobud.pl\/product\/profile-cd-60x27x06\/\"]}]},{\"@type\":\"BreadcrumbList\",\"@id\":\"https:\/\/novobud.pl\/product\/profile-cd-60x27x06\/#breadcrumb\",\"itemListElement\":[{\"@type\":\"ListItem\",\"position\":1,\"name\":\"\u0413\u043b\u0430\u0432\u043d\u0430\u044f \u0441\u0442\u0440\u0430\u043d\u0438\u0446\u0430\",\"item\":\"https:\/\/novobud.pl\/\"},{\"@type\":\"ListItem\",\"position\":2,\"name\":\"Shop\",\"item\":\"https:\/\/novobud.pl\/shop\/\"},{\"@type\":\"ListItem\",\"position\":3,\"name\":\"Profile CD 60\u00d727\u00d70,6\"}]},{\"@type\":\"WebSite\",\"@id\":\"https:\/\/novobud.pl\/#website\",\"url\":\"https:\/\/novobud.pl\/\",\"name\":\"Novobud\",\"description\":\"Novobud.pl\",\"potentialAction\":[{\"@type\":\"SearchAction\",\"target\":{\"@type\":\"EntryPoint\",\"urlTemplate\":\"https:\/\/novobud.pl\/?s={search_term_string}\"},\"query-input\":\"required name=search_term_string\"}],\"inLanguage\":\"en-US\"}]}<\/script>\n<!-- \/ Yoast SEO plugin. -->","yoast_head_json":{"title":"Profile CD 60\u00d727\u00d70,6 - Novobud","description":"Zam\u00f3w u nas Profile CD 60\u00d727\u00d70,6 \u27a6NOVOBUD. \u260e +380442779820. technologia element\u00f3w z\u0142\u0105cznych. Czekamy na Ciebie!","robots":{"index":"index","follow":"follow","max-snippet":"max-snippet:-1","max-image-preview":"max-image-preview:large","max-video-preview":"max-video-preview:-1"},"canonical":"https:\/\/novobud.pl\/en\/product\/profile-cd-60x27x06\/","og_locale":"en_US","og_type":"article","og_title":"Profile CD 60\u00d727\u00d70,6 - Novobud","og_description":"Zam\u00f3w u nas Profile CD 60\u00d727\u00d70,6 \u27a6NOVOBUD. \u260e +380442779820. technologia element\u00f3w z\u0142\u0105cznych. Czekamy na Ciebie!","og_url":"https:\/\/novobud.pl\/en\/product\/profile-cd-60x27x06\/","og_site_name":"Novobud","article_modified_time":"2025-04-28T12:14:43+00:00","og_image":[{"width":800,"height":600,"url":"https:\/\/novobud.pl\/wp-content\/uploads\/2023\/07\/Profile-CD-60\u00d727\u00d706.png","type":"image\/png"}],"twitter_card":"summary_large_image","twitter_misc":{"Est. reading time":"1 minute"},"schema":{"@context":"https:\/\/schema.org","@graph":[{"@type":"WebPage","@id":"https:\/\/novobud.pl\/product\/profile-cd-60x27x06\/","url":"https:\/\/novobud.pl\/product\/profile-cd-60x27x06\/","name":"Profile CD 60\u00d727\u00d70,6 - Novobud","isPartOf":{"@id":"https:\/\/novobud.pl\/#website"},"datePublished":"2023-07-15T12:33:21+00:00","dateModified":"2025-04-28T12:14:43+00:00","description":"Zam\u00f3w u nas Profile CD 60\u00d727\u00d70,6 \u27a6NOVOBUD. \u260e +380442779820. technologia element\u00f3w z\u0142\u0105cznych. Czekamy na Ciebie!","breadcrumb":{"@id":"https:\/\/novobud.pl\/product\/profile-cd-60x27x06\/#breadcrumb"},"inLanguage":"en-US","potentialAction":[{"@type":"ReadAction","target":["https:\/\/novobud.pl\/product\/profile-cd-60x27x06\/"]}]},{"@type":"BreadcrumbList","@id":"https:\/\/novobud.pl\/product\/profile-cd-60x27x06\/#breadcrumb","itemListElement":[{"@type":"ListItem","position":1,"name":"\u0413\u043b\u0430\u0432\u043d\u0430\u044f \u0441\u0442\u0440\u0430\u043d\u0438\u0446\u0430","item":"https:\/\/novobud.pl\/"},{"@type":"ListItem","position":2,"name":"Shop","item":"https:\/\/novobud.pl\/shop\/"},{"@type":"ListItem","position":3,"name":"Profile CD 60\u00d727\u00d70,6"}]},{"@type":"WebSite","@id":"https:\/\/novobud.pl\/#website","url":"https:\/\/novobud.pl\/","name":"Novobud","description":"Novobud.pl","potentialAction":[{"@type":"SearchAction","target":{"@type":"EntryPoint","urlTemplate":"https:\/\/novobud.pl\/?s={search_term_string}"},"query-input":"required name=search_term_string"}],"inLanguage":"en-US"}]}},"_links":{"self":[{"href":"https:\/\/novobud.pl\/en\/wp-json\/wp\/v2\/product\/251","targetHints":{"allow":["GET"]}}],"collection":[{"href":"https:\/\/novobud.pl\/en\/wp-json\/wp\/v2\/product"}],"about":[{"href":"https:\/\/novobud.pl\/en\/wp-json\/wp\/v2\/types\/product"}],"replies":[{"embeddable":true,"href":"https:\/\/novobud.pl\/en\/wp-json\/wp\/v2\/comments?post=251"}],"wp:featuredmedia":[{"embeddable":true,"href":"https:\/\/novobud.pl\/en\/wp-json\/wp\/v2\/media\/252"}],"wp:attachment":[{"href":"https:\/\/novobud.pl\/en\/wp-json\/wp\/v2\/media?parent=251"}],"wp:term":[{"taxonomy":"product_cat","embeddable":true,"href":"https:\/\/novobud.pl\/en\/wp-json\/wp\/v2\/product_cat?post=251"},{"taxonomy":"product_tag","embeddable":true,"href":"https:\/\/novobud.pl\/en\/wp-json\/wp\/v2\/product_tag?post=251"}],"curies":[{"name":"wp","href":"https:\/\/api.w.org\/{rel}","templated":true}]}}