{"id":256,"date":"2023-07-15T18:15:19","date_gmt":"2023-07-15T15:15:19","guid":{"rendered":"https:\/\/novobud.pl\/?post_type=product&#038;p=256"},"modified":"2026-01-24T16:50:07","modified_gmt":"2026-01-24T13:50:07","slug":"bezposredni-wieszak","status":"publish","type":"product","link":"https:\/\/novobud.pl\/en\/product\/bezposredni-wieszak\/","title":{"rendered":"Direct Hanger"},"content":{"rendered":"<p>For fixing the supporting structure of suspended ceilings and wall cladding.<\/p>\n<p>Direct swing hanger is a hanger made of steel sheet with a load capacity of 0.40 kN for fixing the supporting structure of suspended ceilings and wall cladding.<\/p>\n<p><strong>Properties<\/strong><\/p>\n<ul>\n<li>Almost no loss of space if needed thanks to the suspended ceiling<\/li>\n<li>Easy installation of profiles<\/li>\n<li>Minimum suspension height combined with maximum height compensation<\/li>\n<li>Suspension height: 15-350 mm<\/li>\n<\/ul>\n<p><strong>Scope of application<\/strong><\/p>\n<p>With the direct suspension system, a minimum suspension height of at least 15 mm can be achieved. At the same time, the direct suspension allows large tolerances in height compensation for irregular substrates. Depending on the variant, suspension\/mounting of CD 60\/27 profiles or wooden slats.<\/p>\n<p>Materials: galvanized steel<\/p>\n<div class=\"table-responsive\">\n<table width=\"703\">\n<tbody>\n<tr>\n<td width=\"140\"><strong>Article number<\/strong><\/td>\n<td width=\"105\"><strong>Benenunng<\/strong><\/td>\n<td width=\"64\"><strong>A\u00a0\u00a0 mm<\/strong><\/td>\n<td width=\"62\"><strong>H\u00a0 mm<\/strong><\/td>\n<td width=\"63\"><strong>h\u00a0 mm<\/strong><\/td>\n<td width=\"114\"><strong>Maximum load<\/strong><\/p>\n<p><strong>F<\/strong><\/td>\n<td width=\"69\"><strong>VPE<\/strong><\/p>\n<p><strong>St<\/strong><\/td>\n<td width=\"87\"><strong>VPE<\/strong><\/p>\n<p><strong>Kg<\/strong><\/td>\n<\/tr>\n<tr>\n<td width=\"140\">2842909<\/td>\n<td width=\"105\">D-A<\/td>\n<td width=\"64\">284<\/td>\n<td width=\"62\">29<\/td>\n<td width=\"63\">0.9<\/td>\n<td width=\"114\"><strong>400N<\/strong><\/td>\n<td width=\"69\">500<\/td>\n<td width=\"87\">25,50<\/td>\n<\/tr>\n<tr>\n<td width=\"140\">3103009<\/td>\n<td width=\"105\">D-A<\/td>\n<td width=\"64\">310<\/td>\n<td width=\"62\">30<\/td>\n<td width=\"63\">0.9<\/td>\n<td width=\"114\"><strong>400N<\/strong><\/td>\n<td width=\"69\">500<\/td>\n<td width=\"87\">28,00<\/td>\n<\/tr>\n<tr>\n<td width=\"140\">4003009<\/td>\n<td width=\"105\">D-A<\/td>\n<td width=\"64\">400<\/td>\n<td width=\"62\">30<\/td>\n<td width=\"63\">0.9<\/td>\n<td width=\"114\"><strong>400N<\/strong><\/td>\n<td width=\"69\">100<\/td>\n<td width=\"87\">7,460<\/td>\n<\/tr>\n<tr>\n<td width=\"140\">5603009<\/td>\n<td width=\"105\">D-A<\/td>\n<td width=\"64\">560<\/td>\n<td width=\"62\">30<\/td>\n<td width=\"63\">0.9<\/td>\n<td width=\"114\"><strong>400N<\/strong><\/td>\n<td width=\"69\">50<\/td>\n<td width=\"87\">5,50<\/td>\n<\/tr>\n<tr>\n<td width=\"140\">7103009<\/td>\n<td width=\"105\">D-A<\/td>\n<td width=\"64\">760<\/td>\n<td width=\"62\">30<\/td>\n<td width=\"63\">0.9<\/td>\n<td width=\"114\"><strong>400N<\/strong><\/td>\n<td width=\"69\">50<\/td>\n<td width=\"87\">8,00<\/td>\n<\/tr>\n<tr>\n<td width=\"140\">0003009<\/td>\n<td width=\"105\">D-A<\/td>\n<td width=\"64\">&amp;<\/td>\n<td width=\"62\">30<\/td>\n<td width=\"63\">0.9<\/td>\n<td width=\"114\"><strong>400N<\/strong><\/td>\n<td width=\"69\"><\/td>\n<td width=\"87\"><\/td>\n<\/tr>\n<tr>\n<td width=\"140\">2502909<\/td>\n<td width=\"105\">D-AK<\/td>\n<td width=\"64\">250<\/td>\n<td width=\"62\">29<\/td>\n<td width=\"63\">0.9<\/td>\n<td width=\"114\"><strong>400N<\/strong><\/td>\n<td width=\"69\">300<\/td>\n<td width=\"87\">13,56<\/td>\n<\/tr>\n<\/tbody>\n<\/table>\n<\/div>\n<p>&amp; - length can be customized upon request. \u00a0This order is available from 1000 pieces.<\/p>","protected":false},"excerpt":{"rendered":"<p>Do mocowania konstrukcji no\u015bnej sufit\u00f3w podwieszanych i ok\u0142adzin \u015bciennych. Wieszak wahad\u0142owy bezpo\u015bredni to wieszak wykonany z blachy stalowej o no\u015bno\u015bci 0,40 kN do mocowania konstrukcji no\u015bnej sufit\u00f3w podwieszanych i ok\u0142adzin \u015bciennych. W\u0142a\u015bciwo\u015bci W razie potrzeby prawie bez utraty przestrzeni dzi\u0119ki podwieszanemu sufitowi Prosty monta\u017c profili Minimalna wysoko\u015b\u0107 zawieszenia w po\u0142\u0105czeniu z maksymaln\u0105 kompensacj\u0105 wysoko\u015bci Wysoko\u015b\u0107 [&#8230;]","protected":false},"featured_media":257,"comment_status":"open","ping_status":"closed","template":"","meta":[],"product_cat":[32],"product_tag":[],"class_list":["post-256","product","type-product","status-publish","has-post-thumbnail","hentry","product_cat-akcesoria-do-suchej-zabudowy"],"yoast_head":"<!-- This site is optimized with the Yoast SEO plugin v20.12 - https:\/\/yoast.com\/wordpress\/plugins\/seo\/ -->\n<title>Bezpo\u015bredni wieszak - Novobud<\/title>\n<meta name=\"description\" content=\"Zam\u00f3w u nas Bezpo\u015bredni wieszak \u27a6NOVOBUD. \u260e +380442779820. technologia element\u00f3w z\u0142\u0105cznych. Czekamy na Ciebie!\" \/>\n<meta name=\"robots\" content=\"index, follow, max-snippet:-1, max-image-preview:large, max-video-preview:-1\" \/>\n<link rel=\"canonical\" href=\"https:\/\/novobud.pl\/en\/product\/bezposredni-wieszak\/\" \/>\n<meta property=\"og:locale\" content=\"en_US\" \/>\n<meta property=\"og:type\" content=\"article\" \/>\n<meta property=\"og:title\" content=\"Bezpo\u015bredni wieszak - Novobud\" \/>\n<meta property=\"og:description\" content=\"Zam\u00f3w u nas Bezpo\u015bredni wieszak \u27a6NOVOBUD. \u260e +380442779820. technologia element\u00f3w z\u0142\u0105cznych. Czekamy na Ciebie!\" \/>\n<meta property=\"og:url\" content=\"https:\/\/novobud.pl\/en\/product\/bezposredni-wieszak\/\" \/>\n<meta property=\"og:site_name\" content=\"Novobud\" \/>\n<meta property=\"article:modified_time\" content=\"2026-01-24T13:50:07+00:00\" \/>\n<meta property=\"og:image\" content=\"https:\/\/novobud.pl\/wp-content\/uploads\/2023\/07\/Direktabhaenger-1.png\" \/>\n\t<meta property=\"og:image:width\" content=\"800\" \/>\n\t<meta property=\"og:image:height\" content=\"600\" \/>\n\t<meta property=\"og:image:type\" content=\"image\/png\" \/>\n<meta name=\"twitter:card\" content=\"summary_large_image\" \/>\n<meta name=\"twitter:label1\" content=\"Est. reading time\" \/>\n\t<meta name=\"twitter:data1\" content=\"2 minutes\" \/>\n<script type=\"application\/ld+json\" class=\"yoast-schema-graph\">{\"@context\":\"https:\/\/schema.org\",\"@graph\":[{\"@type\":\"WebPage\",\"@id\":\"https:\/\/novobud.pl\/product\/bezposredni-wieszak\/\",\"url\":\"https:\/\/novobud.pl\/product\/bezposredni-wieszak\/\",\"name\":\"Bezpo\u015bredni wieszak - Novobud\",\"isPartOf\":{\"@id\":\"https:\/\/novobud.pl\/#website\"},\"datePublished\":\"2023-07-15T15:15:19+00:00\",\"dateModified\":\"2026-01-24T13:50:07+00:00\",\"description\":\"Zam\u00f3w u nas Bezpo\u015bredni wieszak \u27a6NOVOBUD. \u260e +380442779820. technologia element\u00f3w z\u0142\u0105cznych. Czekamy na Ciebie!\",\"breadcrumb\":{\"@id\":\"https:\/\/novobud.pl\/product\/bezposredni-wieszak\/#breadcrumb\"},\"inLanguage\":\"en-US\",\"potentialAction\":[{\"@type\":\"ReadAction\",\"target\":[\"https:\/\/novobud.pl\/product\/bezposredni-wieszak\/\"]}]},{\"@type\":\"BreadcrumbList\",\"@id\":\"https:\/\/novobud.pl\/product\/bezposredni-wieszak\/#breadcrumb\",\"itemListElement\":[{\"@type\":\"ListItem\",\"position\":1,\"name\":\"\u0413\u043b\u0430\u0432\u043d\u0430\u044f \u0441\u0442\u0440\u0430\u043d\u0438\u0446\u0430\",\"item\":\"https:\/\/novobud.pl\/\"},{\"@type\":\"ListItem\",\"position\":2,\"name\":\"Shop\",\"item\":\"https:\/\/novobud.pl\/shop\/\"},{\"@type\":\"ListItem\",\"position\":3,\"name\":\"Bezpo\u015bredni wieszak\"}]},{\"@type\":\"WebSite\",\"@id\":\"https:\/\/novobud.pl\/#website\",\"url\":\"https:\/\/novobud.pl\/\",\"name\":\"Novobud\",\"description\":\"Novobud.pl\",\"potentialAction\":[{\"@type\":\"SearchAction\",\"target\":{\"@type\":\"EntryPoint\",\"urlTemplate\":\"https:\/\/novobud.pl\/?s={search_term_string}\"},\"query-input\":\"required name=search_term_string\"}],\"inLanguage\":\"en-US\"}]}<\/script>\n<!-- \/ Yoast SEO plugin. -->","yoast_head_json":{"title":"Bezpo\u015bredni wieszak - Novobud","description":"Zam\u00f3w u nas Bezpo\u015bredni wieszak \u27a6NOVOBUD. \u260e +380442779820. technologia element\u00f3w z\u0142\u0105cznych. Czekamy na Ciebie!","robots":{"index":"index","follow":"follow","max-snippet":"max-snippet:-1","max-image-preview":"max-image-preview:large","max-video-preview":"max-video-preview:-1"},"canonical":"https:\/\/novobud.pl\/en\/product\/bezposredni-wieszak\/","og_locale":"en_US","og_type":"article","og_title":"Bezpo\u015bredni wieszak - Novobud","og_description":"Zam\u00f3w u nas Bezpo\u015bredni wieszak \u27a6NOVOBUD. \u260e +380442779820. technologia element\u00f3w z\u0142\u0105cznych. Czekamy na Ciebie!","og_url":"https:\/\/novobud.pl\/en\/product\/bezposredni-wieszak\/","og_site_name":"Novobud","article_modified_time":"2026-01-24T13:50:07+00:00","og_image":[{"width":800,"height":600,"url":"https:\/\/novobud.pl\/wp-content\/uploads\/2023\/07\/Direktabhaenger-1.png","type":"image\/png"}],"twitter_card":"summary_large_image","twitter_misc":{"Est. reading time":"2 minutes"},"schema":{"@context":"https:\/\/schema.org","@graph":[{"@type":"WebPage","@id":"https:\/\/novobud.pl\/product\/bezposredni-wieszak\/","url":"https:\/\/novobud.pl\/product\/bezposredni-wieszak\/","name":"Bezpo\u015bredni wieszak - Novobud","isPartOf":{"@id":"https:\/\/novobud.pl\/#website"},"datePublished":"2023-07-15T15:15:19+00:00","dateModified":"2026-01-24T13:50:07+00:00","description":"Zam\u00f3w u nas Bezpo\u015bredni wieszak \u27a6NOVOBUD. \u260e +380442779820. technologia element\u00f3w z\u0142\u0105cznych. Czekamy na Ciebie!","breadcrumb":{"@id":"https:\/\/novobud.pl\/product\/bezposredni-wieszak\/#breadcrumb"},"inLanguage":"en-US","potentialAction":[{"@type":"ReadAction","target":["https:\/\/novobud.pl\/product\/bezposredni-wieszak\/"]}]},{"@type":"BreadcrumbList","@id":"https:\/\/novobud.pl\/product\/bezposredni-wieszak\/#breadcrumb","itemListElement":[{"@type":"ListItem","position":1,"name":"\u0413\u043b\u0430\u0432\u043d\u0430\u044f \u0441\u0442\u0440\u0430\u043d\u0438\u0446\u0430","item":"https:\/\/novobud.pl\/"},{"@type":"ListItem","position":2,"name":"Shop","item":"https:\/\/novobud.pl\/shop\/"},{"@type":"ListItem","position":3,"name":"Bezpo\u015bredni wieszak"}]},{"@type":"WebSite","@id":"https:\/\/novobud.pl\/#website","url":"https:\/\/novobud.pl\/","name":"Novobud","description":"Novobud.pl","potentialAction":[{"@type":"SearchAction","target":{"@type":"EntryPoint","urlTemplate":"https:\/\/novobud.pl\/?s={search_term_string}"},"query-input":"required name=search_term_string"}],"inLanguage":"en-US"}]}},"_links":{"self":[{"href":"https:\/\/novobud.pl\/en\/wp-json\/wp\/v2\/product\/256","targetHints":{"allow":["GET"]}}],"collection":[{"href":"https:\/\/novobud.pl\/en\/wp-json\/wp\/v2\/product"}],"about":[{"href":"https:\/\/novobud.pl\/en\/wp-json\/wp\/v2\/types\/product"}],"replies":[{"embeddable":true,"href":"https:\/\/novobud.pl\/en\/wp-json\/wp\/v2\/comments?post=256"}],"wp:featuredmedia":[{"embeddable":true,"href":"https:\/\/novobud.pl\/en\/wp-json\/wp\/v2\/media\/257"}],"wp:attachment":[{"href":"https:\/\/novobud.pl\/en\/wp-json\/wp\/v2\/media?parent=256"}],"wp:term":[{"taxonomy":"product_cat","embeddable":true,"href":"https:\/\/novobud.pl\/en\/wp-json\/wp\/v2\/product_cat?post=256"},{"taxonomy":"product_tag","embeddable":true,"href":"https:\/\/novobud.pl\/en\/wp-json\/wp\/v2\/product_tag?post=256"}],"curies":[{"name":"wp","href":"https:\/\/api.w.org\/{rel}","templated":true}]}}