{"id":260,"date":"2023-07-15T18:29:03","date_gmt":"2023-07-15T15:29:03","guid":{"rendered":"https:\/\/novobud.pl\/?post_type=product&#038;p=260"},"modified":"2025-04-01T19:36:15","modified_gmt":"2025-04-01T16:36:15","slug":"bezposredni-wieszak-antywibracyjny-z-fabrycznie-zamontowana-redukcja-halasu","status":"publish","type":"product","link":"https:\/\/novobud.pl\/en\/product\/bezposredni-wieszak-antywibracyjny-z-fabrycznie-zamontowana-redukcja-halasu\/","title":{"rendered":"Direct anti-vibration hanger with factory-installed noise reduction"},"content":{"rendered":"<p>For acoustically decoupled attachment of the supporting structure of suspended ceilings and wall cladding.<\/p>\n<p>Direct swing hanger is an acoustically decoupled hanger made of steel sheet with a load capacity of 0.40 kN for fixing the supporting structure of suspended ceilings and wall cladding.<\/p>\n<p><strong>Properties<\/strong><\/p>\n<ul>\n<li>Acoustic decoupling<\/li>\n<li>Almost no loss of space if needed thanks to the suspended ceiling<\/li>\n<li>Easy installation of profiles<\/li>\n<li>Minimum suspension height combined with maximum height compensation<\/li>\n<li>Suspension height: 15-350 mm<\/li>\n<\/ul>\n<p><strong>Scope of application<\/strong><\/p>\n<p>With direct pendulum suspension, a minimum suspension height of at least 15 mm can be achieved. At the same time, the direct pendulum suspension allows large tolerances in height compensation for irregular substrates. Depending on the variant, for acoustically decoupled suspension\/mounting of CD 60\/27 profiles or wooden slats.<\/p>\n<p>Materials: galvanized steel<\/p>\n<p>Temperature resistance -40 - 110 \u00b0C<\/p>\n<p>Hardness of insulating material 60\u00b0 \u00b15\u00b0 Shore A<\/p>\n<p>Noise reduction 14 dB (A)<\/p>\n<div class=\"table-responsive\">\n<table width=\"703\">\n<tbody>\n<tr>\n<td width=\"140\"><strong>Article number<\/strong><\/td>\n<td width=\"105\"><strong>Benenunng<\/strong><\/td>\n<td width=\"64\"><strong>A\u00a0\u00a0 mm<\/strong><\/td>\n<td width=\"62\"><strong>H\u00a0 mm<\/strong><\/td>\n<td width=\"63\"><strong>h\u00a0 mm<\/strong><\/td>\n<td width=\"114\"><strong>Maximum load<\/strong><\/p>\n<p><strong>F<\/strong><\/td>\n<td width=\"69\"><strong>VPE<\/strong><\/p>\n<p><strong>St<\/strong><\/td>\n<td width=\"87\"><strong>VPE<\/strong><\/p>\n<p><strong>Kg<\/strong><\/td>\n<\/tr>\n<tr>\n<td width=\"140\">02842909<\/td>\n<td width=\"105\">DSW-A<\/td>\n<td width=\"64\">284<\/td>\n<td width=\"62\">29<\/td>\n<td width=\"63\">0,9<\/td>\n<td width=\"114\"><strong>400N<\/strong><\/td>\n<td width=\"69\">5<\/td>\n<td width=\"87\">0,300<\/td>\n<\/tr>\n<tr>\n<td width=\"140\">03103009<\/td>\n<td width=\"105\">DSW-A<\/td>\n<td width=\"64\">310<\/td>\n<td width=\"62\">30<\/td>\n<td width=\"63\">0,9<\/td>\n<td width=\"114\"><strong>400N<\/strong><\/td>\n<td width=\"69\">5<\/td>\n<td width=\"87\">0,340<\/td>\n<\/tr>\n<tr>\n<td width=\"140\">04003009<\/td>\n<td width=\"105\">DSW-A<\/td>\n<td width=\"64\">400<\/td>\n<td width=\"62\">30<\/td>\n<td width=\"63\">0,9<\/td>\n<td width=\"114\"><strong>400N<\/strong><\/td>\n<td width=\"69\">5<\/td>\n<td width=\"87\">0,430<\/td>\n<\/tr>\n<tr>\n<td width=\"140\">05603009<\/td>\n<td width=\"105\">DSW-A<\/td>\n<td width=\"64\">560<\/td>\n<td width=\"62\">30<\/td>\n<td width=\"63\">0,9<\/td>\n<td width=\"114\"><strong>400N<\/strong><\/td>\n<td width=\"69\">1<\/td>\n<td width=\"87\">0,120<\/td>\n<\/tr>\n<tr>\n<td width=\"140\">07103009<\/td>\n<td width=\"105\">DSW-A<\/td>\n<td width=\"64\">760<\/td>\n<td width=\"62\">30<\/td>\n<td width=\"63\">0,9<\/td>\n<td width=\"114\"><strong>400N<\/strong><\/td>\n<td width=\"69\">1<\/td>\n<td width=\"87\">0,170<\/td>\n<\/tr>\n<tr>\n<td width=\"140\">00003009<\/td>\n<td width=\"105\">DSW-A<\/td>\n<td width=\"64\">&amp;<\/td>\n<td width=\"62\">30<\/td>\n<td width=\"63\">0,9<\/td>\n<td width=\"114\"><strong>400N<\/strong><\/td>\n<td width=\"69\">1<\/td>\n<td width=\"87\"><\/td>\n<\/tr>\n<tr>\n<td width=\"140\">02502909<\/td>\n<td width=\"105\">DSW-AK<\/td>\n<td width=\"64\">250<\/td>\n<td width=\"62\">29<\/td>\n<td width=\"63\">0,9<\/td>\n<td width=\"114\"><strong>400N<\/strong><\/td>\n<td width=\"69\">5<\/td>\n<td width=\"87\">0,280<\/td>\n<\/tr>\n<\/tbody>\n<\/table>\n<\/div>\n<p>&amp; - length can be customized upon request.\u00a0 This order is available from 1000 pieces.<\/p>","protected":false},"excerpt":{"rendered":"<p>Do odsprz\u0119\u017conego akustycznie mocowania konstrukcji no\u015bnej sufit\u00f3w podwieszanych i ok\u0142adzin \u015bciennych. Wieszak direct swing to odsprz\u0119\u017cony akustycznie wieszak wykonany z blachy stalowej o no\u015bno\u015bci 0,40 kN do mocowania konstrukcji no\u015bnej sufit\u00f3w podwieszanych i ok\u0142adzin \u015bciennych. W\u0142a\u015bciwo\u015bci Odsprz\u0119ganie akustyczne W razie potrzeby prawie bez utraty przestrzeni dzi\u0119ki podwieszanemu sufitowi Prosty monta\u017c profili Minimalna wysoko\u015b\u0107 zawieszenia w [&#8230;]","protected":false},"featured_media":262,"comment_status":"open","ping_status":"closed","template":"","meta":[],"product_cat":[32],"product_tag":[],"class_list":["post-260","product","type-product","status-publish","has-post-thumbnail","hentry","product_cat-akcesoria-do-suchej-zabudowy"],"yoast_head":"<!-- This site is optimized with the Yoast SEO plugin v20.12 - https:\/\/yoast.com\/wordpress\/plugins\/seo\/ -->\n<title>Bezpo\u015bredni wieszak antywibracyjny z fabrycznie zamontowan\u0105 redukcj\u0105 ha\u0142asu - Novobud<\/title>\n<meta name=\"description\" content=\"Zam\u00f3w u nas Bezpo\u015bredni wieszak antywibracyjny z fabrycznie zamontowan\u0105 redukcj\u0105 ha\u0142asu \u27a6NOVOBUD. \u260e +380442779820. technologia element\u00f3w z\u0142\u0105cznych. Czekamy na Ciebie!\" \/>\n<meta name=\"robots\" content=\"index, follow, max-snippet:-1, max-image-preview:large, max-video-preview:-1\" \/>\n<link rel=\"canonical\" href=\"https:\/\/novobud.pl\/en\/product\/bezposredni-wieszak-antywibracyjny-z-fabrycznie-zamontowana-redukcja-halasu\/\" \/>\n<meta property=\"og:locale\" content=\"en_US\" \/>\n<meta property=\"og:type\" content=\"article\" \/>\n<meta property=\"og:title\" content=\"Bezpo\u015bredni wieszak antywibracyjny z fabrycznie zamontowan\u0105 redukcj\u0105 ha\u0142asu - Novobud\" \/>\n<meta property=\"og:description\" content=\"Zam\u00f3w u nas Bezpo\u015bredni wieszak antywibracyjny z fabrycznie zamontowan\u0105 redukcj\u0105 ha\u0142asu \u27a6NOVOBUD. \u260e +380442779820. technologia element\u00f3w z\u0142\u0105cznych. Czekamy na Ciebie!\" \/>\n<meta property=\"og:url\" content=\"https:\/\/novobud.pl\/en\/product\/bezposredni-wieszak-antywibracyjny-z-fabrycznie-zamontowana-redukcja-halasu\/\" \/>\n<meta property=\"og:site_name\" content=\"Novobud\" \/>\n<meta property=\"article:modified_time\" content=\"2025-04-01T16:36:15+00:00\" \/>\n<meta property=\"og:image\" content=\"https:\/\/novobud.pl\/wp-content\/uploads\/2023\/07\/Direktschwingabhaenger-mit-Geraeuschminderung-vormontiert.png\" \/>\n\t<meta property=\"og:image:width\" content=\"800\" \/>\n\t<meta property=\"og:image:height\" content=\"600\" \/>\n\t<meta property=\"og:image:type\" content=\"image\/png\" \/>\n<meta name=\"twitter:card\" content=\"summary_large_image\" \/>\n<meta name=\"twitter:label1\" content=\"Est. reading time\" \/>\n\t<meta name=\"twitter:data1\" content=\"2 minutes\" \/>\n<script type=\"application\/ld+json\" class=\"yoast-schema-graph\">{\"@context\":\"https:\/\/schema.org\",\"@graph\":[{\"@type\":\"WebPage\",\"@id\":\"https:\/\/novobud.pl\/product\/bezposredni-wieszak-antywibracyjny-z-fabrycznie-zamontowana-redukcja-halasu\/\",\"url\":\"https:\/\/novobud.pl\/product\/bezposredni-wieszak-antywibracyjny-z-fabrycznie-zamontowana-redukcja-halasu\/\",\"name\":\"Bezpo\u015bredni wieszak antywibracyjny z fabrycznie zamontowan\u0105 redukcj\u0105 ha\u0142asu - Novobud\",\"isPartOf\":{\"@id\":\"https:\/\/novobud.pl\/#website\"},\"datePublished\":\"2023-07-15T15:29:03+00:00\",\"dateModified\":\"2025-04-01T16:36:15+00:00\",\"description\":\"Zam\u00f3w u nas Bezpo\u015bredni wieszak antywibracyjny z fabrycznie zamontowan\u0105 redukcj\u0105 ha\u0142asu \u27a6NOVOBUD. \u260e +380442779820. technologia element\u00f3w z\u0142\u0105cznych. Czekamy na Ciebie!\",\"breadcrumb\":{\"@id\":\"https:\/\/novobud.pl\/product\/bezposredni-wieszak-antywibracyjny-z-fabrycznie-zamontowana-redukcja-halasu\/#breadcrumb\"},\"inLanguage\":\"en-US\",\"potentialAction\":[{\"@type\":\"ReadAction\",\"target\":[\"https:\/\/novobud.pl\/product\/bezposredni-wieszak-antywibracyjny-z-fabrycznie-zamontowana-redukcja-halasu\/\"]}]},{\"@type\":\"BreadcrumbList\",\"@id\":\"https:\/\/novobud.pl\/product\/bezposredni-wieszak-antywibracyjny-z-fabrycznie-zamontowana-redukcja-halasu\/#breadcrumb\",\"itemListElement\":[{\"@type\":\"ListItem\",\"position\":1,\"name\":\"\u0413\u043b\u0430\u0432\u043d\u0430\u044f \u0441\u0442\u0440\u0430\u043d\u0438\u0446\u0430\",\"item\":\"https:\/\/novobud.pl\/\"},{\"@type\":\"ListItem\",\"position\":2,\"name\":\"Shop\",\"item\":\"https:\/\/novobud.pl\/shop\/\"},{\"@type\":\"ListItem\",\"position\":3,\"name\":\"Bezpo\u015bredni wieszak antywibracyjny z fabrycznie zamontowan\u0105 redukcj\u0105 ha\u0142asu\"}]},{\"@type\":\"WebSite\",\"@id\":\"https:\/\/novobud.pl\/#website\",\"url\":\"https:\/\/novobud.pl\/\",\"name\":\"Novobud\",\"description\":\"Novobud.pl\",\"potentialAction\":[{\"@type\":\"SearchAction\",\"target\":{\"@type\":\"EntryPoint\",\"urlTemplate\":\"https:\/\/novobud.pl\/?s={search_term_string}\"},\"query-input\":\"required name=search_term_string\"}],\"inLanguage\":\"en-US\"}]}<\/script>\n<!-- \/ Yoast SEO plugin. -->","yoast_head_json":{"title":"Bezpo\u015bredni wieszak antywibracyjny z fabrycznie zamontowan\u0105 redukcj\u0105 ha\u0142asu - Novobud","description":"Zam\u00f3w u nas Bezpo\u015bredni wieszak antywibracyjny z fabrycznie zamontowan\u0105 redukcj\u0105 ha\u0142asu \u27a6NOVOBUD. \u260e +380442779820. technologia element\u00f3w z\u0142\u0105cznych. Czekamy na Ciebie!","robots":{"index":"index","follow":"follow","max-snippet":"max-snippet:-1","max-image-preview":"max-image-preview:large","max-video-preview":"max-video-preview:-1"},"canonical":"https:\/\/novobud.pl\/en\/product\/bezposredni-wieszak-antywibracyjny-z-fabrycznie-zamontowana-redukcja-halasu\/","og_locale":"en_US","og_type":"article","og_title":"Bezpo\u015bredni wieszak antywibracyjny z fabrycznie zamontowan\u0105 redukcj\u0105 ha\u0142asu - Novobud","og_description":"Zam\u00f3w u nas Bezpo\u015bredni wieszak antywibracyjny z fabrycznie zamontowan\u0105 redukcj\u0105 ha\u0142asu \u27a6NOVOBUD. \u260e +380442779820. technologia element\u00f3w z\u0142\u0105cznych. Czekamy na Ciebie!","og_url":"https:\/\/novobud.pl\/en\/product\/bezposredni-wieszak-antywibracyjny-z-fabrycznie-zamontowana-redukcja-halasu\/","og_site_name":"Novobud","article_modified_time":"2025-04-01T16:36:15+00:00","og_image":[{"width":800,"height":600,"url":"https:\/\/novobud.pl\/wp-content\/uploads\/2023\/07\/Direktschwingabhaenger-mit-Geraeuschminderung-vormontiert.png","type":"image\/png"}],"twitter_card":"summary_large_image","twitter_misc":{"Est. reading time":"2 minutes"},"schema":{"@context":"https:\/\/schema.org","@graph":[{"@type":"WebPage","@id":"https:\/\/novobud.pl\/product\/bezposredni-wieszak-antywibracyjny-z-fabrycznie-zamontowana-redukcja-halasu\/","url":"https:\/\/novobud.pl\/product\/bezposredni-wieszak-antywibracyjny-z-fabrycznie-zamontowana-redukcja-halasu\/","name":"Bezpo\u015bredni wieszak antywibracyjny z fabrycznie zamontowan\u0105 redukcj\u0105 ha\u0142asu - Novobud","isPartOf":{"@id":"https:\/\/novobud.pl\/#website"},"datePublished":"2023-07-15T15:29:03+00:00","dateModified":"2025-04-01T16:36:15+00:00","description":"Zam\u00f3w u nas Bezpo\u015bredni wieszak antywibracyjny z fabrycznie zamontowan\u0105 redukcj\u0105 ha\u0142asu \u27a6NOVOBUD. \u260e +380442779820. technologia element\u00f3w z\u0142\u0105cznych. Czekamy na Ciebie!","breadcrumb":{"@id":"https:\/\/novobud.pl\/product\/bezposredni-wieszak-antywibracyjny-z-fabrycznie-zamontowana-redukcja-halasu\/#breadcrumb"},"inLanguage":"en-US","potentialAction":[{"@type":"ReadAction","target":["https:\/\/novobud.pl\/product\/bezposredni-wieszak-antywibracyjny-z-fabrycznie-zamontowana-redukcja-halasu\/"]}]},{"@type":"BreadcrumbList","@id":"https:\/\/novobud.pl\/product\/bezposredni-wieszak-antywibracyjny-z-fabrycznie-zamontowana-redukcja-halasu\/#breadcrumb","itemListElement":[{"@type":"ListItem","position":1,"name":"\u0413\u043b\u0430\u0432\u043d\u0430\u044f \u0441\u0442\u0440\u0430\u043d\u0438\u0446\u0430","item":"https:\/\/novobud.pl\/"},{"@type":"ListItem","position":2,"name":"Shop","item":"https:\/\/novobud.pl\/shop\/"},{"@type":"ListItem","position":3,"name":"Bezpo\u015bredni wieszak antywibracyjny z fabrycznie zamontowan\u0105 redukcj\u0105 ha\u0142asu"}]},{"@type":"WebSite","@id":"https:\/\/novobud.pl\/#website","url":"https:\/\/novobud.pl\/","name":"Novobud","description":"Novobud.pl","potentialAction":[{"@type":"SearchAction","target":{"@type":"EntryPoint","urlTemplate":"https:\/\/novobud.pl\/?s={search_term_string}"},"query-input":"required name=search_term_string"}],"inLanguage":"en-US"}]}},"_links":{"self":[{"href":"https:\/\/novobud.pl\/en\/wp-json\/wp\/v2\/product\/260","targetHints":{"allow":["GET"]}}],"collection":[{"href":"https:\/\/novobud.pl\/en\/wp-json\/wp\/v2\/product"}],"about":[{"href":"https:\/\/novobud.pl\/en\/wp-json\/wp\/v2\/types\/product"}],"replies":[{"embeddable":true,"href":"https:\/\/novobud.pl\/en\/wp-json\/wp\/v2\/comments?post=260"}],"wp:featuredmedia":[{"embeddable":true,"href":"https:\/\/novobud.pl\/en\/wp-json\/wp\/v2\/media\/262"}],"wp:attachment":[{"href":"https:\/\/novobud.pl\/en\/wp-json\/wp\/v2\/media?parent=260"}],"wp:term":[{"taxonomy":"product_cat","embeddable":true,"href":"https:\/\/novobud.pl\/en\/wp-json\/wp\/v2\/product_cat?post=260"},{"taxonomy":"product_tag","embeddable":true,"href":"https:\/\/novobud.pl\/en\/wp-json\/wp\/v2\/product_tag?post=260"}],"curies":[{"name":"wp","href":"https:\/\/api.w.org\/{rel}","templated":true}]}}