{"id":263,"date":"2023-07-15T18:53:55","date_gmt":"2023-07-15T15:53:55","guid":{"rendered":"https:\/\/novobud.pl\/?post_type=product&#038;p=263"},"modified":"2024-09-15T02:14:01","modified_gmt":"2024-09-14T23:14:01","slug":"zlacze-poziomu","status":"publish","type":"product","link":"https:\/\/novobud.pl\/en\/product\/zlacze-poziomu\/","title":{"rendered":"Level connector"},"content":{"rendered":"<p>For creating cross connections of horizontal profiles.<br \/>\nThe level connector is a hanger made of steel sheet with a load capacity of 0.40 kN for fixing the support structure of suspended ceilings.<br \/>\nSupporting structure of suspended ceilings.<br \/>\nProperties<br \/>\n- Easy installation<br \/>\n- Precise fit with ceiling profiles<br \/>\nNeed:<br \/>\n- Requires 1 cross connector per connection point<br \/>\n- Low mounting height<br \/>\nScope of application<br \/>\nThe leveling connector provides a secure and stable cross connection of the CD 60\/27 ceiling profiles<br \/>\nIn supporting structures of horizontal suspended ceilings.<br \/>\nFor creating horizontal transverse connections of profiles.<br \/>\nMaterials: galvanized steel<\/p>\n<div class=\"table-responsive\">\n<table>\n<tbody>\n<tr>\n<td width=\"144\"><strong>Article number<\/strong><\/td>\n<td width=\"109\"><strong>Benenunng<\/strong><\/td>\n<td width=\"63\"><strong>A mm<\/strong><\/td>\n<td width=\"63\"><strong>H mm<\/strong><\/td>\n<td width=\"63\"><strong>S mm<\/strong><\/td>\n<td width=\"114\"><strong>Maximum load<\/strong><\/p>\n<p><strong>F<\/strong><\/td>\n<td width=\"73\"><strong>VPE St<\/strong><\/td>\n<td width=\"74\"><strong>VPE Kg<\/strong><\/td>\n<\/tr>\n<tr>\n<td width=\"144\">015014809<\/td>\n<td width=\"109\"><strong>D-A<\/strong><\/td>\n<td width=\"63\"><strong>150<\/strong><\/td>\n<td width=\"63\"><strong>148<\/strong><\/td>\n<td width=\"63\"><strong>0,9<\/strong><\/td>\n<td width=\"114\"><strong>400N<\/strong><\/td>\n<td width=\"73\"><strong>50<\/strong><\/td>\n<td width=\"74\"><strong>6,30<\/strong><\/td>\n<\/tr>\n<\/tbody>\n<\/table>\n<\/div>","protected":false},"excerpt":{"rendered":"<p>Do tworzenia po\u0142\u0105cze\u0144 krzy\u017cowych profili poziomych. \u0141\u0105cznik poziomu to wieszak wykonany z blachy stalowej o no\u015bno\u015bci 0,40 kN do mocowania konstrukcji no\u015bnej sufit\u00f3w podwieszanych. Konstrukcja no\u015bna sufit\u00f3w podwieszanych. W\u0142a\u015bciwo\u015bci \u2022 \u0141atwy monta\u017c \u2022 Precyzyjne dopasowanie do profili sufitowych Potrzeba: \u2022 Wymagane 1 z\u0142\u0105cze krzy\u017cowe na punkt po\u0142\u0105czenia \u2022 Niska wysoko\u015b\u0107 monta\u017cu Zakres zastosowania \u0141\u0105cznik poziomuj\u0105cy [&#8230;]","protected":false},"featured_media":264,"comment_status":"open","ping_status":"closed","template":"","meta":[],"product_cat":[32],"product_tag":[],"class_list":["post-263","product","type-product","status-publish","has-post-thumbnail","hentry","product_cat-akcesoria-do-suchej-zabudowy"],"yoast_head":"<!-- This site is optimized with the Yoast SEO plugin v20.12 - https:\/\/yoast.com\/wordpress\/plugins\/seo\/ -->\n<title>Z\u0142\u0105cze poziomu - Novobud<\/title>\n<meta name=\"description\" content=\"Zam\u00f3w u nas Z\u0142\u0105cze poziomu \u27a6NOVOBUD. \u260e +380442779820. technologia element\u00f3w z\u0142\u0105cznych. Czekamy na Ciebie!\" \/>\n<meta name=\"robots\" content=\"index, follow, max-snippet:-1, max-image-preview:large, max-video-preview:-1\" \/>\n<link rel=\"canonical\" href=\"https:\/\/novobud.pl\/en\/product\/zlacze-poziomu\/\" \/>\n<meta property=\"og:locale\" content=\"en_US\" \/>\n<meta property=\"og:type\" content=\"article\" \/>\n<meta property=\"og:title\" content=\"Z\u0142\u0105cze poziomu - Novobud\" \/>\n<meta property=\"og:description\" content=\"Zam\u00f3w u nas Z\u0142\u0105cze poziomu \u27a6NOVOBUD. \u260e +380442779820. technologia element\u00f3w z\u0142\u0105cznych. Czekamy na Ciebie!\" \/>\n<meta property=\"og:url\" content=\"https:\/\/novobud.pl\/en\/product\/zlacze-poziomu\/\" \/>\n<meta property=\"og:site_name\" content=\"Novobud\" \/>\n<meta property=\"article:modified_time\" content=\"2024-09-14T23:14:01+00:00\" \/>\n<meta property=\"og:image\" content=\"https:\/\/novobud.pl\/wp-content\/uploads\/2023\/07\/Niveauverbinder.png\" \/>\n\t<meta property=\"og:image:width\" content=\"800\" \/>\n\t<meta property=\"og:image:height\" content=\"600\" \/>\n\t<meta property=\"og:image:type\" content=\"image\/png\" \/>\n<meta name=\"twitter:card\" content=\"summary_large_image\" \/>\n<meta name=\"twitter:label1\" content=\"Est. reading time\" \/>\n\t<meta name=\"twitter:data1\" content=\"1 minute\" \/>\n<script type=\"application\/ld+json\" class=\"yoast-schema-graph\">{\"@context\":\"https:\/\/schema.org\",\"@graph\":[{\"@type\":\"WebPage\",\"@id\":\"https:\/\/novobud.pl\/product\/zlacze-poziomu\/\",\"url\":\"https:\/\/novobud.pl\/product\/zlacze-poziomu\/\",\"name\":\"Z\u0142\u0105cze poziomu - Novobud\",\"isPartOf\":{\"@id\":\"https:\/\/novobud.pl\/#website\"},\"datePublished\":\"2023-07-15T15:53:55+00:00\",\"dateModified\":\"2024-09-14T23:14:01+00:00\",\"description\":\"Zam\u00f3w u nas Z\u0142\u0105cze poziomu \u27a6NOVOBUD. \u260e +380442779820. technologia element\u00f3w z\u0142\u0105cznych. Czekamy na Ciebie!\",\"breadcrumb\":{\"@id\":\"https:\/\/novobud.pl\/product\/zlacze-poziomu\/#breadcrumb\"},\"inLanguage\":\"en-US\",\"potentialAction\":[{\"@type\":\"ReadAction\",\"target\":[\"https:\/\/novobud.pl\/product\/zlacze-poziomu\/\"]}]},{\"@type\":\"BreadcrumbList\",\"@id\":\"https:\/\/novobud.pl\/product\/zlacze-poziomu\/#breadcrumb\",\"itemListElement\":[{\"@type\":\"ListItem\",\"position\":1,\"name\":\"\u0413\u043b\u0430\u0432\u043d\u0430\u044f \u0441\u0442\u0440\u0430\u043d\u0438\u0446\u0430\",\"item\":\"https:\/\/novobud.pl\/\"},{\"@type\":\"ListItem\",\"position\":2,\"name\":\"Shop\",\"item\":\"https:\/\/novobud.pl\/shop\/\"},{\"@type\":\"ListItem\",\"position\":3,\"name\":\"Z\u0142\u0105cze poziomu\"}]},{\"@type\":\"WebSite\",\"@id\":\"https:\/\/novobud.pl\/#website\",\"url\":\"https:\/\/novobud.pl\/\",\"name\":\"Novobud\",\"description\":\"Novobud.pl\",\"potentialAction\":[{\"@type\":\"SearchAction\",\"target\":{\"@type\":\"EntryPoint\",\"urlTemplate\":\"https:\/\/novobud.pl\/?s={search_term_string}\"},\"query-input\":\"required name=search_term_string\"}],\"inLanguage\":\"en-US\"}]}<\/script>\n<!-- \/ Yoast SEO plugin. -->","yoast_head_json":{"title":"Z\u0142\u0105cze poziomu - Novobud","description":"Zam\u00f3w u nas Z\u0142\u0105cze poziomu \u27a6NOVOBUD. \u260e +380442779820. technologia element\u00f3w z\u0142\u0105cznych. Czekamy na Ciebie!","robots":{"index":"index","follow":"follow","max-snippet":"max-snippet:-1","max-image-preview":"max-image-preview:large","max-video-preview":"max-video-preview:-1"},"canonical":"https:\/\/novobud.pl\/en\/product\/zlacze-poziomu\/","og_locale":"en_US","og_type":"article","og_title":"Z\u0142\u0105cze poziomu - Novobud","og_description":"Zam\u00f3w u nas Z\u0142\u0105cze poziomu \u27a6NOVOBUD. \u260e +380442779820. technologia element\u00f3w z\u0142\u0105cznych. Czekamy na Ciebie!","og_url":"https:\/\/novobud.pl\/en\/product\/zlacze-poziomu\/","og_site_name":"Novobud","article_modified_time":"2024-09-14T23:14:01+00:00","og_image":[{"width":800,"height":600,"url":"https:\/\/novobud.pl\/wp-content\/uploads\/2023\/07\/Niveauverbinder.png","type":"image\/png"}],"twitter_card":"summary_large_image","twitter_misc":{"Est. reading time":"1 minute"},"schema":{"@context":"https:\/\/schema.org","@graph":[{"@type":"WebPage","@id":"https:\/\/novobud.pl\/product\/zlacze-poziomu\/","url":"https:\/\/novobud.pl\/product\/zlacze-poziomu\/","name":"Z\u0142\u0105cze poziomu - Novobud","isPartOf":{"@id":"https:\/\/novobud.pl\/#website"},"datePublished":"2023-07-15T15:53:55+00:00","dateModified":"2024-09-14T23:14:01+00:00","description":"Zam\u00f3w u nas Z\u0142\u0105cze poziomu \u27a6NOVOBUD. \u260e +380442779820. technologia element\u00f3w z\u0142\u0105cznych. Czekamy na Ciebie!","breadcrumb":{"@id":"https:\/\/novobud.pl\/product\/zlacze-poziomu\/#breadcrumb"},"inLanguage":"en-US","potentialAction":[{"@type":"ReadAction","target":["https:\/\/novobud.pl\/product\/zlacze-poziomu\/"]}]},{"@type":"BreadcrumbList","@id":"https:\/\/novobud.pl\/product\/zlacze-poziomu\/#breadcrumb","itemListElement":[{"@type":"ListItem","position":1,"name":"\u0413\u043b\u0430\u0432\u043d\u0430\u044f \u0441\u0442\u0440\u0430\u043d\u0438\u0446\u0430","item":"https:\/\/novobud.pl\/"},{"@type":"ListItem","position":2,"name":"Shop","item":"https:\/\/novobud.pl\/shop\/"},{"@type":"ListItem","position":3,"name":"Z\u0142\u0105cze poziomu"}]},{"@type":"WebSite","@id":"https:\/\/novobud.pl\/#website","url":"https:\/\/novobud.pl\/","name":"Novobud","description":"Novobud.pl","potentialAction":[{"@type":"SearchAction","target":{"@type":"EntryPoint","urlTemplate":"https:\/\/novobud.pl\/?s={search_term_string}"},"query-input":"required name=search_term_string"}],"inLanguage":"en-US"}]}},"_links":{"self":[{"href":"https:\/\/novobud.pl\/en\/wp-json\/wp\/v2\/product\/263","targetHints":{"allow":["GET"]}}],"collection":[{"href":"https:\/\/novobud.pl\/en\/wp-json\/wp\/v2\/product"}],"about":[{"href":"https:\/\/novobud.pl\/en\/wp-json\/wp\/v2\/types\/product"}],"replies":[{"embeddable":true,"href":"https:\/\/novobud.pl\/en\/wp-json\/wp\/v2\/comments?post=263"}],"wp:featuredmedia":[{"embeddable":true,"href":"https:\/\/novobud.pl\/en\/wp-json\/wp\/v2\/media\/264"}],"wp:attachment":[{"href":"https:\/\/novobud.pl\/en\/wp-json\/wp\/v2\/media?parent=263"}],"wp:term":[{"taxonomy":"product_cat","embeddable":true,"href":"https:\/\/novobud.pl\/en\/wp-json\/wp\/v2\/product_cat?post=263"},{"taxonomy":"product_tag","embeddable":true,"href":"https:\/\/novobud.pl\/en\/wp-json\/wp\/v2\/product_tag?post=263"}],"curies":[{"name":"wp","href":"https:\/\/api.w.org\/{rel}","templated":true}]}}