{"id":268,"date":"2023-07-15T19:02:16","date_gmt":"2023-07-15T16:02:16","guid":{"rendered":"https:\/\/novobud.pl\/?post_type=product&#038;p=268"},"modified":"2023-07-26T15:16:51","modified_gmt":"2023-07-26T12:16:51","slug":"plyta-do-montazu-na-oknie","status":"publish","type":"product","link":"https:\/\/novobud.pl\/en\/product\/plyta-do-montazu-na-oknie\/","title":{"rendered":"Window mounting plate"},"content":{"rendered":"<p>Materials: galvanized steel<\/p>\n<div class=\"table-responsive\">\n<table>\n<tbody>\n<tr>\n<td width=\"144\">Article number<\/td>\n<td width=\"109\">Benenunng<\/td>\n<td width=\"63\">A<\/td>\n<td width=\"63\">\u0412<\/td>\n<td width=\"113\">C mm<\/td>\n<td width=\"62\">S<\/td>\n<td width=\"73\">VPE pcs.<\/td>\n<td width=\"74\">VPE kg<\/td>\n<\/tr>\n<tr>\n<td width=\"144\">1502510048<\/td>\n<td width=\"109\">FP-U<\/td>\n<td width=\"63\">149<\/td>\n<td width=\"63\">25<\/td>\n<td width=\"113\">&#8211;<\/td>\n<td width=\"62\">1,0<\/td>\n<td width=\"73\">500<\/td>\n<td width=\"74\">13,550<\/td>\n<\/tr>\n<tr>\n<td width=\"144\">1502515048<\/td>\n<td width=\"109\">FP-U<\/td>\n<td width=\"63\">149<\/td>\n<td width=\"63\">25<\/td>\n<td width=\"113\">&#8211;<\/td>\n<td width=\"62\">1,5<\/td>\n<td width=\"73\">400<\/td>\n<td width=\"74\">16,260<\/td>\n<\/tr>\n<tr>\n<td width=\"144\">1642610048<\/td>\n<td width=\"109\">FP-0<\/td>\n<td width=\"63\">164<\/td>\n<td width=\"63\">26<\/td>\n<td width=\"113\">31-37&#8217;41&#8217;44-<\/td>\n<td width=\"62\">1,0<\/td>\n<td width=\"73\">500<\/td>\n<td width=\"74\">15,040<\/td>\n<\/tr>\n<tr>\n<td width=\"144\">1642615048<\/td>\n<td width=\"109\">FP-0<\/td>\n<td width=\"63\">164<\/td>\n<td width=\"63\">26<\/td>\n<td width=\"113\">31-37-41-44-<\/td>\n<td width=\"62\">1,5<\/td>\n<td width=\"73\">500<\/td>\n<td width=\"74\">22,560<\/td>\n<\/tr>\n<\/tbody>\n<\/table>\n<\/div>","protected":false},"excerpt":{"rendered":"<p>Materia\u0142y: stal ocynkowana Numer artyku\u0142u Benenunng A \u0412 C mm S VPE szt. VPE kg 1502510048 FP-U 149 25 &#8211; 1,0 500 13,550 1502515048 FP-U 149 25 &#8211; 1,5 400 16,260 1642610048 FP-0 164 26 31-37&#8217;41&#8217;44- 1,0 500 15,040 1642615048 FP-0 164 26 31-37-41-44- 1,5 500 22,560<\/p>","protected":false},"featured_media":272,"comment_status":"open","ping_status":"closed","template":"","meta":[],"product_cat":[33],"product_tag":[],"class_list":["post-268","product","type-product","status-publish","has-post-thumbnail","hentry","product_cat-montaz-okien"],"yoast_head":"<!-- This site is optimized with the Yoast SEO plugin v20.12 - https:\/\/yoast.com\/wordpress\/plugins\/seo\/ -->\n<title>P\u0142yta do monta\u017cu na oknie - Novobud<\/title>\n<meta name=\"description\" content=\"Zam\u00f3w u nas P\u0142yta do monta\u017cu na oknie \u27a6NOVOBUD. \u260e +380442779820. technologia element\u00f3w z\u0142\u0105cznych. Czekamy na Ciebie!\" \/>\n<meta name=\"robots\" content=\"index, follow, max-snippet:-1, max-image-preview:large, max-video-preview:-1\" \/>\n<link rel=\"canonical\" href=\"https:\/\/novobud.pl\/en\/product\/plyta-do-montazu-na-oknie\/\" \/>\n<meta property=\"og:locale\" content=\"en_US\" \/>\n<meta property=\"og:type\" content=\"article\" \/>\n<meta property=\"og:title\" content=\"P\u0142yta do monta\u017cu na oknie - Novobud\" \/>\n<meta property=\"og:description\" content=\"Zam\u00f3w u nas P\u0142yta do monta\u017cu na oknie \u27a6NOVOBUD. \u260e +380442779820. technologia element\u00f3w z\u0142\u0105cznych. Czekamy na Ciebie!\" \/>\n<meta property=\"og:url\" content=\"https:\/\/novobud.pl\/en\/product\/plyta-do-montazu-na-oknie\/\" \/>\n<meta property=\"og:site_name\" content=\"Novobud\" \/>\n<meta property=\"article:modified_time\" content=\"2023-07-26T12:16:51+00:00\" \/>\n<meta property=\"og:image\" content=\"https:\/\/novobud.pl\/wp-content\/uploads\/2023\/07\/Fensterplatte-fuer-Fenstermontage-1.png\" \/>\n\t<meta property=\"og:image:width\" content=\"800\" \/>\n\t<meta property=\"og:image:height\" content=\"600\" \/>\n\t<meta property=\"og:image:type\" content=\"image\/png\" \/>\n<meta name=\"twitter:card\" content=\"summary_large_image\" \/>\n<meta name=\"twitter:label1\" content=\"Est. reading time\" \/>\n\t<meta name=\"twitter:data1\" content=\"1 minute\" \/>\n<script type=\"application\/ld+json\" class=\"yoast-schema-graph\">{\"@context\":\"https:\/\/schema.org\",\"@graph\":[{\"@type\":\"WebPage\",\"@id\":\"https:\/\/novobud.pl\/product\/plyta-do-montazu-na-oknie\/\",\"url\":\"https:\/\/novobud.pl\/product\/plyta-do-montazu-na-oknie\/\",\"name\":\"P\u0142yta do monta\u017cu na oknie - Novobud\",\"isPartOf\":{\"@id\":\"https:\/\/novobud.pl\/#website\"},\"datePublished\":\"2023-07-15T16:02:16+00:00\",\"dateModified\":\"2023-07-26T12:16:51+00:00\",\"description\":\"Zam\u00f3w u nas P\u0142yta do monta\u017cu na oknie \u27a6NOVOBUD. \u260e +380442779820. technologia element\u00f3w z\u0142\u0105cznych. Czekamy na Ciebie!\",\"breadcrumb\":{\"@id\":\"https:\/\/novobud.pl\/product\/plyta-do-montazu-na-oknie\/#breadcrumb\"},\"inLanguage\":\"en-US\",\"potentialAction\":[{\"@type\":\"ReadAction\",\"target\":[\"https:\/\/novobud.pl\/product\/plyta-do-montazu-na-oknie\/\"]}]},{\"@type\":\"BreadcrumbList\",\"@id\":\"https:\/\/novobud.pl\/product\/plyta-do-montazu-na-oknie\/#breadcrumb\",\"itemListElement\":[{\"@type\":\"ListItem\",\"position\":1,\"name\":\"\u0413\u043b\u0430\u0432\u043d\u0430\u044f \u0441\u0442\u0440\u0430\u043d\u0438\u0446\u0430\",\"item\":\"https:\/\/novobud.pl\/\"},{\"@type\":\"ListItem\",\"position\":2,\"name\":\"Shop\",\"item\":\"https:\/\/novobud.pl\/shop\/\"},{\"@type\":\"ListItem\",\"position\":3,\"name\":\"P\u0142yta do monta\u017cu na oknie\"}]},{\"@type\":\"WebSite\",\"@id\":\"https:\/\/novobud.pl\/#website\",\"url\":\"https:\/\/novobud.pl\/\",\"name\":\"Novobud\",\"description\":\"Novobud.pl\",\"potentialAction\":[{\"@type\":\"SearchAction\",\"target\":{\"@type\":\"EntryPoint\",\"urlTemplate\":\"https:\/\/novobud.pl\/?s={search_term_string}\"},\"query-input\":\"required name=search_term_string\"}],\"inLanguage\":\"en-US\"}]}<\/script>\n<!-- \/ Yoast SEO plugin. -->","yoast_head_json":{"title":"P\u0142yta do monta\u017cu na oknie - Novobud","description":"Zam\u00f3w u nas P\u0142yta do monta\u017cu na oknie \u27a6NOVOBUD. \u260e +380442779820. technologia element\u00f3w z\u0142\u0105cznych. Czekamy na Ciebie!","robots":{"index":"index","follow":"follow","max-snippet":"max-snippet:-1","max-image-preview":"max-image-preview:large","max-video-preview":"max-video-preview:-1"},"canonical":"https:\/\/novobud.pl\/en\/product\/plyta-do-montazu-na-oknie\/","og_locale":"en_US","og_type":"article","og_title":"P\u0142yta do monta\u017cu na oknie - Novobud","og_description":"Zam\u00f3w u nas P\u0142yta do monta\u017cu na oknie \u27a6NOVOBUD. \u260e +380442779820. technologia element\u00f3w z\u0142\u0105cznych. Czekamy na Ciebie!","og_url":"https:\/\/novobud.pl\/en\/product\/plyta-do-montazu-na-oknie\/","og_site_name":"Novobud","article_modified_time":"2023-07-26T12:16:51+00:00","og_image":[{"width":800,"height":600,"url":"https:\/\/novobud.pl\/wp-content\/uploads\/2023\/07\/Fensterplatte-fuer-Fenstermontage-1.png","type":"image\/png"}],"twitter_card":"summary_large_image","twitter_misc":{"Est. reading time":"1 minute"},"schema":{"@context":"https:\/\/schema.org","@graph":[{"@type":"WebPage","@id":"https:\/\/novobud.pl\/product\/plyta-do-montazu-na-oknie\/","url":"https:\/\/novobud.pl\/product\/plyta-do-montazu-na-oknie\/","name":"P\u0142yta do monta\u017cu na oknie - Novobud","isPartOf":{"@id":"https:\/\/novobud.pl\/#website"},"datePublished":"2023-07-15T16:02:16+00:00","dateModified":"2023-07-26T12:16:51+00:00","description":"Zam\u00f3w u nas P\u0142yta do monta\u017cu na oknie \u27a6NOVOBUD. \u260e +380442779820. technologia element\u00f3w z\u0142\u0105cznych. Czekamy na Ciebie!","breadcrumb":{"@id":"https:\/\/novobud.pl\/product\/plyta-do-montazu-na-oknie\/#breadcrumb"},"inLanguage":"en-US","potentialAction":[{"@type":"ReadAction","target":["https:\/\/novobud.pl\/product\/plyta-do-montazu-na-oknie\/"]}]},{"@type":"BreadcrumbList","@id":"https:\/\/novobud.pl\/product\/plyta-do-montazu-na-oknie\/#breadcrumb","itemListElement":[{"@type":"ListItem","position":1,"name":"\u0413\u043b\u0430\u0432\u043d\u0430\u044f \u0441\u0442\u0440\u0430\u043d\u0438\u0446\u0430","item":"https:\/\/novobud.pl\/"},{"@type":"ListItem","position":2,"name":"Shop","item":"https:\/\/novobud.pl\/shop\/"},{"@type":"ListItem","position":3,"name":"P\u0142yta do monta\u017cu na oknie"}]},{"@type":"WebSite","@id":"https:\/\/novobud.pl\/#website","url":"https:\/\/novobud.pl\/","name":"Novobud","description":"Novobud.pl","potentialAction":[{"@type":"SearchAction","target":{"@type":"EntryPoint","urlTemplate":"https:\/\/novobud.pl\/?s={search_term_string}"},"query-input":"required name=search_term_string"}],"inLanguage":"en-US"}]}},"_links":{"self":[{"href":"https:\/\/novobud.pl\/en\/wp-json\/wp\/v2\/product\/268","targetHints":{"allow":["GET"]}}],"collection":[{"href":"https:\/\/novobud.pl\/en\/wp-json\/wp\/v2\/product"}],"about":[{"href":"https:\/\/novobud.pl\/en\/wp-json\/wp\/v2\/types\/product"}],"replies":[{"embeddable":true,"href":"https:\/\/novobud.pl\/en\/wp-json\/wp\/v2\/comments?post=268"}],"wp:featuredmedia":[{"embeddable":true,"href":"https:\/\/novobud.pl\/en\/wp-json\/wp\/v2\/media\/272"}],"wp:attachment":[{"href":"https:\/\/novobud.pl\/en\/wp-json\/wp\/v2\/media?parent=268"}],"wp:term":[{"taxonomy":"product_cat","embeddable":true,"href":"https:\/\/novobud.pl\/en\/wp-json\/wp\/v2\/product_cat?post=268"},{"taxonomy":"product_tag","embeddable":true,"href":"https:\/\/novobud.pl\/en\/wp-json\/wp\/v2\/product_tag?post=268"}],"curies":[{"name":"wp","href":"https:\/\/api.w.org\/{rel}","templated":true}]}}