{"id":273,"date":"2023-07-15T19:10:31","date_gmt":"2023-07-15T16:10:31","guid":{"rendered":"https:\/\/novobud.pl\/?post_type=product&#038;p=273"},"modified":"2023-07-27T09:00:28","modified_gmt":"2023-07-27T06:00:28","slug":"profile-montazowe","status":"publish","type":"product","link":"https:\/\/novobud.pl\/en\/product\/profile-montazowe\/","title":{"rendered":"Mounting profiles"},"content":{"rendered":"<p>Materials: galvanized steel<\/p>\n<div class=\"table-responsive\">\n<table>\n<tbody>\n<tr>\n<td style=\"text-align: center;\" rowspan=\"2\" width=\"122\"><strong>Article number<\/strong><\/td>\n<td rowspan=\"2\" width=\"167\">\n<p style=\"text-align: center;\"><strong>Dimension<\/strong><\/p>\n<p style=\"text-align: center;\"><strong>A\u00d7B\u00d7S<\/strong><\/p>\n<\/td>\n<td rowspan=\"2\" width=\"93\">\n<p style=\"text-align: center;\"><strong>Weight<\/strong><\/p>\n<p style=\"text-align: center;\"><strong>1\/Lfm<\/strong><\/p>\n<\/td>\n<td colspan=\"2\" width=\"173\">\n<p style=\"text-align: center;\"><strong>Moment bezw\u0142adno\u015bci<\/strong><\/p>\n<p style=\"text-align: center;\"><strong>Zm<sup>4<\/sup><\/strong><\/p>\n<\/td>\n<td style=\"text-align: center;\" colspan=\"2\" width=\"179\"><strong>Wsp\u00f3\u0142czynnik oporu powietrza Zm<sup>3<\/sup><\/strong><\/td>\n<\/tr>\n<tr>\n<td width=\"86\">J<sub>y<\/sub><\/td>\n<td width=\"87\">J<sub>z<\/sub><\/td>\n<td width=\"89\">W<sub>y<\/sub><\/td>\n<td width=\"89\">W<sub>z<\/sub><\/td>\n<\/tr>\n<tr>\n<td width=\"122\">1820120<\/td>\n<td width=\"167\">18mm\u00d720mm\u00d71,2mm<\/td>\n<td width=\"93\">0,515<\/td>\n<td width=\"86\">0,272<\/td>\n<td width=\"87\">0,942<\/td>\n<td width=\"89\">0,281<\/td>\n<td width=\"89\">0,697<\/td>\n<\/tr>\n<tr>\n<td width=\"122\">2020150<\/td>\n<td width=\"167\">30mm\u00d720mm\u00d71,5mm<\/td>\n<td width=\"93\">0,748<\/td>\n<td width=\"86\">0,498<\/td>\n<td width=\"87\">1,617<\/td>\n<td width=\"89\">0,468<\/td>\n<td width=\"89\">1,078<\/td>\n<\/tr>\n<tr>\n<td width=\"122\">3030150<\/td>\n<td width=\"167\">30mm\u00d730mm\u00d71,5mm<\/td>\n<td width=\"93\">0,983<\/td>\n<td width=\"86\">1,384<\/td>\n<td width=\"87\">2,227<\/td>\n<td width=\"89\">0,878<\/td>\n<td width=\"89\">1,485<\/td>\n<\/tr>\n<tr>\n<td width=\"122\">4041150<\/td>\n<td width=\"167\">41mm\u00d741mm\u00d71,5mm<\/td>\n<td width=\"93\">1.604<\/td>\n<td width=\"86\">4.445<\/td>\n<td width=\"87\">5.68<\/td>\n<td width=\"89\">2.16<\/td>\n<td width=\"89\">2.771<\/td>\n<\/tr>\n<tr>\n<td width=\"122\">3020175<\/td>\n<td width=\"167\">30mm\u00d720mm\u00d71,75mm<\/td>\n<td width=\"93\">0,837<\/td>\n<td width=\"86\">0,546<\/td>\n<td width=\"87\">1.789<\/td>\n<td width=\"89\">0,512<\/td>\n<td width=\"89\">1,193<\/td>\n<\/tr>\n<tr>\n<td width=\"122\">3030175<\/td>\n<td width=\"167\">30mm\u00d730mm\u00d71,75mm<\/td>\n<td width=\"93\">1,104<\/td>\n<td width=\"86\">1,53<\/td>\n<td width=\"87\">2,471<\/td>\n<td width=\"89\">0,97<\/td>\n<td width=\"89\">1,647<\/td>\n<\/tr>\n<tr>\n<td width=\"122\">4141175<\/td>\n<td width=\"167\">41mm\u00d741mm\u00d71,75mm<\/td>\n<td width=\"93\">1.908<\/td>\n<td width=\"86\">5.202<\/td>\n<td width=\"87\">6.653<\/td>\n<td width=\"89\">2.528<\/td>\n<td width=\"89\">3.245<\/td>\n<\/tr>\n<tr>\n<td width=\"122\">4141200<\/td>\n<td width=\"167\">41mm\u00d741mm\u00d72,00mm<\/td>\n<td width=\"93\">2.107<\/td>\n<td width=\"86\">5.684<\/td>\n<td width=\"87\">7.274<\/td>\n<td width=\"89\">2.762<\/td>\n<td width=\"89\">3.548<\/td>\n<\/tr>\n<tr>\n<td width=\"122\">4141230<\/td>\n<td width=\"167\">41mm\u00d741mm\u00d72,30mm<\/td>\n<td width=\"93\">2.401<\/td>\n<td width=\"86\">6.375<\/td>\n<td width=\"87\">8.164<\/td>\n<td width=\"89\">3.098<\/td>\n<td width=\"89\">3.983<\/td>\n<\/tr>\n<tr>\n<td width=\"122\">4161230<\/td>\n<td width=\"167\">41mm\u00d761mm\u00d72,30mm<\/td>\n<td width=\"93\">2.762<\/td>\n<td width=\"86\">7.851<\/td>\n<td width=\"87\">20.106<\/td>\n<td width=\"89\">3.379<\/td>\n<td width=\"89\">6.592<\/td>\n<\/tr>\n<\/tbody>\n<\/table>\n<\/div>\n<p><em>Dane techniczne profili monta\u017cowych<\/em><\/p>\n<p>Obci\u0105\u017cenie w jednym punkcie (w kg)<\/p>\n<p><img loading=\"lazy\" decoding=\"async\" class=\"alignnone wp-image-281\" src=\"https:\/\/novobud.pl\/wp-content\/uploads\/2023\/07\/\u0421\u043d\u0438\u043c\u043e\u043a-\u044d\u043a\u0440\u0430\u043d\u0430-2023-07-15-\u0432-19.20.39-300x151.png\" alt=\"\" width=\"185\" height=\"93\" srcset=\"https:\/\/novobud.pl\/wp-content\/uploads\/2023\/07\/\u0421\u043d\u0438\u043c\u043e\u043a-\u044d\u043a\u0440\u0430\u043d\u0430-2023-07-15-\u0432-19.20.39-300x151.png 300w, https:\/\/novobud.pl\/wp-content\/uploads\/2023\/07\/\u0421\u043d\u0438\u043c\u043e\u043a-\u044d\u043a\u0440\u0430\u043d\u0430-2023-07-15-\u0432-19.20.39.png 500w\" sizes=\"auto, (max-width: 185px) 100vw, 185px\" \/><\/p>\n<div class=\"table-responsive\">\n<table>\n<tbody>\n<tr>\n<td width=\"67\">L<\/p>\n<p>(mm)<\/td>\n<td width=\"67\">18\u00d720<\/p>\n<p>\u00d7 1.2mm<\/td>\n<td width=\"67\">30\u00d720<\/p>\n<p>\u00d7 1.5mm<\/td>\n<td width=\"67\">30\u00d730<\/p>\n<p>\u00d7 1.2mm<\/td>\n<td width=\"67\">30\u00d720<\/p>\n<p>\u00d7 1.75mm<\/td>\n<td width=\"67\">30\u00d730<\/p>\n<p>\u00d7 1.75mm<\/td>\n<td width=\"67\">41\u00d741<\/p>\n<p>\u00d7 1.5mm<\/td>\n<td width=\"67\">41\u00d741<\/p>\n<p>\u00d7 1.75mm<\/td>\n<td width=\"67\">41\u00d741<\/p>\n<p>\u00d7 2.0mm<\/td>\n<td width=\"67\">41\u00d741<\/p>\n<p>\u00d7 2.3mm<\/td>\n<td width=\"67\">41\u00d761<\/p>\n<p>\u00d7 2.3mm<\/td>\n<\/tr>\n<tr>\n<td width=\"67\">500<\/td>\n<td width=\"67\">44<\/td>\n<td width=\"67\">73<\/td>\n<td width=\"67\">138<\/td>\n<td width=\"67\">80<\/td>\n<td width=\"67\">152<\/td>\n<td width=\"67\">406<\/td>\n<td width=\"67\">476<\/td>\n<td width=\"67\">520<\/td>\n<td width=\"67\">583<\/td>\n<td width=\"67\">636<\/td>\n<\/tr>\n<tr>\n<td width=\"67\">1 000<\/td>\n<td width=\"67\">22<\/td>\n<td width=\"67\">36<\/td>\n<td width=\"67\">69<\/td>\n<td width=\"67\">40<\/td>\n<td width=\"67\">76<\/td>\n<td width=\"67\">203<\/td>\n<td width=\"67\">237<\/td>\n<td width=\"67\">259<\/td>\n<td width=\"67\">291<\/td>\n<td width=\"67\">317<\/td>\n<\/tr>\n<tr>\n<td width=\"67\">1 500<\/td>\n<td width=\"67\">14<\/td>\n<td width=\"67\">24<\/td>\n<td width=\"67\">45<\/td>\n<td width=\"67\">26<\/td>\n<td width=\"67\">50<\/td>\n<td width=\"67\">134<\/td>\n<td width=\"67\">157<\/td>\n<td width=\"67\">172<\/td>\n<td width=\"67\">193<\/td>\n<td width=\"67\">211<\/td>\n<\/tr>\n<tr>\n<td width=\"67\">2 000<\/td>\n<td width=\"67\">10<\/td>\n<td width=\"67\">17<\/td>\n<td width=\"67\">33<\/td>\n<td width=\"67\">19<\/td>\n<td width=\"67\">37<\/td>\n<td width=\"67\">99<\/td>\n<td width=\"67\">117<\/td>\n<td width=\"67\">128<\/td>\n<td width=\"67\">144<\/td>\n<td width=\"67\">157<\/td>\n<\/tr>\n<\/tbody>\n<\/table>\n<\/div>\n<p>Takie samo obci\u0105\u017cenie w dw\u00f3ch punktach (w kg)<\/p>\n<p><img loading=\"lazy\" decoding=\"async\" class=\"alignnone wp-image-280\" src=\"https:\/\/novobud.pl\/wp-content\/uploads\/2023\/07\/\u0421\u043d\u0438\u043c\u043e\u043a-\u044d\u043a\u0440\u0430\u043d\u0430-2023-07-15-\u0432-19.20.48-300x156.png\" alt=\"\" width=\"196\" height=\"102\" srcset=\"https:\/\/novobud.pl\/wp-content\/uploads\/2023\/07\/\u0421\u043d\u0438\u043c\u043e\u043a-\u044d\u043a\u0440\u0430\u043d\u0430-2023-07-15-\u0432-19.20.48-300x156.png 300w, https:\/\/novobud.pl\/wp-content\/uploads\/2023\/07\/\u0421\u043d\u0438\u043c\u043e\u043a-\u044d\u043a\u0440\u0430\u043d\u0430-2023-07-15-\u0432-19.20.48.png 470w\" sizes=\"auto, (max-width: 196px) 100vw, 196px\" \/><\/p>\n<div class=\"table-responsive\">\n<table>\n<tbody>\n<tr>\n<td width=\"67\">L<\/p>\n<p>(mm)<\/td>\n<td width=\"67\">18\u00d720<\/p>\n<p>\u00d7 1.2mm<\/td>\n<td width=\"67\">30\u00d720<\/p>\n<p>\u00d7 1.5mm<\/td>\n<td width=\"67\">30\u00d730<\/p>\n<p>\u00d7 1.2mm<\/td>\n<td width=\"67\">30\u00d720<\/p>\n<p>\u00d7 1.75mm<\/td>\n<td width=\"67\">30\u00d730<\/p>\n<p>\u00d7 1.75mm<\/td>\n<td width=\"67\">41\u00d741<\/p>\n<p>\u00d7 1.5mm<\/td>\n<td width=\"67\">41\u00d741<\/p>\n<p>\u00d7 1.75mm<\/td>\n<td width=\"67\">41\u00d741<\/p>\n<p>\u00d7 2.0mm<\/td>\n<td width=\"67\">41\u00d741<\/p>\n<p>\u00d7 2.3mm<\/td>\n<td width=\"67\">41\u00d761<\/p>\n<p>\u00d7 2.3mm<\/td>\n<\/tr>\n<tr>\n<td width=\"67\">500<\/td>\n<td width=\"67\">33<\/td>\n<td width=\"67\">55<\/td>\n<td width=\"67\">103<\/td>\n<td width=\"67\">60<\/td>\n<td width=\"67\">114<\/td>\n<td width=\"67\">305<\/td>\n<td width=\"67\">357<\/td>\n<td width=\"67\">390<\/td>\n<td width=\"67\">437<\/td>\n<td width=\"67\">477<\/td>\n<\/tr>\n<tr>\n<td width=\"67\">1 000<\/td>\n<td width=\"67\">16<\/td>\n<td width=\"67\">27<\/td>\n<td width=\"67\">51<\/td>\n<td width=\"67\">30<\/td>\n<td width=\"67\">57<\/td>\n<td width=\"67\">152<\/td>\n<td width=\"67\">178<\/td>\n<td width=\"67\">194<\/td>\n<td width=\"67\">218<\/td>\n<td width=\"67\">238<\/td>\n<\/tr>\n<tr>\n<td width=\"67\">1 500<\/td>\n<td width=\"67\">11<\/td>\n<td width=\"67\">18<\/td>\n<td width=\"67\">34<\/td>\n<td width=\"67\">20<\/td>\n<td width=\"67\">38<\/td>\n<td width=\"67\">101<\/td>\n<td width=\"67\">118<\/td>\n<td width=\"67\">129<\/td>\n<td width=\"67\">145<\/td>\n<td width=\"67\">158<\/td>\n<\/tr>\n<tr>\n<td width=\"67\">2 000<\/td>\n<td width=\"67\">8<\/td>\n<td width=\"67\">13<\/td>\n<td width=\"67\">25<\/td>\n<td width=\"67\">14<\/td>\n<td width=\"67\">28<\/td>\n<td width=\"67\">75<\/td>\n<td width=\"67\">88<\/td>\n<td width=\"67\">96<\/td>\n<td width=\"67\">108<\/td>\n<td width=\"67\">118<\/td>\n<\/tr>\n<\/tbody>\n<\/table>\n<\/div>\n<p>To samo obci\u0105\u017cenie w trzech punktach (w kg)<\/p>\n<p><img loading=\"lazy\" decoding=\"async\" class=\"alignnone wp-image-279\" src=\"https:\/\/novobud.pl\/wp-content\/uploads\/2023\/07\/\u0421\u043d\u0438\u043c\u043e\u043a-\u044d\u043a\u0440\u0430\u043d\u0430-2023-07-15-\u0432-19.20.58-300x156.png\" alt=\"\" width=\"171\" height=\"89\" srcset=\"https:\/\/novobud.pl\/wp-content\/uploads\/2023\/07\/\u0421\u043d\u0438\u043c\u043e\u043a-\u044d\u043a\u0440\u0430\u043d\u0430-2023-07-15-\u0432-19.20.58-300x156.png 300w, https:\/\/novobud.pl\/wp-content\/uploads\/2023\/07\/\u0421\u043d\u0438\u043c\u043e\u043a-\u044d\u043a\u0440\u0430\u043d\u0430-2023-07-15-\u0432-19.20.58.png 476w\" sizes=\"auto, (max-width: 171px) 100vw, 171px\" \/><\/p>\n<div class=\"table-responsive\">\n<table>\n<tbody>\n<tr>\n<td width=\"67\">L<\/p>\n<p>(mm)<\/td>\n<td width=\"67\">18\u00d720<\/p>\n<p>\u00d7 1.2mm<\/td>\n<td width=\"67\">30\u00d720<\/p>\n<p>\u00d7 1.5mm<\/td>\n<td width=\"67\">30\u00d730<\/p>\n<p>\u00d7 1.2mm<\/td>\n<td width=\"67\">30\u00d720<\/p>\n<p>\u00d7 1.75mm<\/td>\n<td width=\"67\">30\u00d730<\/p>\n<p>\u00d7 1.75mm<\/td>\n<td width=\"67\">41\u00d741<\/p>\n<p>\u00d7 1.5mm<\/td>\n<td width=\"67\">41\u00d741<\/p>\n<p>\u00d7 1.75mm<\/td>\n<td width=\"67\">41\u00d741<\/p>\n<p>\u00d7 2.0mm<\/td>\n<td width=\"67\">41\u00d741<\/p>\n<p>\u00d7 2.3mm<\/td>\n<td width=\"67\">41\u00d761<\/p>\n<p>\u00d7 2.3mm<\/td>\n<\/tr>\n<tr>\n<td width=\"67\">500<\/td>\n<td width=\"67\">22<\/td>\n<td width=\"67\">37<\/td>\n<td width=\"67\">69<\/td>\n<td width=\"67\">40<\/td>\n<td width=\"67\">76<\/td>\n<td width=\"67\">203<\/td>\n<td width=\"67\">238<\/td>\n<td width=\"67\">260<\/td>\n<td width=\"67\">292<\/td>\n<td width=\"67\">318<\/td>\n<\/tr>\n<tr>\n<td width=\"67\">1 000<\/td>\n<td width=\"67\">11<\/td>\n<td width=\"67\">18<\/td>\n<td width=\"67\">34<\/td>\n<td width=\"67\">20<\/td>\n<td width=\"67\">38<\/td>\n<td width=\"67\">101<\/td>\n<td width=\"67\">119<\/td>\n<td width=\"67\">130<\/td>\n<td width=\"67\">145<\/td>\n<td width=\"67\">159<\/td>\n<\/tr>\n<tr>\n<td width=\"67\">1 500<\/td>\n<td width=\"67\">7<\/td>\n<td width=\"67\">12<\/td>\n<td width=\"67\">23<\/td>\n<td width=\"67\">13<\/td>\n<td width=\"67\">25<\/td>\n<td width=\"67\">67<\/td>\n<td width=\"67\">79<\/td>\n<td width=\"67\">86<\/td>\n<td width=\"67\">97<\/td>\n<td width=\"67\">105<\/td>\n<\/tr>\n<tr>\n<td width=\"67\">2 000<\/td>\n<td width=\"67\">5<\/td>\n<td width=\"67\">9<\/td>\n<td width=\"67\">17<\/td>\n<td width=\"67\">10<\/td>\n<td width=\"67\">19<\/td>\n<td width=\"67\">50<\/td>\n<td width=\"67\">58<\/td>\n<td width=\"67\">64<\/td>\n<td width=\"67\">72<\/td>\n<td width=\"67\">78<\/td>\n<\/tr>\n<\/tbody>\n<\/table>\n<\/div>\n<p>Obci\u0105\u017cenie ci\u0105g\u0142e (w kg)<\/p>\n<p><img loading=\"lazy\" decoding=\"async\" class=\"alignnone wp-image-278\" src=\"https:\/\/novobud.pl\/wp-content\/uploads\/2023\/07\/\u0421\u043d\u0438\u043c\u043e\u043a-\u044d\u043a\u0440\u0430\u043d\u0430-2023-07-15-\u0432-19.21.15-300x101.png\" alt=\"\" width=\"151\" height=\"51\" srcset=\"https:\/\/novobud.pl\/wp-content\/uploads\/2023\/07\/\u0421\u043d\u0438\u043c\u043e\u043a-\u044d\u043a\u0440\u0430\u043d\u0430-2023-07-15-\u0432-19.21.15-300x101.png 300w, https:\/\/novobud.pl\/wp-content\/uploads\/2023\/07\/\u0421\u043d\u0438\u043c\u043e\u043a-\u044d\u043a\u0440\u0430\u043d\u0430-2023-07-15-\u0432-19.21.15-510x172.png 510w, https:\/\/novobud.pl\/wp-content\/uploads\/2023\/07\/\u0421\u043d\u0438\u043c\u043e\u043a-\u044d\u043a\u0440\u0430\u043d\u0430-2023-07-15-\u0432-19.21.15.png 558w\" sizes=\"auto, (max-width: 151px) 100vw, 151px\" \/><\/p>\n<div class=\"table-responsive\">\n<table>\n<tbody>\n<tr>\n<td width=\"67\">L<\/p>\n<p>(mm)<\/td>\n<td width=\"67\">18\u00d720<\/p>\n<p>\u00d7 1.2mm<\/td>\n<td width=\"67\">30\u00d720<\/p>\n<p>\u00d7 1.5mm<\/td>\n<td width=\"67\">30\u00d730<\/p>\n<p>\u00d7 1.2mm<\/td>\n<td width=\"67\">30\u00d720<\/p>\n<p>\u00d7 1.75mm<\/td>\n<td width=\"67\">30\u00d730<\/p>\n<p>\u00d7 1.75mm<\/td>\n<td width=\"67\">41\u00d741<\/p>\n<p>\u00d7 1.5mm<\/td>\n<td width=\"67\">41\u00d741<\/p>\n<p>\u00d7 1.75mm<\/td>\n<td width=\"67\">41\u00d741<\/p>\n<p>\u00d7 2.0mm<\/td>\n<td width=\"67\">41\u00d741<\/p>\n<p>\u00d7 2.3mm<\/td>\n<td width=\"67\">41\u00d761<\/p>\n<p>\u00d7 2.3mm<\/td>\n<\/tr>\n<tr>\n<td width=\"67\">500<\/td>\n<td width=\"67\">176<\/td>\n<td width=\"67\">293<\/td>\n<td width=\"67\">551<\/td>\n<td width=\"67\">321<\/td>\n<td width=\"67\">609<\/td>\n<td width=\"67\">1626<\/td>\n<td width=\"67\">1903<\/td>\n<td width=\"67\">2080<\/td>\n<td width=\"67\">2333<\/td>\n<td width=\"67\">2545<\/td>\n<\/tr>\n<tr>\n<td width=\"67\">1 000<\/td>\n<td width=\"67\">44<\/td>\n<td width=\"67\">73<\/td>\n<td width=\"67\">137<\/td>\n<td width=\"67\">80<\/td>\n<td width=\"67\">152<\/td>\n<td width=\"67\">405<\/td>\n<td width=\"67\">474<\/td>\n<td width=\"67\">519<\/td>\n<td width=\"67\">582<\/td>\n<td width=\"67\">635<\/td>\n<\/tr>\n<tr>\n<td width=\"67\">1 500<\/td>\n<td width=\"67\">19<\/td>\n<td width=\"67\">32<\/td>\n<td width=\"67\">60<\/td>\n<td width=\"67\">35<\/td>\n<td width=\"67\">67<\/td>\n<td width=\"67\">179<\/td>\n<td width=\"67\">210<\/td>\n<td width=\"67\">229<\/td>\n<td width=\"67\">257<\/td>\n<td width=\"67\">281<\/td>\n<\/tr>\n<tr>\n<td width=\"67\">2 000<\/td>\n<td width=\"67\">10<\/td>\n<td width=\"67\">17<\/td>\n<td width=\"67\">33<\/td>\n<td width=\"67\">19<\/td>\n<td width=\"67\">37<\/td>\n<td width=\"67\">99<\/td>\n<td width=\"67\">117<\/td>\n<td width=\"67\">128<\/td>\n<td width=\"67\">144<\/td>\n<td width=\"67\">157<\/td>\n<\/tr>\n<\/tbody>\n<\/table>\n<\/div>","protected":false},"excerpt":{"rendered":"<p>Materia\u0142y: stal ocynkowana Numer artyku\u0142u Wymiar A\u00d7B\u00d7S Waga 1\/Lfm Moment bezw\u0142adno\u015bci Zm4 Wsp\u00f3\u0142czynnik oporu powietrza Zm3 Jy Jz Wy Wz 1820120 18mm\u00d720mm\u00d71,2mm 0,515 0,272 0,942 0,281 0,697 2020150 30mm\u00d720mm\u00d71,5mm 0,748 0,498 1,617 0,468 1,078 3030150 30mm\u00d730mm\u00d71,5mm 0,983 1,384 2,227 0,878 1,485 4041150 41mm\u00d741mm\u00d71,5mm 1.604 4.445 5.68 2.16 2.771 3020175 30mm\u00d720mm\u00d71,75mm 0,837 0,546 1.789 0,512 1,193 [&#8230;]","protected":false},"featured_media":274,"comment_status":"open","ping_status":"closed","template":"","meta":[],"product_cat":[34],"product_tag":[],"class_list":["post-273","product","type-product","status-publish","has-post-thumbnail","hentry","product_cat-technologia-instalacji"],"yoast_head":"<!-- This site is optimized with the Yoast SEO plugin v20.12 - https:\/\/yoast.com\/wordpress\/plugins\/seo\/ -->\n<title>Profile monta\u017cowe - Novobud<\/title>\n<meta name=\"description\" content=\"Zam\u00f3w u nas Profile monta\u017cowe \u27a6NOVOBUD. \u260e +380442779820. technologia element\u00f3w z\u0142\u0105cznych. Czekamy na Ciebie!\" \/>\n<meta name=\"robots\" content=\"index, follow, max-snippet:-1, max-image-preview:large, max-video-preview:-1\" \/>\n<link rel=\"canonical\" href=\"https:\/\/novobud.pl\/en\/product\/profile-montazowe\/\" \/>\n<meta property=\"og:locale\" content=\"en_US\" \/>\n<meta property=\"og:type\" content=\"article\" \/>\n<meta property=\"og:title\" content=\"Profile monta\u017cowe - Novobud\" \/>\n<meta property=\"og:description\" content=\"Zam\u00f3w u nas Profile monta\u017cowe \u27a6NOVOBUD. \u260e +380442779820. technologia element\u00f3w z\u0142\u0105cznych. Czekamy na Ciebie!\" \/>\n<meta property=\"og:url\" content=\"https:\/\/novobud.pl\/en\/product\/profile-montazowe\/\" \/>\n<meta property=\"og:site_name\" content=\"Novobud\" \/>\n<meta property=\"article:modified_time\" content=\"2023-07-27T06:00:28+00:00\" \/>\n<meta property=\"og:image\" content=\"https:\/\/novobud.pl\/wp-content\/uploads\/2023\/07\/Montageprofile.png\" \/>\n\t<meta property=\"og:image:width\" content=\"800\" \/>\n\t<meta property=\"og:image:height\" content=\"600\" \/>\n\t<meta property=\"og:image:type\" content=\"image\/png\" \/>\n<meta name=\"twitter:card\" content=\"summary_large_image\" \/>\n<meta name=\"twitter:label1\" content=\"Est. reading time\" \/>\n\t<meta name=\"twitter:data1\" content=\"4 minutes\" \/>\n<script type=\"application\/ld+json\" class=\"yoast-schema-graph\">{\"@context\":\"https:\/\/schema.org\",\"@graph\":[{\"@type\":\"WebPage\",\"@id\":\"https:\/\/novobud.pl\/product\/profile-montazowe\/\",\"url\":\"https:\/\/novobud.pl\/product\/profile-montazowe\/\",\"name\":\"Profile monta\u017cowe - Novobud\",\"isPartOf\":{\"@id\":\"https:\/\/novobud.pl\/#website\"},\"datePublished\":\"2023-07-15T16:10:31+00:00\",\"dateModified\":\"2023-07-27T06:00:28+00:00\",\"description\":\"Zam\u00f3w u nas Profile monta\u017cowe \u27a6NOVOBUD. \u260e +380442779820. technologia element\u00f3w z\u0142\u0105cznych. Czekamy na Ciebie!\",\"breadcrumb\":{\"@id\":\"https:\/\/novobud.pl\/product\/profile-montazowe\/#breadcrumb\"},\"inLanguage\":\"en-US\",\"potentialAction\":[{\"@type\":\"ReadAction\",\"target\":[\"https:\/\/novobud.pl\/product\/profile-montazowe\/\"]}]},{\"@type\":\"BreadcrumbList\",\"@id\":\"https:\/\/novobud.pl\/product\/profile-montazowe\/#breadcrumb\",\"itemListElement\":[{\"@type\":\"ListItem\",\"position\":1,\"name\":\"\u0413\u043b\u0430\u0432\u043d\u0430\u044f \u0441\u0442\u0440\u0430\u043d\u0438\u0446\u0430\",\"item\":\"https:\/\/novobud.pl\/\"},{\"@type\":\"ListItem\",\"position\":2,\"name\":\"Shop\",\"item\":\"https:\/\/novobud.pl\/shop\/\"},{\"@type\":\"ListItem\",\"position\":3,\"name\":\"Profile monta\u017cowe\"}]},{\"@type\":\"WebSite\",\"@id\":\"https:\/\/novobud.pl\/#website\",\"url\":\"https:\/\/novobud.pl\/\",\"name\":\"Novobud\",\"description\":\"Novobud.pl\",\"potentialAction\":[{\"@type\":\"SearchAction\",\"target\":{\"@type\":\"EntryPoint\",\"urlTemplate\":\"https:\/\/novobud.pl\/?s={search_term_string}\"},\"query-input\":\"required name=search_term_string\"}],\"inLanguage\":\"en-US\"}]}<\/script>\n<!-- \/ Yoast SEO plugin. -->","yoast_head_json":{"title":"Profile monta\u017cowe - Novobud","description":"Zam\u00f3w u nas Profile monta\u017cowe \u27a6NOVOBUD. \u260e +380442779820. technologia element\u00f3w z\u0142\u0105cznych. Czekamy na Ciebie!","robots":{"index":"index","follow":"follow","max-snippet":"max-snippet:-1","max-image-preview":"max-image-preview:large","max-video-preview":"max-video-preview:-1"},"canonical":"https:\/\/novobud.pl\/en\/product\/profile-montazowe\/","og_locale":"en_US","og_type":"article","og_title":"Profile monta\u017cowe - Novobud","og_description":"Zam\u00f3w u nas Profile monta\u017cowe \u27a6NOVOBUD. \u260e +380442779820. technologia element\u00f3w z\u0142\u0105cznych. Czekamy na Ciebie!","og_url":"https:\/\/novobud.pl\/en\/product\/profile-montazowe\/","og_site_name":"Novobud","article_modified_time":"2023-07-27T06:00:28+00:00","og_image":[{"width":800,"height":600,"url":"https:\/\/novobud.pl\/wp-content\/uploads\/2023\/07\/Montageprofile.png","type":"image\/png"}],"twitter_card":"summary_large_image","twitter_misc":{"Est. reading time":"4 minutes"},"schema":{"@context":"https:\/\/schema.org","@graph":[{"@type":"WebPage","@id":"https:\/\/novobud.pl\/product\/profile-montazowe\/","url":"https:\/\/novobud.pl\/product\/profile-montazowe\/","name":"Profile monta\u017cowe - Novobud","isPartOf":{"@id":"https:\/\/novobud.pl\/#website"},"datePublished":"2023-07-15T16:10:31+00:00","dateModified":"2023-07-27T06:00:28+00:00","description":"Zam\u00f3w u nas Profile monta\u017cowe \u27a6NOVOBUD. \u260e +380442779820. technologia element\u00f3w z\u0142\u0105cznych. Czekamy na Ciebie!","breadcrumb":{"@id":"https:\/\/novobud.pl\/product\/profile-montazowe\/#breadcrumb"},"inLanguage":"en-US","potentialAction":[{"@type":"ReadAction","target":["https:\/\/novobud.pl\/product\/profile-montazowe\/"]}]},{"@type":"BreadcrumbList","@id":"https:\/\/novobud.pl\/product\/profile-montazowe\/#breadcrumb","itemListElement":[{"@type":"ListItem","position":1,"name":"\u0413\u043b\u0430\u0432\u043d\u0430\u044f \u0441\u0442\u0440\u0430\u043d\u0438\u0446\u0430","item":"https:\/\/novobud.pl\/"},{"@type":"ListItem","position":2,"name":"Shop","item":"https:\/\/novobud.pl\/shop\/"},{"@type":"ListItem","position":3,"name":"Profile monta\u017cowe"}]},{"@type":"WebSite","@id":"https:\/\/novobud.pl\/#website","url":"https:\/\/novobud.pl\/","name":"Novobud","description":"Novobud.pl","potentialAction":[{"@type":"SearchAction","target":{"@type":"EntryPoint","urlTemplate":"https:\/\/novobud.pl\/?s={search_term_string}"},"query-input":"required name=search_term_string"}],"inLanguage":"en-US"}]}},"_links":{"self":[{"href":"https:\/\/novobud.pl\/en\/wp-json\/wp\/v2\/product\/273","targetHints":{"allow":["GET"]}}],"collection":[{"href":"https:\/\/novobud.pl\/en\/wp-json\/wp\/v2\/product"}],"about":[{"href":"https:\/\/novobud.pl\/en\/wp-json\/wp\/v2\/types\/product"}],"replies":[{"embeddable":true,"href":"https:\/\/novobud.pl\/en\/wp-json\/wp\/v2\/comments?post=273"}],"wp:featuredmedia":[{"embeddable":true,"href":"https:\/\/novobud.pl\/en\/wp-json\/wp\/v2\/media\/274"}],"wp:attachment":[{"href":"https:\/\/novobud.pl\/en\/wp-json\/wp\/v2\/media?parent=273"}],"wp:term":[{"taxonomy":"product_cat","embeddable":true,"href":"https:\/\/novobud.pl\/en\/wp-json\/wp\/v2\/product_cat?post=273"},{"taxonomy":"product_tag","embeddable":true,"href":"https:\/\/novobud.pl\/en\/wp-json\/wp\/v2\/product_tag?post=273"}],"curies":[{"name":"wp","href":"https:\/\/api.w.org\/{rel}","templated":true}]}}