{"id":282,"date":"2023-07-15T19:31:37","date_gmt":"2023-07-15T16:31:37","guid":{"rendered":"https:\/\/novobud.pl\/?post_type=product&#038;p=282"},"modified":"2023-07-27T08:57:30","modified_gmt":"2023-07-27T05:57:30","slug":"wsporniki-montazowe","status":"publish","type":"product","link":"https:\/\/novobud.pl\/en\/product\/wsporniki-montazowe\/","title":{"rendered":"Wsporniki monta\u017cowe"},"content":{"rendered":"<p>Powierzchnia ocynkowana<\/p>\n<div class=\"table-responsive\">\n<table>\n<tbody>\n<tr>\n<td style=\"text-align: left;\" width=\"162\"><strong>Article number<\/strong><\/td>\n<td style=\"text-align: center;\" width=\"134\"><strong>Grubo\u015b\u0107 p\u0142yty bazowej (S)mm<\/strong><\/td>\n<td style=\"text-align: center;\" width=\"147\"><strong>Typ profilu<\/strong><br \/>\n<strong>A\u00d7B\u00d7S<\/strong><\/td>\n<td style=\"text-align: center;\" width=\"145\"><strong>Length<\/strong><br \/>\n<strong>(L)mm<\/strong><\/td>\n<td style=\"text-align: center;\" width=\"146\"><strong>Weight<\/strong><br \/>\n<strong>kg\/szt.<\/strong><\/td>\n<\/tr>\n<tr>\n<td width=\"162\">4823106400613<\/td>\n<td width=\"134\">4<\/td>\n<td width=\"147\">30\u00d720\u00d71,2<\/td>\n<td width=\"145\">150<\/td>\n<td width=\"146\">0,221<\/td>\n<\/tr>\n<tr>\n<td width=\"162\">4823106400620<\/td>\n<td width=\"134\">4<\/td>\n<td width=\"147\">30\u00d720\u00d71,2<\/td>\n<td width=\"145\">200<\/td>\n<td width=\"146\">0,246<\/td>\n<\/tr>\n<tr>\n<td width=\"162\">4823106400637<\/td>\n<td width=\"134\">4<\/td>\n<td width=\"147\">30\u00d720\u00d71,2<\/td>\n<td width=\"145\">250<\/td>\n<td width=\"146\">0,272<\/td>\n<\/tr>\n<tr>\n<td width=\"162\">4823106400644<\/td>\n<td width=\"134\">4<\/td>\n<td width=\"147\">30\u00d720\u00d71,2<\/td>\n<td width=\"145\">300<\/td>\n<td width=\"146\">0,298<\/td>\n<\/tr>\n<tr>\n<td width=\"162\">043030150300<\/td>\n<td width=\"134\">4<\/td>\n<td width=\"147\">30\u00d730\u00d71,5<\/td>\n<td width=\"145\">300<\/td>\n<td width=\"146\">0,367<\/td>\n<\/tr>\n<tr>\n<td width=\"162\">043030150400<\/td>\n<td width=\"134\">4<\/td>\n<td width=\"147\">30\u00d730\u00d71,5<\/td>\n<td width=\"145\">400<\/td>\n<td width=\"146\">0,537<\/td>\n<\/tr>\n<tr>\n<td width=\"162\">4823106400675<\/td>\n<td width=\"134\">5<\/td>\n<td width=\"147\">30\u00d730\u00d71,8<\/td>\n<td width=\"145\">300<\/td>\n<td width=\"146\">0,528<\/td>\n<\/tr>\n<tr>\n<td width=\"162\">4823106400682<\/td>\n<td width=\"134\">5<\/td>\n<td width=\"147\">30\u00d730\u00d71,8<\/td>\n<td width=\"145\">400<\/td>\n<td width=\"146\">0,644<\/td>\n<\/tr>\n<tr>\n<td width=\"162\">053030180500<\/td>\n<td width=\"134\">5<\/td>\n<td width=\"147\">30\u00d730\u00d71,8<\/td>\n<td width=\"145\">500<\/td>\n<td width=\"146\">0,760<\/td>\n<\/tr>\n<tr>\n<td width=\"162\">054141180400<\/td>\n<td width=\"134\">5<\/td>\n<td width=\"147\">41\u00d741\u00d71,8<\/td>\n<td width=\"145\">400<\/td>\n<td width=\"146\">0,944<\/td>\n<\/tr>\n<tr>\n<td width=\"162\">4823106400699<\/td>\n<td width=\"134\">5<\/td>\n<td width=\"147\">41\u00d741\u00d71,8<\/td>\n<td width=\"145\">500<\/td>\n<td width=\"146\">1,114<\/td>\n<\/tr>\n<tr>\n<td width=\"162\">4823106400705<\/td>\n<td width=\"134\">5<\/td>\n<td width=\"147\">41\u00d741\u00d71,8<\/td>\n<td width=\"145\">600<\/td>\n<td width=\"146\">1,285<\/td>\n<\/tr>\n<tr>\n<td width=\"162\">4823106400712<\/td>\n<td width=\"134\">5<\/td>\n<td width=\"147\">41\u00d741\u00d72,0<\/td>\n<td width=\"145\">500<\/td>\n<td width=\"146\">1,234<\/td>\n<\/tr>\n<tr>\n<td width=\"162\">4823106400729<\/td>\n<td width=\"134\">5<\/td>\n<td width=\"147\">41\u00d741\u00d72,0<\/td>\n<td width=\"145\">600<\/td>\n<td width=\"146\">1,445<\/td>\n<\/tr>\n<tr>\n<td width=\"162\">4823106400736<\/td>\n<td width=\"134\">5<\/td>\n<td width=\"147\">41\u00d741\u00d72,0<\/td>\n<td width=\"145\">710<\/td>\n<td width=\"146\">1,676<\/td>\n<\/tr>\n<\/tbody>\n<\/table>\n<\/div>\n<p>Dane techniczne wspornik\u00f3w monta\u017cowych<br \/>\nObci\u0105\u017cenie w jednym punkcie (w kg)<\/p>\n<p>&nbsp;<\/p>\n<p><img loading=\"lazy\" decoding=\"async\" class=\"alignnone wp-image-285\" src=\"https:\/\/novobud.pl\/wp-content\/uploads\/2023\/07\/\u0421\u043d\u0438\u043c\u043e\u043a-\u044d\u043a\u0440\u0430\u043d\u0430-2023-07-15-\u0432-19.27.36.png\" alt=\"\" width=\"142\" height=\"127\" \/><\/p>\n<div class=\"table-responsive\">\n<table>\n<tbody>\n<tr>\n<td width=\"67\">L<\/p>\n<p>(mm)<\/td>\n<td width=\"67\">18\u00d720<\/p>\n<p>\u00d7 1.2mm<\/td>\n<td width=\"67\">30\u00d730<\/p>\n<p>\u00d7 1.5mm<\/td>\n<td width=\"67\">30\u00d730<\/p>\n<p>\u00d7 1.75mm<\/td>\n<td width=\"67\">41\u00d741<\/p>\n<p>\u00d7 175mm<\/td>\n<td width=\"67\">41\u00d741<\/p>\n<p>\u00d7 2.00mm<\/td>\n<td width=\"67\">41\u00d741<\/p>\n<p>\u00d7 2.3mm<\/td>\n<\/tr>\n<tr>\n<td width=\"67\">150<\/td>\n<td width=\"67\">122<\/td>\n<td width=\"67\">268<\/td>\n<td width=\"67\">310<\/td>\n<td width=\"67\">698<\/td>\n<td width=\"67\">763<\/td>\n<td width=\"67\">855<\/td>\n<\/tr>\n<tr>\n<td width=\"67\">200<\/td>\n<td width=\"67\">92<\/td>\n<td width=\"67\">201<\/td>\n<td width=\"67\">233<\/td>\n<td width=\"67\">523<\/td>\n<td width=\"67\">572<\/td>\n<td width=\"67\">642<\/td>\n<\/tr>\n<tr>\n<td width=\"67\">250<\/td>\n<td width=\"67\">74<\/td>\n<td width=\"67\">161<\/td>\n<td width=\"67\">187<\/td>\n<td width=\"67\">419<\/td>\n<td width=\"67\">458<\/td>\n<td width=\"67\">513<\/td>\n<\/tr>\n<tr>\n<td width=\"67\">300<\/td>\n<td width=\"67\">62<\/td>\n<td width=\"67\">134<\/td>\n<td width=\"67\">155<\/td>\n<td width=\"67\">348<\/td>\n<td width=\"67\">381<\/td>\n<td width=\"67\">428<\/td>\n<\/tr>\n<tr>\n<td width=\"67\">400<\/td>\n<td width=\"67\">46<\/td>\n<td width=\"67\">100<\/td>\n<td width=\"67\">116<\/td>\n<td width=\"67\">261<\/td>\n<td width=\"67\">285<\/td>\n<td width=\"67\">320<\/td>\n<\/tr>\n<tr>\n<td width=\"67\">500<\/td>\n<td width=\"67\">37<\/td>\n<td width=\"67\">80<\/td>\n<td width=\"67\">92<\/td>\n<td width=\"67\">208<\/td>\n<td width=\"67\">228<\/td>\n<td width=\"67\">256<\/td>\n<\/tr>\n<tr>\n<td width=\"67\">600<\/td>\n<td width=\"67\">31<\/td>\n<td width=\"67\">66<\/td>\n<td width=\"67\">77<\/td>\n<td width=\"67\">173<\/td>\n<td width=\"67\">190<\/td>\n<td width=\"67\">213<\/td>\n<\/tr>\n<tr>\n<td width=\"67\">710<\/td>\n<td width=\"67\">25<\/td>\n<td width=\"67\">56<\/td>\n<td width=\"67\">65<\/td>\n<td width=\"67\">146<\/td>\n<td width=\"67\">160<\/td>\n<td width=\"67\">179<\/td>\n<\/tr>\n<tr>\n<td width=\"67\">1050<\/td>\n<td width=\"67\">17<\/td>\n<td width=\"67\">38<\/td>\n<td width=\"67\">43<\/td>\n<td width=\"67\">98<\/td>\n<td width=\"67\">107<\/td>\n<td width=\"67\">121<\/td>\n<\/tr>\n<\/tbody>\n<\/table>\n<\/div>\n<p>Takie samo obci\u0105\u017cenie w dw\u00f3ch punktach (w kg)<\/p>\n<p><img loading=\"lazy\" decoding=\"async\" class=\"alignnone wp-image-286\" src=\"https:\/\/novobud.pl\/wp-content\/uploads\/2023\/07\/\u0421\u043d\u0438\u043c\u043e\u043a-\u044d\u043a\u0440\u0430\u043d\u0430-2023-07-15-\u0432-19.27.44.png\" alt=\"\" width=\"160\" height=\"139\" \/><\/p>\n<div class=\"table-responsive\">\n<table>\n<tbody>\n<tr>\n<td width=\"67\">L<\/p>\n<p>(mm)<\/td>\n<td width=\"67\">18\u00d720<\/p>\n<p>\u00d7 1.2mm<\/td>\n<td width=\"67\">30\u00d730<\/p>\n<p>\u00d7 1.5mm<\/td>\n<td width=\"67\">30\u00d730<\/p>\n<p>\u00d7 1.75mm<\/td>\n<td width=\"67\">41\u00d741<\/p>\n<p>\u00d7 175mm<\/td>\n<td width=\"67\">41\u00d741<\/p>\n<p>\u00d7 2.00mm<\/td>\n<td width=\"67\">41\u00d741<\/p>\n<p>\u00d7 2.3mm<\/td>\n<\/tr>\n<tr>\n<td width=\"67\">150<\/td>\n<td width=\"67\">62<\/td>\n<td width=\"67\">133<\/td>\n<td width=\"67\">155<\/td>\n<td width=\"67\">349<\/td>\n<td width=\"67\">381<\/td>\n<td width=\"67\">428<\/td>\n<\/tr>\n<tr>\n<td width=\"67\">200<\/td>\n<td width=\"67\">46<\/td>\n<td width=\"67\">100<\/td>\n<td width=\"67\">116<\/td>\n<td width=\"67\">261<\/td>\n<td width=\"67\">286<\/td>\n<td width=\"67\">320<\/td>\n<\/tr>\n<tr>\n<td width=\"67\">250<\/td>\n<td width=\"67\">37<\/td>\n<td width=\"67\">80<\/td>\n<td width=\"67\">93<\/td>\n<td width=\"67\">209<\/td>\n<td width=\"67\">229<\/td>\n<td width=\"67\">256<\/td>\n<\/tr>\n<tr>\n<td width=\"67\">300<\/td>\n<td width=\"67\">31<\/td>\n<td width=\"67\">67<\/td>\n<td width=\"67\">77<\/td>\n<td width=\"67\">174<\/td>\n<td width=\"67\">191<\/td>\n<td width=\"67\">214<\/td>\n<\/tr>\n<tr>\n<td width=\"67\">400<\/td>\n<td width=\"67\">23<\/td>\n<td width=\"67\">50<\/td>\n<td width=\"67\">58<\/td>\n<td width=\"67\">130<\/td>\n<td width=\"67\">143<\/td>\n<td width=\"67\">160<\/td>\n<\/tr>\n<tr>\n<td width=\"67\">500<\/td>\n<td width=\"67\">18<\/td>\n<td width=\"67\">40<\/td>\n<td width=\"67\">47<\/td>\n<td width=\"67\">105<\/td>\n<td width=\"67\">114<\/td>\n<td width=\"67\">128<\/td>\n<\/tr>\n<tr>\n<td width=\"67\">600<\/td>\n<td width=\"67\">15<\/td>\n<td width=\"67\">33<\/td>\n<td width=\"67\">39<\/td>\n<td width=\"67\">87<\/td>\n<td width=\"67\">95<\/td>\n<td width=\"67\">106<\/td>\n<\/tr>\n<tr>\n<td width=\"67\">710<\/td>\n<td width=\"67\">13<\/td>\n<td width=\"67\">28<\/td>\n<td width=\"67\">32<\/td>\n<td width=\"67\">73<\/td>\n<td width=\"67\">80<\/td>\n<td width=\"67\">90<\/td>\n<\/tr>\n<tr>\n<td width=\"67\">1050<\/td>\n<td width=\"67\">9<\/td>\n<td width=\"67\">18<\/td>\n<td width=\"67\">22<\/td>\n<td width=\"67\">49<\/td>\n<td width=\"67\">53<\/td>\n<td width=\"67\">60<\/td>\n<\/tr>\n<\/tbody>\n<\/table>\n<\/div>\n<p>To samo obci\u0105\u017cenie w trzech punktach (w kg)<\/p>\n<p><img loading=\"lazy\" decoding=\"async\" class=\"alignnone wp-image-287\" src=\"https:\/\/novobud.pl\/wp-content\/uploads\/2023\/07\/\u0421\u043d\u0438\u043c\u043e\u043a-\u044d\u043a\u0440\u0430\u043d\u0430-2023-07-15-\u0432-19.29.50-300x151.png\" alt=\"\" width=\"199\" height=\"100\" srcset=\"https:\/\/novobud.pl\/wp-content\/uploads\/2023\/07\/\u0421\u043d\u0438\u043c\u043e\u043a-\u044d\u043a\u0440\u0430\u043d\u0430-2023-07-15-\u0432-19.29.50-300x151.png 300w, https:\/\/novobud.pl\/wp-content\/uploads\/2023\/07\/\u0421\u043d\u0438\u043c\u043e\u043a-\u044d\u043a\u0440\u0430\u043d\u0430-2023-07-15-\u0432-19.29.50.png 408w\" sizes=\"auto, (max-width: 199px) 100vw, 199px\" \/><\/p>\n<div class=\"table-responsive\">\n<table>\n<tbody>\n<tr>\n<td width=\"67\">L<\/p>\n<p>(mm)<\/td>\n<td width=\"67\">18\u00d720<\/p>\n<p>\u00d7 1.2mm<\/td>\n<td width=\"67\">30\u00d730<\/p>\n<p>\u00d7 1.5mm<\/td>\n<td width=\"67\">30\u00d730<\/p>\n<p>\u00d7 1.75mm<\/td>\n<td width=\"67\">41\u00d741<\/p>\n<p>\u00d7 175mm<\/td>\n<td width=\"67\">41\u00d741<\/p>\n<p>\u00d7 2.00mm<\/td>\n<td width=\"67\">41\u00d741<\/p>\n<p>\u00d7 2.3mm<\/td>\n<\/tr>\n<tr>\n<td width=\"67\">150<\/td>\n<td width=\"67\">40<\/td>\n<td width=\"67\">90<\/td>\n<td width=\"67\">103<\/td>\n<td width=\"67\">232<\/td>\n<td width=\"67\">254<\/td>\n<td width=\"67\">285<\/td>\n<\/tr>\n<tr>\n<td width=\"67\">200<\/td>\n<td width=\"67\">31<\/td>\n<td width=\"67\">67<\/td>\n<td width=\"67\">77<\/td>\n<td width=\"67\">174<\/td>\n<td width=\"67\">191<\/td>\n<td width=\"67\">214<\/td>\n<\/tr>\n<tr>\n<td width=\"67\">250<\/td>\n<td width=\"67\">25<\/td>\n<td width=\"67\">53<\/td>\n<td width=\"67\">62<\/td>\n<td width=\"67\">140<\/td>\n<td width=\"67\">152<\/td>\n<td width=\"67\">170<\/td>\n<\/tr>\n<tr>\n<td width=\"67\">300<\/td>\n<td width=\"67\">20<\/td>\n<td width=\"67\">45<\/td>\n<td width=\"67\">52<\/td>\n<td width=\"67\">116<\/td>\n<td width=\"67\">127<\/td>\n<td width=\"67\">142<\/td>\n<\/tr>\n<tr>\n<td width=\"67\">400<\/td>\n<td width=\"67\">15<\/td>\n<td width=\"67\">33<\/td>\n<td width=\"67\">39<\/td>\n<td width=\"67\">87<\/td>\n<td width=\"67\">95<\/td>\n<td width=\"67\">106<\/td>\n<\/tr>\n<tr>\n<td width=\"67\">500<\/td>\n<td width=\"67\">12<\/td>\n<td width=\"67\">26<\/td>\n<td width=\"67\">31<\/td>\n<td width=\"67\">69<\/td>\n<td width=\"67\">76<\/td>\n<td width=\"67\">85<\/td>\n<\/tr>\n<tr>\n<td width=\"67\">600<\/td>\n<td width=\"67\">10<\/td>\n<td width=\"67\">22<\/td>\n<td width=\"67\">25<\/td>\n<td width=\"67\">58<\/td>\n<td width=\"67\">63<\/td>\n<td width=\"67\">71<\/td>\n<\/tr>\n<tr>\n<td width=\"67\">710<\/td>\n<td width=\"67\">9<\/td>\n<td width=\"67\">18<\/td>\n<td width=\"67\">22<\/td>\n<td width=\"67\">48<\/td>\n<td width=\"67\">53<\/td>\n<td width=\"67\">60<\/td>\n<\/tr>\n<tr>\n<td width=\"67\">1050<\/td>\n<td width=\"67\">5<\/td>\n<td width=\"67\">12<\/td>\n<td width=\"67\">14<\/td>\n<td width=\"67\">32<\/td>\n<td width=\"67\">36<\/td>\n<td width=\"67\">40<\/td>\n<\/tr>\n<\/tbody>\n<\/table>\n<\/div>\n<p>Obci\u0105\u017cenie ci\u0105g\u0142e (w kg)<\/p>\n<p><img loading=\"lazy\" decoding=\"async\" class=\"alignnone wp-image-288\" src=\"https:\/\/novobud.pl\/wp-content\/uploads\/2023\/07\/\u0421\u043d\u0438\u043c\u043e\u043a-\u044d\u043a\u0440\u0430\u043d\u0430-2023-07-15-\u0432-19.29.58.png\" alt=\"\" width=\"163\" height=\"90\" \/><\/p>\n<div class=\"table-responsive\">\n<table>\n<tbody>\n<tr>\n<td width=\"67\">L<\/p>\n<p>(mm)<\/td>\n<td width=\"67\">18\u00d720<\/p>\n<p>\u00d7 1.2mm<\/td>\n<td width=\"67\">30\u00d730<\/p>\n<p>\u00d7 1.5mm<\/td>\n<td width=\"67\">30\u00d730<\/p>\n<p>\u00d7 1.75mm<\/td>\n<td width=\"67\">41\u00d741<\/p>\n<p>\u00d7 175mm<\/td>\n<td width=\"67\">41\u00d741<\/p>\n<p>\u00d7 2.00mm<\/td>\n<td width=\"67\">41\u00d741<\/p>\n<p>\u00d7 2.3mm<\/td>\n<\/tr>\n<tr>\n<td width=\"67\">150<\/td>\n<td width=\"67\">818<\/td>\n<td width=\"67\">1800<\/td>\n<td width=\"67\">2071<\/td>\n<td width=\"67\">4654<\/td>\n<td width=\"67\">5085<\/td>\n<td width=\"67\">5703<\/td>\n<\/tr>\n<tr>\n<td width=\"67\">200<\/td>\n<td width=\"67\">460<\/td>\n<td width=\"67\">1005<\/td>\n<td width=\"67\">1164<\/td>\n<td width=\"67\">2617<\/td>\n<td width=\"67\">2860<\/td>\n<td width=\"67\">3207<\/td>\n<\/tr>\n<tr>\n<td width=\"67\">250<\/td>\n<td width=\"67\">294<\/td>\n<td width=\"67\">643<\/td>\n<td width=\"67\">745<\/td>\n<td width=\"67\">1674<\/td>\n<td width=\"67\">1829<\/td>\n<td width=\"67\">2052<\/td>\n<\/tr>\n<tr>\n<td width=\"67\">300<\/td>\n<td width=\"67\">204<\/td>\n<td width=\"67\">447<\/td>\n<td width=\"67\">517<\/td>\n<td width=\"67\">1162<\/td>\n<td width=\"67\">1270<\/td>\n<td width=\"67\">1427<\/td>\n<\/tr>\n<tr>\n<td width=\"67\">400<\/td>\n<td width=\"67\">115<\/td>\n<td width=\"67\">250<\/td>\n<td width=\"67\">290<\/td>\n<td width=\"67\">653<\/td>\n<td width=\"67\">713<\/td>\n<td width=\"67\">800<\/td>\n<\/tr>\n<tr>\n<td width=\"67\">500<\/td>\n<td width=\"67\">73<\/td>\n<td width=\"67\">160<\/td>\n<td width=\"67\">185<\/td>\n<td width=\"67\">417<\/td>\n<td width=\"67\">455<\/td>\n<td width=\"67\">511<\/td>\n<\/tr>\n<tr>\n<td width=\"67\">600<\/td>\n<td width=\"67\">51<\/td>\n<td width=\"67\">111<\/td>\n<td width=\"67\">128<\/td>\n<td width=\"67\">289<\/td>\n<td width=\"67\">315<\/td>\n<td width=\"67\">355<\/td>\n<\/tr>\n<tr>\n<td width=\"67\">710<\/td>\n<td width=\"67\">36<\/td>\n<td width=\"67\">79<\/td>\n<td width=\"67\">91<\/td>\n<td width=\"67\">206<\/td>\n<td width=\"67\">225<\/td>\n<td width=\"67\">252<\/td>\n<\/tr>\n<tr>\n<td width=\"67\">1050<\/td>\n<td width=\"67\">16<\/td>\n<td width=\"67\">35<\/td>\n<td width=\"67\">41<\/td>\n<td width=\"67\">93<\/td>\n<td width=\"67\">102<\/td>\n<td width=\"67\">114<\/td>\n<\/tr>\n<\/tbody>\n<\/table>\n<\/div>\n<p>Obci\u0105\u017cenie kraw\u0119dzi (w kg)<\/p>\n<p><img loading=\"lazy\" decoding=\"async\" class=\"alignnone wp-image-289\" src=\"https:\/\/novobud.pl\/wp-content\/uploads\/2023\/07\/\u0421\u043d\u0438\u043c\u043e\u043a-\u044d\u043a\u0440\u0430\u043d\u0430-2023-07-15-\u0432-19.30.09.png\" alt=\"\" width=\"152\" height=\"110\" \/><\/p>\n<div class=\"table-responsive\">\n<table>\n<tbody>\n<tr>\n<td width=\"67\">L<\/p>\n<p>(mm)<\/td>\n<td width=\"67\">18\u00d720<\/p>\n<p>\u00d7 1.2mm<\/td>\n<td width=\"67\">30\u00d730<\/p>\n<p>\u00d7 1.5mm<\/td>\n<td width=\"67\">30\u00d730<\/p>\n<p>\u00d7 1.75mm<\/td>\n<td width=\"67\">41\u00d741<\/p>\n<p>\u00d7 175mm<\/td>\n<td width=\"67\">41\u00d741<\/p>\n<p>\u00d7 2.00mm<\/td>\n<td width=\"67\">41\u00d741<\/p>\n<p>\u00d7 2.3mm<\/td>\n<\/tr>\n<tr>\n<td width=\"67\">150<\/td>\n<td width=\"67\">61<\/td>\n<td width=\"67\">133<\/td>\n<td width=\"67\">155<\/td>\n<td width=\"67\">350<\/td>\n<td width=\"67\">381<\/td>\n<td width=\"67\">427<\/td>\n<\/tr>\n<tr>\n<td width=\"67\">200<\/td>\n<td width=\"67\">46<\/td>\n<td width=\"67\">100<\/td>\n<td width=\"67\">116<\/td>\n<td width=\"67\">261<\/td>\n<td width=\"67\">286<\/td>\n<td width=\"67\">320<\/td>\n<\/tr>\n<tr>\n<td width=\"67\">250<\/td>\n<td width=\"67\">37<\/td>\n<td width=\"67\">80<\/td>\n<td width=\"67\">93<\/td>\n<td width=\"67\">209<\/td>\n<td width=\"67\">228<\/td>\n<td width=\"67\">256<\/td>\n<\/tr>\n<tr>\n<td width=\"67\">300<\/td>\n<td width=\"67\">31<\/td>\n<td width=\"67\">67<\/td>\n<td width=\"67\">77<\/td>\n<td width=\"67\">174<\/td>\n<td width=\"67\">190<\/td>\n<td width=\"67\">213<\/td>\n<\/tr>\n<tr>\n<td width=\"67\">400<\/td>\n<td width=\"67\">23<\/td>\n<td width=\"67\">50<\/td>\n<td width=\"67\">58<\/td>\n<td width=\"67\">130<\/td>\n<td width=\"67\">142<\/td>\n<td width=\"67\">160<\/td>\n<\/tr>\n<tr>\n<td width=\"67\">500<\/td>\n<td width=\"67\">18<\/td>\n<td width=\"67\">40<\/td>\n<td width=\"67\">47<\/td>\n<td width=\"67\">105<\/td>\n<td width=\"67\">114<\/td>\n<td width=\"67\">128<\/td>\n<\/tr>\n<tr>\n<td width=\"67\">600<\/td>\n<td width=\"67\">15<\/td>\n<td width=\"67\">33<\/td>\n<td width=\"67\">39<\/td>\n<td width=\"67\">87<\/td>\n<td width=\"67\">95<\/td>\n<td width=\"67\">106<\/td>\n<\/tr>\n<tr>\n<td width=\"67\">710<\/td>\n<td width=\"67\">13<\/td>\n<td width=\"67\">28<\/td>\n<td width=\"67\">32<\/td>\n<td width=\"67\">73<\/td>\n<td width=\"67\">80<\/td>\n<td width=\"67\">90<\/td>\n<\/tr>\n<tr>\n<td width=\"67\">1050<\/td>\n<td width=\"67\">8<\/td>\n<td width=\"67\">18<\/td>\n<td width=\"67\">22<\/td>\n<td width=\"67\">49<\/td>\n<td width=\"67\">53<\/td>\n<td width=\"67\">60<\/td>\n<\/tr>\n<\/tbody>\n<\/table>\n<\/div>","protected":false},"excerpt":{"rendered":"<p>Powierzchnia ocynkowana Numer artyku\u0142u Grubo\u015b\u0107 p\u0142yty bazowej (S)mm Typ profilu A\u00d7B\u00d7S D\u0142ugo\u015b\u0107 (L)mm Waga kg\/szt. 4823106400613 4 30\u00d720\u00d71,2 150 0,221 4823106400620 4 30\u00d720\u00d71,2 200 0,246 4823106400637 4 30\u00d720\u00d71,2 250 0,272 4823106400644 4 30\u00d720\u00d71,2 300 0,298 043030150300 4 30\u00d730\u00d71,5 300 0,367 043030150400 4 30\u00d730\u00d71,5 400 0,537 4823106400675 5 30\u00d730\u00d71,8 300 0,528 4823106400682 5 30\u00d730\u00d71,8 400 0,644 [&#8230;]","protected":false},"featured_media":284,"comment_status":"open","ping_status":"closed","template":"","meta":[],"product_cat":[34],"product_tag":[],"class_list":["post-282","product","type-product","status-publish","has-post-thumbnail","hentry","product_cat-technologia-instalacji"],"yoast_head":"<!-- This site is optimized with the Yoast SEO plugin v20.12 - https:\/\/yoast.com\/wordpress\/plugins\/seo\/ -->\n<title>Wsporniki monta\u017cowe - Novobud<\/title>\n<meta name=\"description\" content=\"Zam\u00f3w u nas Wsporniki monta\u017cowe \u27a6NOVOBUD. \u260e +380442779820. technologia element\u00f3w z\u0142\u0105cznych. Czekamy na Ciebie!\" \/>\n<meta name=\"robots\" content=\"index, follow, max-snippet:-1, max-image-preview:large, max-video-preview:-1\" \/>\n<link rel=\"canonical\" href=\"https:\/\/novobud.pl\/en\/product\/wsporniki-montazowe\/\" \/>\n<meta property=\"og:locale\" content=\"en_US\" \/>\n<meta property=\"og:type\" content=\"article\" \/>\n<meta property=\"og:title\" content=\"Wsporniki monta\u017cowe - Novobud\" \/>\n<meta property=\"og:description\" content=\"Zam\u00f3w u nas Wsporniki monta\u017cowe \u27a6NOVOBUD. \u260e +380442779820. technologia element\u00f3w z\u0142\u0105cznych. Czekamy na Ciebie!\" \/>\n<meta property=\"og:url\" content=\"https:\/\/novobud.pl\/en\/product\/wsporniki-montazowe\/\" \/>\n<meta property=\"og:site_name\" content=\"Novobud\" \/>\n<meta property=\"article:modified_time\" content=\"2023-07-27T05:57:30+00:00\" \/>\n<meta property=\"og:image\" content=\"https:\/\/novobud.pl\/wp-content\/uploads\/2023\/07\/Montagekonsolen-1.png\" \/>\n\t<meta property=\"og:image:width\" content=\"800\" \/>\n\t<meta property=\"og:image:height\" content=\"600\" \/>\n\t<meta property=\"og:image:type\" content=\"image\/png\" \/>\n<meta name=\"twitter:card\" content=\"summary_large_image\" \/>\n<meta name=\"twitter:label1\" content=\"Est. reading time\" \/>\n\t<meta name=\"twitter:data1\" content=\"5 minutes\" \/>\n<script type=\"application\/ld+json\" class=\"yoast-schema-graph\">{\"@context\":\"https:\/\/schema.org\",\"@graph\":[{\"@type\":\"WebPage\",\"@id\":\"https:\/\/novobud.pl\/product\/wsporniki-montazowe\/\",\"url\":\"https:\/\/novobud.pl\/product\/wsporniki-montazowe\/\",\"name\":\"Wsporniki monta\u017cowe - Novobud\",\"isPartOf\":{\"@id\":\"https:\/\/novobud.pl\/#website\"},\"datePublished\":\"2023-07-15T16:31:37+00:00\",\"dateModified\":\"2023-07-27T05:57:30+00:00\",\"description\":\"Zam\u00f3w u nas Wsporniki monta\u017cowe \u27a6NOVOBUD. \u260e +380442779820. technologia element\u00f3w z\u0142\u0105cznych. Czekamy na Ciebie!\",\"breadcrumb\":{\"@id\":\"https:\/\/novobud.pl\/product\/wsporniki-montazowe\/#breadcrumb\"},\"inLanguage\":\"en-US\",\"potentialAction\":[{\"@type\":\"ReadAction\",\"target\":[\"https:\/\/novobud.pl\/product\/wsporniki-montazowe\/\"]}]},{\"@type\":\"BreadcrumbList\",\"@id\":\"https:\/\/novobud.pl\/product\/wsporniki-montazowe\/#breadcrumb\",\"itemListElement\":[{\"@type\":\"ListItem\",\"position\":1,\"name\":\"\u0413\u043b\u0430\u0432\u043d\u0430\u044f \u0441\u0442\u0440\u0430\u043d\u0438\u0446\u0430\",\"item\":\"https:\/\/novobud.pl\/\"},{\"@type\":\"ListItem\",\"position\":2,\"name\":\"Shop\",\"item\":\"https:\/\/novobud.pl\/shop\/\"},{\"@type\":\"ListItem\",\"position\":3,\"name\":\"Wsporniki monta\u017cowe\"}]},{\"@type\":\"WebSite\",\"@id\":\"https:\/\/novobud.pl\/#website\",\"url\":\"https:\/\/novobud.pl\/\",\"name\":\"Novobud\",\"description\":\"Novobud.pl\",\"potentialAction\":[{\"@type\":\"SearchAction\",\"target\":{\"@type\":\"EntryPoint\",\"urlTemplate\":\"https:\/\/novobud.pl\/?s={search_term_string}\"},\"query-input\":\"required name=search_term_string\"}],\"inLanguage\":\"en-US\"}]}<\/script>\n<!-- \/ Yoast SEO plugin. -->","yoast_head_json":{"title":"Wsporniki monta\u017cowe - Novobud","description":"Zam\u00f3w u nas Wsporniki monta\u017cowe \u27a6NOVOBUD. \u260e +380442779820. technologia element\u00f3w z\u0142\u0105cznych. Czekamy na Ciebie!","robots":{"index":"index","follow":"follow","max-snippet":"max-snippet:-1","max-image-preview":"max-image-preview:large","max-video-preview":"max-video-preview:-1"},"canonical":"https:\/\/novobud.pl\/en\/product\/wsporniki-montazowe\/","og_locale":"en_US","og_type":"article","og_title":"Wsporniki monta\u017cowe - Novobud","og_description":"Zam\u00f3w u nas Wsporniki monta\u017cowe \u27a6NOVOBUD. \u260e +380442779820. technologia element\u00f3w z\u0142\u0105cznych. Czekamy na Ciebie!","og_url":"https:\/\/novobud.pl\/en\/product\/wsporniki-montazowe\/","og_site_name":"Novobud","article_modified_time":"2023-07-27T05:57:30+00:00","og_image":[{"width":800,"height":600,"url":"https:\/\/novobud.pl\/wp-content\/uploads\/2023\/07\/Montagekonsolen-1.png","type":"image\/png"}],"twitter_card":"summary_large_image","twitter_misc":{"Est. reading time":"5 minutes"},"schema":{"@context":"https:\/\/schema.org","@graph":[{"@type":"WebPage","@id":"https:\/\/novobud.pl\/product\/wsporniki-montazowe\/","url":"https:\/\/novobud.pl\/product\/wsporniki-montazowe\/","name":"Wsporniki monta\u017cowe - Novobud","isPartOf":{"@id":"https:\/\/novobud.pl\/#website"},"datePublished":"2023-07-15T16:31:37+00:00","dateModified":"2023-07-27T05:57:30+00:00","description":"Zam\u00f3w u nas Wsporniki monta\u017cowe \u27a6NOVOBUD. \u260e +380442779820. technologia element\u00f3w z\u0142\u0105cznych. Czekamy na Ciebie!","breadcrumb":{"@id":"https:\/\/novobud.pl\/product\/wsporniki-montazowe\/#breadcrumb"},"inLanguage":"en-US","potentialAction":[{"@type":"ReadAction","target":["https:\/\/novobud.pl\/product\/wsporniki-montazowe\/"]}]},{"@type":"BreadcrumbList","@id":"https:\/\/novobud.pl\/product\/wsporniki-montazowe\/#breadcrumb","itemListElement":[{"@type":"ListItem","position":1,"name":"\u0413\u043b\u0430\u0432\u043d\u0430\u044f \u0441\u0442\u0440\u0430\u043d\u0438\u0446\u0430","item":"https:\/\/novobud.pl\/"},{"@type":"ListItem","position":2,"name":"Shop","item":"https:\/\/novobud.pl\/shop\/"},{"@type":"ListItem","position":3,"name":"Wsporniki monta\u017cowe"}]},{"@type":"WebSite","@id":"https:\/\/novobud.pl\/#website","url":"https:\/\/novobud.pl\/","name":"Novobud","description":"Novobud.pl","potentialAction":[{"@type":"SearchAction","target":{"@type":"EntryPoint","urlTemplate":"https:\/\/novobud.pl\/?s={search_term_string}"},"query-input":"required name=search_term_string"}],"inLanguage":"en-US"}]}},"_links":{"self":[{"href":"https:\/\/novobud.pl\/en\/wp-json\/wp\/v2\/product\/282","targetHints":{"allow":["GET"]}}],"collection":[{"href":"https:\/\/novobud.pl\/en\/wp-json\/wp\/v2\/product"}],"about":[{"href":"https:\/\/novobud.pl\/en\/wp-json\/wp\/v2\/types\/product"}],"replies":[{"embeddable":true,"href":"https:\/\/novobud.pl\/en\/wp-json\/wp\/v2\/comments?post=282"}],"wp:featuredmedia":[{"embeddable":true,"href":"https:\/\/novobud.pl\/en\/wp-json\/wp\/v2\/media\/284"}],"wp:attachment":[{"href":"https:\/\/novobud.pl\/en\/wp-json\/wp\/v2\/media?parent=282"}],"wp:term":[{"taxonomy":"product_cat","embeddable":true,"href":"https:\/\/novobud.pl\/en\/wp-json\/wp\/v2\/product_cat?post=282"},{"taxonomy":"product_tag","embeddable":true,"href":"https:\/\/novobud.pl\/en\/wp-json\/wp\/v2\/product_tag?post=282"}],"curies":[{"name":"wp","href":"https:\/\/api.w.org\/{rel}","templated":true}]}}