{"id":290,"date":"2023-07-15T19:47:20","date_gmt":"2023-07-15T16:47:20","guid":{"rendered":"https:\/\/novobud.pl\/?post_type=product&#038;p=290"},"modified":"2024-09-15T02:19:22","modified_gmt":"2024-09-14T23:19:22","slug":"regulowany-w-pionie-wspornik-slupka","status":"publish","type":"product","link":"https:\/\/novobud.pl\/en\/product\/regulowany-w-pionie-wspornik-slupka\/","title":{"rendered":"Vertically adjustable post support"},"content":{"rendered":"<p>D\u017awigar s\u0142upowy regulowany w pionie, stopa s\u0142upka o regulowanej wysoko\u015bci, ocynkowana stopa pod\u0142ogowa, betonowa stopa do przykr\u0119cenia regulowana.<\/p>\n<ul>\n<li>Dzi\u0119ki profesjonalnej obr\u00f3bce materia\u0142\u00f3w i naszej precyzyjnej pracy, nasza betonowa podstawa jest bardzo wysokiej jako\u015bci i wytrzyma\u0142a. Pow\u0142oka antykorozyjna zapobiega powstawaniu rdzy. Pu\u0142apka jest odporna na warunki atmosferyczne i gwarantuje bardzo d\u0142ug\u0105 \u017cywotno\u015b\u0107.<\/li>\n<li>WYTRZYMA\u0141O\u015a\u0106 I UNIWERSALNO\u015a\u0106 &#8211; Monta\u017c stopy podporowej jest szybki i nieskomplikowany. Wspornik s\u0142upka nadaje si\u0119 do wszystkich rodzaj\u00f3w pod\u0142o\u017ca, zar\u00f3wno betonowego, jak i asfaltowego. Poniewa\u017c wspornik jest ocynkowany, mo\u017cna go mocowa\u0107 zar\u00f3wno w pomieszczeniach, jak i na zewn\u0105trz.<\/li>\n<li>ODPORNA WYTRZYMA\u0141O\u015a\u0106 &#8211; Trwa\u0142a warstwa ochronna &#8211; galwaniczna pow\u0142oka cynkowa chroni produkt przed niekorzystnymi warunkami atmosferycznymi, takimi jak deszcz czy \u015bnieg.<\/li>\n<\/ul>\n<p>Powierzchnia ocynkowana<\/p>\n<div class=\"table-responsive\">\n<table>\n<tbody>\n<tr>\n<td width=\"140\">Article number<\/td>\n<td width=\"113\">Grubo\u015b\u0107 p\u0142yty bazowej\/g\u00f3rnej (S)mm<\/td>\n<td width=\"113\">P\u0142yta podstawy<\/p>\n<p>Dimension<br \/>\n(mm)<\/td>\n<td width=\"121\">Pr\u0119t gwintowany<\/p>\n<p>(mm)<\/td>\n<td width=\"94\">Weight<\/p>\n<p>kg\/szt.<\/td>\n<\/tr>\n<tr>\n<td width=\"140\"><strong>080408016100<\/strong><\/td>\n<td width=\"113\"><strong>4<\/strong><\/td>\n<td width=\"113\"><strong>80\u00d780<\/strong><\/td>\n<td width=\"121\"><strong>M16<\/strong><strong>\u00d7<\/strong><strong>100<\/strong><\/td>\n<td width=\"94\"><strong>0,3<\/strong><strong>50<\/strong><\/td>\n<\/tr>\n<tr>\n<td width=\"140\"><strong>080408016160<\/strong><\/td>\n<td width=\"113\"><strong>4<\/strong><\/td>\n<td width=\"113\"><strong>80\u00d780<\/strong><\/td>\n<td width=\"121\"><strong>M16<\/strong><strong>\u00d7<\/strong><strong>160<\/strong><\/td>\n<td width=\"94\"><strong>0,4<\/strong><strong>30<\/strong><\/td>\n<\/tr>\n<tr>\n<td width=\"140\"><strong>080408020200<\/strong><\/td>\n<td width=\"113\"><strong>4<\/strong><\/td>\n<td width=\"113\"><strong>80\u00d780<\/strong><\/td>\n<td width=\"121\"><strong>M2<\/strong><strong>4<\/strong><strong>\u00d7<\/strong><strong>200<\/strong><\/td>\n<td width=\"94\"><strong>0,<\/strong><strong>775<\/strong><\/td>\n<\/tr>\n<tr>\n<td width=\"140\"><strong>080408020200<\/strong><\/td>\n<td width=\"113\"><strong>4<\/strong><\/td>\n<td width=\"113\"><strong>80\u00d780<\/strong><\/td>\n<td width=\"121\"><strong>M2<\/strong><strong>4<\/strong><strong>\u00d7<\/strong><strong>250<\/strong><\/td>\n<td width=\"94\"><strong>0,<\/strong><strong>935<\/strong><\/td>\n<\/tr>\n<tr>\n<td width=\"140\"><strong>110<\/strong><strong>4<\/strong><strong>11024200<\/strong><\/td>\n<td width=\"113\"><strong>4<\/strong><\/td>\n<td width=\"113\"><strong>110<\/strong><strong>\u00d7<\/strong><strong>110<\/strong><\/td>\n<td width=\"121\"><strong>M24<\/strong><strong>\u00d7<\/strong><strong>200<\/strong><\/td>\n<td width=\"94\"><strong>0,9<\/strong><strong>90<\/strong><\/td>\n<\/tr>\n<tr>\n<td width=\"140\"><strong>110411024250<\/strong><\/td>\n<td width=\"113\"><strong>4<\/strong><\/td>\n<td width=\"113\"><strong>110<\/strong><strong>\u00d7<\/strong><strong>110<\/strong><\/td>\n<td width=\"121\"><strong>M24<\/strong><strong>\u00d7<\/strong><strong>250<\/strong><\/td>\n<td width=\"94\"><strong>1,<\/strong><strong>140<\/strong><\/td>\n<\/tr>\n<tr>\n<td width=\"140\"><strong>110411024330<\/strong><\/td>\n<td width=\"113\"><strong>4<\/strong><\/td>\n<td width=\"113\"><strong>110<\/strong><strong>\u00d7<\/strong><strong>110<\/strong><\/td>\n<td width=\"121\"><strong>M24<\/strong><strong>\u00d7<\/strong><strong>330<\/strong><\/td>\n<td width=\"94\"><strong>1,3<\/strong><strong>80<\/strong><\/td>\n<\/tr>\n<tr>\n<td width=\"140\"><strong>130613027250<\/strong><\/td>\n<td width=\"113\"><strong>6<\/strong><\/td>\n<td width=\"113\"><strong>1<\/strong><strong>3<\/strong><strong>0<\/strong><strong>\u00d7<\/strong><strong>1<\/strong><strong>3<\/strong><strong>0<\/strong><\/td>\n<td width=\"121\"><strong>M27<\/strong><strong>\u00d7<\/strong><strong>250<\/strong><\/td>\n<td width=\"94\"><strong>1,<\/strong><strong>855<\/strong><\/td>\n<\/tr>\n<tr>\n<td width=\"140\"><strong>130613027330<\/strong><\/td>\n<td width=\"113\"><strong>6<\/strong><\/td>\n<td width=\"113\"><strong>1<\/strong><strong>3<\/strong><strong>0<\/strong><strong>\u00d7<\/strong><strong>1<\/strong><strong>3<\/strong><strong>0<\/strong><\/td>\n<td width=\"121\"><strong>M27<\/strong><strong>\u00d7<\/strong><strong>330<\/strong><\/td>\n<td width=\"94\"><strong>2,<\/strong><strong>110<\/strong><\/td>\n<\/tr>\n<\/tbody>\n<\/table>\n<\/div>\n<p><img loading=\"lazy\" decoding=\"async\" class=\"alignnone wp-image-296\" src=\"https:\/\/novobud.pl\/wp-content\/uploads\/2023\/07\/\u0421\u043d\u0438\u043c\u043e\u043a-\u044d\u043a\u0440\u0430\u043d\u0430-2023-07-15-\u0432-19.46.21.png\" alt=\"\" width=\"701\" height=\"242\" srcset=\"https:\/\/novobud.pl\/wp-content\/uploads\/2023\/07\/\u0421\u043d\u0438\u043c\u043e\u043a-\u044d\u043a\u0440\u0430\u043d\u0430-2023-07-15-\u0432-19.46.21.png 1934w, https:\/\/novobud.pl\/wp-content\/uploads\/2023\/07\/\u0421\u043d\u0438\u043c\u043e\u043a-\u044d\u043a\u0440\u0430\u043d\u0430-2023-07-15-\u0432-19.46.21-510x176.png 510w, https:\/\/novobud.pl\/wp-content\/uploads\/2023\/07\/\u0421\u043d\u0438\u043c\u043e\u043a-\u044d\u043a\u0440\u0430\u043d\u0430-2023-07-15-\u0432-19.46.21-300x104.png 300w, https:\/\/novobud.pl\/wp-content\/uploads\/2023\/07\/\u0421\u043d\u0438\u043c\u043e\u043a-\u044d\u043a\u0440\u0430\u043d\u0430-2023-07-15-\u0432-19.46.21-1024x354.png 1024w, https:\/\/novobud.pl\/wp-content\/uploads\/2023\/07\/\u0421\u043d\u0438\u043c\u043e\u043a-\u044d\u043a\u0440\u0430\u043d\u0430-2023-07-15-\u0432-19.46.21-768x265.png 768w, https:\/\/novobud.pl\/wp-content\/uploads\/2023\/07\/\u0421\u043d\u0438\u043c\u043e\u043a-\u044d\u043a\u0440\u0430\u043d\u0430-2023-07-15-\u0432-19.46.21-1536x531.png 1536w\" sizes=\"auto, (max-width: 701px) 100vw, 701px\" \/><\/p>\n<p><strong>Powierzchnia ocynkowana<\/strong><\/p>\n<div class=\"table-responsive\">\n<table>\n<tbody>\n<tr>\n<td width=\"130\">Article number<\/td>\n<td width=\"104\">Panel g\u00f3rny<br \/>\nWymiary<br \/>\nA\u00d7B (mm)<\/td>\n<td width=\"104\">Panel g\u00f3rny<br \/>\ngrubo\u015b\u0107 (S)mm<\/td>\n<td width=\"321\">Opis<\/td>\n<td width=\"75\">Weight<br \/>\nkg\/szt.<\/td>\n<\/tr>\n<tr>\n<td width=\"130\"><strong>080080<\/strong><strong>16<\/strong><\/td>\n<td width=\"104\"><strong>80\u00d780<\/strong><\/td>\n<td width=\"104\"><strong>4<\/strong><\/td>\n<td width=\"321\">z przyspawan\u0105 nakr\u0119tk\u0105 (M16)<\/td>\n<td width=\"75\"><strong>0,2<\/strong><strong>25<\/strong><\/td>\n<\/tr>\n<tr>\n<td width=\"130\"><strong>0800801<\/strong><strong>7<\/strong><\/td>\n<td width=\"104\"><strong>80\u00d780<\/strong><\/td>\n<td width=\"104\"><strong>4<\/strong><\/td>\n<td width=\"321\">z otworem na pr\u0119t gwintowany (D=17mm)<\/td>\n<td width=\"75\"><strong>0,180<\/strong><\/td>\n<\/tr>\n<tr>\n<td width=\"130\"><strong>080080<\/strong><strong>24<\/strong><\/td>\n<td width=\"104\"><strong>80\u00d780<\/strong><\/td>\n<td width=\"104\"><strong>4<\/strong><\/td>\n<td width=\"321\">z przyspawan\u0105 nakr\u0119tk\u0105 (M24)<\/td>\n<td width=\"75\"><strong>0,2<\/strong><strong>85<\/strong><\/td>\n<\/tr>\n<tr>\n<td width=\"130\"><strong>080080<\/strong><strong>25<\/strong><\/td>\n<td width=\"104\"><strong>80\u00d780<\/strong><\/td>\n<td width=\"104\"><strong>4<\/strong><\/td>\n<td width=\"321\">z otworem na pr\u0119t gwintowany (D=25mm)<\/td>\n<td width=\"75\"><strong>0,1<\/strong><strong>7<\/strong><strong>0<\/strong><\/td>\n<\/tr>\n<tr>\n<td width=\"130\"><strong>11011024<\/strong><\/td>\n<td width=\"104\"><strong>110<\/strong><strong>\u00d7<\/strong><strong>110<\/strong><\/td>\n<td width=\"104\"><strong>4<\/strong><\/td>\n<td width=\"321\">z nakr\u0119tk\u0105 (M24)<\/td>\n<td width=\"75\"><strong>0,4<\/strong><strong>80<\/strong><\/td>\n<\/tr>\n<tr>\n<td width=\"130\"><strong>11011025<\/strong><\/td>\n<td width=\"104\"><strong>110<\/strong><strong>\u00d7<\/strong><strong>110<\/strong><\/td>\n<td width=\"104\"><strong>4<\/strong><\/td>\n<td width=\"321\">bez nakr\u0119tki (otw\u00f3r D=25mm)<\/td>\n<td width=\"75\"><strong>0,<\/strong><strong>355<\/strong><\/td>\n<\/tr>\n<tr>\n<td width=\"130\"><strong>13013027<\/strong><\/td>\n<td width=\"104\"><strong>1<\/strong><strong>3<\/strong><strong>0<\/strong><strong>\u00d7<\/strong><strong>1<\/strong><strong>3<\/strong><strong>0<\/strong><\/td>\n<td width=\"104\"><strong>6<\/strong><\/td>\n<td width=\"321\">z nakr\u0119tk\u0105 (M27)<\/td>\n<td width=\"75\"><strong>0,<\/strong><strong>980<\/strong><\/td>\n<\/tr>\n<tr>\n<td width=\"130\"><strong>13013028<\/strong><\/td>\n<td width=\"104\"><strong>1<\/strong><strong>3<\/strong><strong>0<\/strong><strong>\u00d7<\/strong><strong>1<\/strong><strong>3<\/strong><strong>0<\/strong><\/td>\n<td width=\"104\"><strong>6<\/strong><\/td>\n<td width=\"321\">bez nakr\u0119tki (otw\u00f3r D=28mm)<\/td>\n<td width=\"75\"><strong>0,75<\/strong><strong>5<\/strong><\/td>\n<\/tr>\n<\/tbody>\n<\/table>\n<\/div>\n<p>Regulowany w pionie wspornik s\u0142upka: wykonany zgodnie ze specyfikacj\u0105 klienta z p\u0142yt\u0105 podstawy z przyspawanym pr\u0119tem gwintowanym i p\u0142yt\u0105 g\u00f3rn\u0105. \u00a0Z wyborem: P\u0142yta g\u00f3rna z otworem na pr\u0119t gwintowany (D=), zestaw zawiera dwie nakr\u0119tki w wymaganym rozmiarze.<\/p>\n<p>Vertically adjustable post support<\/p>\n<p><strong>Stal nierdzewna<\/strong><\/p>\n<div class=\"table-responsive\">\n<table>\n<tbody>\n<tr>\n<td width=\"140\">Article number<\/td>\n<td width=\"113\">Grubo\u015b\u0107 p\u0142yty bazowej\/g\u00f3rnej (S)mm<\/td>\n<td width=\"113\">P\u0142yta podstawy<br \/>\nDimension<br \/>\n(mm)<\/td>\n<td width=\"121\">Pr\u0119t gwintowany<br \/>\n(mm)<\/td>\n<td width=\"94\">Weight<br \/>\nkg\/szt.<\/td>\n<\/tr>\n<tr>\n<td width=\"140\"><strong>A080408016100<\/strong><\/td>\n<td width=\"113\"><strong>4<\/strong><\/td>\n<td width=\"113\"><strong>80\u00d780<\/strong><\/td>\n<td width=\"121\"><strong>M16<\/strong><strong>\u00d7<\/strong><strong>100<\/strong><\/td>\n<td width=\"94\"><strong>0,3<\/strong><strong>50<\/strong><\/td>\n<\/tr>\n<tr>\n<td width=\"140\"><strong>A080408016160<\/strong><\/td>\n<td width=\"113\"><strong>4<\/strong><\/td>\n<td width=\"113\"><strong>80\u00d780<\/strong><\/td>\n<td width=\"121\"><strong>M16<\/strong><strong>\u00d7<\/strong><strong>160<\/strong><\/td>\n<td width=\"94\"><strong>0,4<\/strong><strong>30<\/strong><\/td>\n<\/tr>\n<tr>\n<td width=\"140\"><strong>A080408020200<\/strong><\/td>\n<td width=\"113\"><strong>4<\/strong><\/td>\n<td width=\"113\"><strong>80\u00d780<\/strong><\/td>\n<td width=\"121\"><strong>M2<\/strong><strong>4<\/strong><strong>\u00d7<\/strong><strong>200<\/strong><\/td>\n<td width=\"94\"><strong>0,<\/strong><strong>775<\/strong><\/td>\n<\/tr>\n<tr>\n<td width=\"140\"><strong>A080408020200<\/strong><\/td>\n<td width=\"113\"><strong>4<\/strong><\/td>\n<td width=\"113\"><strong>80\u00d780<\/strong><\/td>\n<td width=\"121\"><strong>M2<\/strong><strong>4<\/strong><strong>\u00d7<\/strong><strong>250<\/strong><\/td>\n<td width=\"94\"><strong>0,<\/strong><strong>935<\/strong><\/td>\n<\/tr>\n<tr>\n<td width=\"140\"><strong>A<\/strong><strong>110<\/strong><strong>4<\/strong><strong>11024200<\/strong><\/td>\n<td width=\"113\"><strong>4<\/strong><\/td>\n<td width=\"113\"><strong>110<\/strong><strong>\u00d7<\/strong><strong>110<\/strong><\/td>\n<td width=\"121\"><strong>M24<\/strong><strong>\u00d7<\/strong><strong>200<\/strong><\/td>\n<td width=\"94\"><strong>0,9<\/strong><strong>90<\/strong><\/td>\n<\/tr>\n<tr>\n<td width=\"140\"><strong>A110411024250<\/strong><\/td>\n<td width=\"113\"><strong>4<\/strong><\/td>\n<td width=\"113\"><strong>110<\/strong><strong>\u00d7<\/strong><strong>110<\/strong><\/td>\n<td width=\"121\"><strong>M24<\/strong><strong>\u00d7<\/strong><strong>250<\/strong><\/td>\n<td width=\"94\"><strong>1,<\/strong><strong>140<\/strong><\/td>\n<\/tr>\n<tr>\n<td width=\"140\"><strong>A110411024330<\/strong><\/td>\n<td width=\"113\"><strong>4<\/strong><\/td>\n<td width=\"113\"><strong>110<\/strong><strong>\u00d7<\/strong><strong>110<\/strong><\/td>\n<td width=\"121\"><strong>M24<\/strong><strong>\u00d7<\/strong><strong>330<\/strong><\/td>\n<td width=\"94\"><strong>1,3<\/strong><strong>80<\/strong><\/td>\n<\/tr>\n<tr>\n<td width=\"140\"><strong>A130613027250<\/strong><\/td>\n<td width=\"113\"><strong>6<\/strong><\/td>\n<td width=\"113\"><strong>1<\/strong><strong>3<\/strong><strong>0<\/strong><strong>\u00d7<\/strong><strong>1<\/strong><strong>3<\/strong><strong>0<\/strong><\/td>\n<td width=\"121\"><strong>M27<\/strong><strong>\u00d7<\/strong><strong>250<\/strong><\/td>\n<td width=\"94\"><strong>1,<\/strong><strong>855<\/strong><\/td>\n<\/tr>\n<tr>\n<td width=\"140\"><strong>A130613027330<\/strong><\/td>\n<td width=\"113\"><strong>6<\/strong><\/td>\n<td width=\"113\"><strong>1<\/strong><strong>3<\/strong><strong>0<\/strong><strong>\u00d7<\/strong><strong>1<\/strong><strong>3<\/strong><strong>0<\/strong><\/td>\n<td width=\"121\"><strong>M27<\/strong><strong>\u00d7<\/strong><strong>330<\/strong><\/td>\n<td width=\"94\"><strong>2,<\/strong><strong>110<\/strong><\/td>\n<\/tr>\n<\/tbody>\n<\/table>\n<\/div>\n<p><strong>Stal nierdzewna<\/strong><\/p>\n<div class=\"table-responsive\">\n<table>\n<tbody>\n<tr>\n<td width=\"130\">Article number<\/td>\n<td width=\"104\">Panel g\u00f3rny<br \/>\nWymiary<br \/>\nA\u00d7B (mm)<\/td>\n<td width=\"104\">Panel g\u00f3rny<br \/>\ngrubo\u015b\u0107 (S)mm<\/td>\n<td width=\"321\">Opis<\/td>\n<td width=\"75\">Weight<br \/>\nkg\/szt.<\/td>\n<\/tr>\n<tr>\n<td width=\"130\"><strong>A080080<\/strong><strong>16<\/strong><\/td>\n<td width=\"104\"><strong>80\u00d780<\/strong><\/td>\n<td width=\"104\"><strong>4<\/strong><\/td>\n<td width=\"321\">z przyspawan\u0105 nakr\u0119tk\u0105 (M16)<\/td>\n<td width=\"75\"><strong>0,2<\/strong><strong>25<\/strong><\/td>\n<\/tr>\n<tr>\n<td width=\"130\"><strong>A0800801<\/strong><strong>7<\/strong><\/td>\n<td width=\"104\"><strong>80\u00d780<\/strong><\/td>\n<td width=\"104\"><strong>4<\/strong><\/td>\n<td width=\"321\">z otworem na pr\u0119t gwintowany (D=17mm)<\/td>\n<td width=\"75\"><strong>0,180<\/strong><\/td>\n<\/tr>\n<tr>\n<td width=\"130\"><strong>A080080<\/strong><strong>24<\/strong><\/td>\n<td width=\"104\"><strong>80\u00d780<\/strong><\/td>\n<td width=\"104\"><strong>4<\/strong><\/td>\n<td width=\"321\">z przyspawan\u0105 nakr\u0119tk\u0105 (M24)<\/td>\n<td width=\"75\"><strong>0,2<\/strong><strong>85<\/strong><\/td>\n<\/tr>\n<tr>\n<td width=\"130\"><strong>A080080<\/strong><strong>25<\/strong><\/td>\n<td width=\"104\"><strong>80\u00d780<\/strong><\/td>\n<td width=\"104\"><strong>4<\/strong><\/td>\n<td width=\"321\">z otworem na pr\u0119t gwintowany (D=25mm)<\/td>\n<td width=\"75\"><strong>0,1<\/strong><strong>7<\/strong><strong>0<\/strong><\/td>\n<\/tr>\n<tr>\n<td width=\"130\"><strong>A<\/strong><strong>11011024<\/strong><\/td>\n<td width=\"104\"><strong>110<\/strong><strong>\u00d7<\/strong><strong>110<\/strong><\/td>\n<td width=\"104\"><strong>4<\/strong><\/td>\n<td width=\"321\">z nakr\u0119tk\u0105 (M24)<\/td>\n<td width=\"75\"><strong>0,4<\/strong><strong>80<\/strong><\/td>\n<\/tr>\n<tr>\n<td width=\"130\"><strong>A<\/strong><strong>11011025<\/strong><\/td>\n<td width=\"104\"><strong>110<\/strong><strong>\u00d7<\/strong><strong>110<\/strong><\/td>\n<td width=\"104\"><strong>4<\/strong><\/td>\n<td width=\"321\">bez nakr\u0119tki (otw\u00f3r D=25mm)<\/td>\n<td width=\"75\"><strong>0,<\/strong><strong>355<\/strong><\/td>\n<\/tr>\n<tr>\n<td width=\"130\"><strong>A<\/strong><strong>13013027<\/strong><\/td>\n<td width=\"104\"><strong>1<\/strong><strong>3<\/strong><strong>0<\/strong><strong>\u00d7<\/strong><strong>1<\/strong><strong>3<\/strong><strong>0<\/strong><\/td>\n<td width=\"104\"><strong>6<\/strong><\/td>\n<td width=\"321\">z nakr\u0119tk\u0105 (M27)<\/td>\n<td width=\"75\"><strong>0,<\/strong><strong>980<\/strong><\/td>\n<\/tr>\n<tr>\n<td width=\"130\"><strong>A<\/strong><strong>13013028<\/strong><\/td>\n<td width=\"104\"><strong>1<\/strong><strong>3<\/strong><strong>0<\/strong><strong>\u00d7<\/strong><strong>1<\/strong><strong>3<\/strong><strong>0<\/strong><\/td>\n<td width=\"104\"><strong>6<\/strong><\/td>\n<td width=\"321\">bez nakr\u0119tki (otw\u00f3r D=28mm)<\/td>\n<td width=\"75\"><strong>0,75<\/strong><strong>5<\/strong><\/td>\n<\/tr>\n<\/tbody>\n<\/table>\n<\/div>\n<p>Regulowany w pionie wspornik s\u0142upka: wykonany zgodnie ze specyfikacj\u0105 klienta z p\u0142yt\u0105 podstawy z przyspawanym pr\u0119tem gwintowanym i p\u0142yt\u0105 g\u00f3rn\u0105.\u00a0 Z wyborem: P\u0142yta g\u00f3rna z otworem na pr\u0119t gwintowany (D=), zestaw zawiera dwie nakr\u0119tki w wymaganym rozmiarze.<\/p>","protected":false},"excerpt":{"rendered":"<p>D\u017awigar s\u0142upowy regulowany w pionie, stopa s\u0142upka o regulowanej wysoko\u015bci, ocynkowana stopa pod\u0142ogowa, betonowa stopa do przykr\u0119cenia regulowana. Dzi\u0119ki profesjonalnej obr\u00f3bce materia\u0142\u00f3w i naszej precyzyjnej pracy, nasza betonowa podstawa jest bardzo wysokiej jako\u015bci i wytrzyma\u0142a. Pow\u0142oka antykorozyjna zapobiega powstawaniu rdzy. Pu\u0142apka jest odporna na warunki atmosferyczne i gwarantuje bardzo d\u0142ug\u0105 \u017cywotno\u015b\u0107. WYTRZYMA\u0141O\u015a\u0106 I UNIWERSALNO\u015a\u0106 &#8211; [&#8230;]","protected":false},"featured_media":291,"comment_status":"open","ping_status":"closed","template":"","meta":[],"product_cat":[34],"product_tag":[],"class_list":["post-290","product","type-product","status-publish","has-post-thumbnail","hentry","product_cat-technologia-instalacji"],"yoast_head":"<!-- This site is optimized with the Yoast SEO plugin v20.12 - https:\/\/yoast.com\/wordpress\/plugins\/seo\/ -->\n<title>Regulowany w pionie wspornik s\u0142upka - Novobud<\/title>\n<meta name=\"description\" content=\"Zam\u00f3w u nas Regulowany w pionie wspornik s\u0142upka \u27a6NOVOBUD. \u260e +380442779820. technologia element\u00f3w z\u0142\u0105cznych. Czekamy na Ciebie!\" \/>\n<meta name=\"robots\" content=\"index, follow, max-snippet:-1, max-image-preview:large, max-video-preview:-1\" \/>\n<link rel=\"canonical\" href=\"https:\/\/novobud.pl\/en\/product\/regulowany-w-pionie-wspornik-slupka\/\" \/>\n<meta property=\"og:locale\" content=\"en_US\" \/>\n<meta property=\"og:type\" content=\"article\" \/>\n<meta property=\"og:title\" content=\"Regulowany w pionie wspornik s\u0142upka - Novobud\" \/>\n<meta property=\"og:description\" content=\"Zam\u00f3w u nas Regulowany w pionie wspornik s\u0142upka \u27a6NOVOBUD. \u260e +380442779820. technologia element\u00f3w z\u0142\u0105cznych. Czekamy na Ciebie!\" \/>\n<meta property=\"og:url\" content=\"https:\/\/novobud.pl\/en\/product\/regulowany-w-pionie-wspornik-slupka\/\" \/>\n<meta property=\"og:site_name\" content=\"Novobud\" \/>\n<meta property=\"article:modified_time\" content=\"2024-09-14T23:19:22+00:00\" \/>\n<meta property=\"og:image\" content=\"https:\/\/novobud.pl\/wp-content\/uploads\/2023\/07\/Vertikal-verstellbarer-Pfostentraeger.png\" \/>\n\t<meta property=\"og:image:width\" content=\"800\" \/>\n\t<meta property=\"og:image:height\" content=\"600\" \/>\n\t<meta property=\"og:image:type\" content=\"image\/png\" \/>\n<meta name=\"twitter:card\" content=\"summary_large_image\" \/>\n<meta name=\"twitter:label1\" content=\"Est. reading time\" \/>\n\t<meta name=\"twitter:data1\" content=\"4 minutes\" \/>\n<script type=\"application\/ld+json\" class=\"yoast-schema-graph\">{\"@context\":\"https:\/\/schema.org\",\"@graph\":[{\"@type\":\"WebPage\",\"@id\":\"https:\/\/novobud.pl\/product\/regulowany-w-pionie-wspornik-slupka\/\",\"url\":\"https:\/\/novobud.pl\/product\/regulowany-w-pionie-wspornik-slupka\/\",\"name\":\"Regulowany w pionie wspornik s\u0142upka - Novobud\",\"isPartOf\":{\"@id\":\"https:\/\/novobud.pl\/#website\"},\"datePublished\":\"2023-07-15T16:47:20+00:00\",\"dateModified\":\"2024-09-14T23:19:22+00:00\",\"description\":\"Zam\u00f3w u nas Regulowany w pionie wspornik s\u0142upka \u27a6NOVOBUD. \u260e +380442779820. technologia element\u00f3w z\u0142\u0105cznych. Czekamy na Ciebie!\",\"breadcrumb\":{\"@id\":\"https:\/\/novobud.pl\/product\/regulowany-w-pionie-wspornik-slupka\/#breadcrumb\"},\"inLanguage\":\"en-US\",\"potentialAction\":[{\"@type\":\"ReadAction\",\"target\":[\"https:\/\/novobud.pl\/product\/regulowany-w-pionie-wspornik-slupka\/\"]}]},{\"@type\":\"BreadcrumbList\",\"@id\":\"https:\/\/novobud.pl\/product\/regulowany-w-pionie-wspornik-slupka\/#breadcrumb\",\"itemListElement\":[{\"@type\":\"ListItem\",\"position\":1,\"name\":\"\u0413\u043b\u0430\u0432\u043d\u0430\u044f \u0441\u0442\u0440\u0430\u043d\u0438\u0446\u0430\",\"item\":\"https:\/\/novobud.pl\/\"},{\"@type\":\"ListItem\",\"position\":2,\"name\":\"Shop\",\"item\":\"https:\/\/novobud.pl\/shop\/\"},{\"@type\":\"ListItem\",\"position\":3,\"name\":\"Regulowany w pionie wspornik s\u0142upka\"}]},{\"@type\":\"WebSite\",\"@id\":\"https:\/\/novobud.pl\/#website\",\"url\":\"https:\/\/novobud.pl\/\",\"name\":\"Novobud\",\"description\":\"Novobud.pl\",\"potentialAction\":[{\"@type\":\"SearchAction\",\"target\":{\"@type\":\"EntryPoint\",\"urlTemplate\":\"https:\/\/novobud.pl\/?s={search_term_string}\"},\"query-input\":\"required name=search_term_string\"}],\"inLanguage\":\"en-US\"}]}<\/script>\n<!-- \/ Yoast SEO plugin. -->","yoast_head_json":{"title":"Regulowany w pionie wspornik s\u0142upka - Novobud","description":"Zam\u00f3w u nas Regulowany w pionie wspornik s\u0142upka \u27a6NOVOBUD. \u260e +380442779820. technologia element\u00f3w z\u0142\u0105cznych. Czekamy na Ciebie!","robots":{"index":"index","follow":"follow","max-snippet":"max-snippet:-1","max-image-preview":"max-image-preview:large","max-video-preview":"max-video-preview:-1"},"canonical":"https:\/\/novobud.pl\/en\/product\/regulowany-w-pionie-wspornik-slupka\/","og_locale":"en_US","og_type":"article","og_title":"Regulowany w pionie wspornik s\u0142upka - Novobud","og_description":"Zam\u00f3w u nas Regulowany w pionie wspornik s\u0142upka \u27a6NOVOBUD. \u260e +380442779820. technologia element\u00f3w z\u0142\u0105cznych. Czekamy na Ciebie!","og_url":"https:\/\/novobud.pl\/en\/product\/regulowany-w-pionie-wspornik-slupka\/","og_site_name":"Novobud","article_modified_time":"2024-09-14T23:19:22+00:00","og_image":[{"width":800,"height":600,"url":"https:\/\/novobud.pl\/wp-content\/uploads\/2023\/07\/Vertikal-verstellbarer-Pfostentraeger.png","type":"image\/png"}],"twitter_card":"summary_large_image","twitter_misc":{"Est. reading time":"4 minutes"},"schema":{"@context":"https:\/\/schema.org","@graph":[{"@type":"WebPage","@id":"https:\/\/novobud.pl\/product\/regulowany-w-pionie-wspornik-slupka\/","url":"https:\/\/novobud.pl\/product\/regulowany-w-pionie-wspornik-slupka\/","name":"Regulowany w pionie wspornik s\u0142upka - Novobud","isPartOf":{"@id":"https:\/\/novobud.pl\/#website"},"datePublished":"2023-07-15T16:47:20+00:00","dateModified":"2024-09-14T23:19:22+00:00","description":"Zam\u00f3w u nas Regulowany w pionie wspornik s\u0142upka \u27a6NOVOBUD. \u260e +380442779820. technologia element\u00f3w z\u0142\u0105cznych. Czekamy na Ciebie!","breadcrumb":{"@id":"https:\/\/novobud.pl\/product\/regulowany-w-pionie-wspornik-slupka\/#breadcrumb"},"inLanguage":"en-US","potentialAction":[{"@type":"ReadAction","target":["https:\/\/novobud.pl\/product\/regulowany-w-pionie-wspornik-slupka\/"]}]},{"@type":"BreadcrumbList","@id":"https:\/\/novobud.pl\/product\/regulowany-w-pionie-wspornik-slupka\/#breadcrumb","itemListElement":[{"@type":"ListItem","position":1,"name":"\u0413\u043b\u0430\u0432\u043d\u0430\u044f \u0441\u0442\u0440\u0430\u043d\u0438\u0446\u0430","item":"https:\/\/novobud.pl\/"},{"@type":"ListItem","position":2,"name":"Shop","item":"https:\/\/novobud.pl\/shop\/"},{"@type":"ListItem","position":3,"name":"Regulowany w pionie wspornik s\u0142upka"}]},{"@type":"WebSite","@id":"https:\/\/novobud.pl\/#website","url":"https:\/\/novobud.pl\/","name":"Novobud","description":"Novobud.pl","potentialAction":[{"@type":"SearchAction","target":{"@type":"EntryPoint","urlTemplate":"https:\/\/novobud.pl\/?s={search_term_string}"},"query-input":"required name=search_term_string"}],"inLanguage":"en-US"}]}},"_links":{"self":[{"href":"https:\/\/novobud.pl\/en\/wp-json\/wp\/v2\/product\/290","targetHints":{"allow":["GET"]}}],"collection":[{"href":"https:\/\/novobud.pl\/en\/wp-json\/wp\/v2\/product"}],"about":[{"href":"https:\/\/novobud.pl\/en\/wp-json\/wp\/v2\/types\/product"}],"replies":[{"embeddable":true,"href":"https:\/\/novobud.pl\/en\/wp-json\/wp\/v2\/comments?post=290"}],"wp:featuredmedia":[{"embeddable":true,"href":"https:\/\/novobud.pl\/en\/wp-json\/wp\/v2\/media\/291"}],"wp:attachment":[{"href":"https:\/\/novobud.pl\/en\/wp-json\/wp\/v2\/media?parent=290"}],"wp:term":[{"taxonomy":"product_cat","embeddable":true,"href":"https:\/\/novobud.pl\/en\/wp-json\/wp\/v2\/product_cat?post=290"},{"taxonomy":"product_tag","embeddable":true,"href":"https:\/\/novobud.pl\/en\/wp-json\/wp\/v2\/product_tag?post=290"}],"curies":[{"name":"wp","href":"https:\/\/api.w.org\/{rel}","templated":true}]}}