{"id":297,"date":"2023-07-15T19:52:48","date_gmt":"2023-07-15T16:52:48","guid":{"rendered":"https:\/\/novobud.pl\/?post_type=product&#038;p=297"},"modified":"2023-07-27T08:30:03","modified_gmt":"2023-07-27T05:30:03","slug":"prety-gwintowane-din-976-1","status":"publish","type":"product","link":"https:\/\/novobud.pl\/en\/product\/prety-gwintowane-din-976-1\/","title":{"rendered":"Threaded rods DIN 976-1"},"content":{"rendered":"<p>Material composition: Steel, strength 4.6<br \/>\nSurface: galvanized<\/p>\n<div class=\"table-responsive\">\n<table>\n<tbody>\n<tr>\n<td width=\"122\"><strong>Article number<\/strong><\/td>\n<td style=\"text-align: center;\" width=\"98\"><strong>Thread<\/strong><br \/>\n<strong>M<\/strong><\/td>\n<td style=\"text-align: center;\" width=\"97\"><strong>Length<\/strong><br \/>\n<strong>L(mm)<\/strong><\/td>\n<td style=\"text-align: center;\" width=\"97\"><strong>Limit tensile force<\/strong><br \/>\n<strong>max.(KN)<\/strong><\/td>\n<td style=\"text-align: center;\" width=\"98\"><strong>Weight<\/strong><br \/>\n<strong>kg\/m<\/strong><\/td>\n<td style=\"text-align: center;\" width=\"97\"><strong>Quantity<\/strong><br \/>\n<strong>VPE<\/strong><\/td>\n<td style=\"text-align: center;\" width=\"95\"><strong>VPE<\/strong><br \/>\n<strong>Kg.<\/strong><\/td>\n<\/tr>\n<tr>\n<td width=\"122\">06100048<\/td>\n<td width=\"98\">M6<\/td>\n<td width=\"97\">1000<\/td>\n<td width=\"97\">5,37<\/td>\n<td width=\"98\">0,19<\/td>\n<td width=\"97\">50<\/td>\n<td width=\"95\">9,50<\/td>\n<\/tr>\n<tr>\n<td width=\"122\">08100048<\/td>\n<td width=\"98\">M8<\/td>\n<td width=\"97\">1000<\/td>\n<td width=\"97\">8,96<\/td>\n<td width=\"98\">0,31<\/td>\n<td width=\"97\">25<\/td>\n<td width=\"95\">7,75<\/td>\n<\/tr>\n<tr>\n<td width=\"122\">10100048<\/td>\n<td width=\"98\">M10<\/td>\n<td width=\"97\">1000<\/td>\n<td width=\"97\">14,20<\/td>\n<td width=\"98\">0,5<\/td>\n<td width=\"97\">25<\/td>\n<td width=\"95\">12,5<\/td>\n<\/tr>\n<tr>\n<td width=\"122\">12100048<\/td>\n<td width=\"98\">M12<\/td>\n<td width=\"97\">1000<\/td>\n<td width=\"97\">20,64<\/td>\n<td width=\"98\">0,72<\/td>\n<td width=\"97\">25<\/td>\n<td width=\"95\">18,00<\/td>\n<\/tr>\n<tr>\n<td width=\"122\">06200048<\/td>\n<td width=\"98\">M6<\/td>\n<td width=\"97\">2000<\/td>\n<td width=\"97\">5,37<\/td>\n<td width=\"98\">0,19<\/td>\n<td width=\"97\">20<\/td>\n<td width=\"95\">19,00<\/td>\n<\/tr>\n<tr>\n<td width=\"122\">08200048<\/td>\n<td width=\"98\">M8<\/td>\n<td width=\"97\">2000<\/td>\n<td width=\"97\">8,96<\/td>\n<td width=\"98\">0,31<\/td>\n<td width=\"97\">25<\/td>\n<td width=\"95\">15,50<\/td>\n<\/tr>\n<tr>\n<td width=\"122\">10200048<\/td>\n<td width=\"98\">M10<\/td>\n<td width=\"97\">2000<\/td>\n<td width=\"97\">14,20<\/td>\n<td width=\"98\">0,5<\/td>\n<td width=\"97\">25<\/td>\n<td width=\"95\">25,00<\/td>\n<\/tr>\n<tr>\n<td width=\"122\">12200048<\/td>\n<td width=\"98\">M12<\/td>\n<td width=\"97\">2000<\/td>\n<td width=\"97\">20,64<\/td>\n<td width=\"98\">0,72<\/td>\n<td width=\"97\">25<\/td>\n<td width=\"95\">36,00<\/td>\n<\/tr>\n<\/tbody>\n<\/table>\n<\/div>","protected":false},"excerpt":{"rendered":"<p>Sk\u0142ad materia\u0142u: Stal, wytrzyma\u0142o\u015b\u0107 4,6 Powierzchnia: ocynkowana Numer artyku\u0142u W\u0105tek M D\u0142ugo\u015b\u0107 L(mm) Graniczna si\u0142a rozci\u0105gaj\u0105ca maks.(KN) Waga kg\/m Ilo\u015b\u0107 VPE VPE Kg. 06100048 M6 1000 5,37 0,19 50 9,50 08100048 M8 1000 8,96 0,31 25 7,75 10100048 M10 1000 14,20 0,5 25 12,5 12100048 M12 1000 20,64 0,72 25 18,00 06200048 M6 2000 5,37 [&#8230;]","protected":false},"featured_media":298,"comment_status":"open","ping_status":"closed","template":"","meta":[],"product_cat":[34],"product_tag":[],"class_list":["post-297","product","type-product","status-publish","has-post-thumbnail","hentry","product_cat-technologia-instalacji"],"yoast_head":"<!-- This site is optimized with the Yoast SEO plugin v20.12 - https:\/\/yoast.com\/wordpress\/plugins\/seo\/ -->\n<title>Pr\u0119ty gwintowane DIN 976-1 - Novobud<\/title>\n<meta name=\"description\" content=\"Zam\u00f3w u nas Pr\u0119ty gwintowane DIN 976-1 \u27a6NOVOBUD. \u260e +380442779820. technologia element\u00f3w z\u0142\u0105cznych. Czekamy na Ciebie!\" \/>\n<meta name=\"robots\" content=\"index, follow, max-snippet:-1, max-image-preview:large, max-video-preview:-1\" \/>\n<link rel=\"canonical\" href=\"https:\/\/novobud.pl\/en\/product\/prety-gwintowane-din-976-1\/\" \/>\n<meta property=\"og:locale\" content=\"en_US\" \/>\n<meta property=\"og:type\" content=\"article\" \/>\n<meta property=\"og:title\" content=\"Pr\u0119ty gwintowane DIN 976-1 - Novobud\" \/>\n<meta property=\"og:description\" content=\"Zam\u00f3w u nas Pr\u0119ty gwintowane DIN 976-1 \u27a6NOVOBUD. \u260e +380442779820. technologia element\u00f3w z\u0142\u0105cznych. Czekamy na Ciebie!\" \/>\n<meta property=\"og:url\" content=\"https:\/\/novobud.pl\/en\/product\/prety-gwintowane-din-976-1\/\" \/>\n<meta property=\"og:site_name\" content=\"Novobud\" \/>\n<meta property=\"article:modified_time\" content=\"2023-07-27T05:30:03+00:00\" \/>\n<meta property=\"og:image\" content=\"https:\/\/novobud.pl\/wp-content\/uploads\/2023\/07\/Gewindestangen-DIN-976-1.png\" \/>\n\t<meta property=\"og:image:width\" content=\"800\" \/>\n\t<meta property=\"og:image:height\" content=\"600\" \/>\n\t<meta property=\"og:image:type\" content=\"image\/png\" \/>\n<meta name=\"twitter:card\" content=\"summary_large_image\" \/>\n<meta name=\"twitter:label1\" content=\"Est. reading time\" \/>\n\t<meta name=\"twitter:data1\" content=\"1 minute\" \/>\n<script type=\"application\/ld+json\" class=\"yoast-schema-graph\">{\"@context\":\"https:\/\/schema.org\",\"@graph\":[{\"@type\":\"WebPage\",\"@id\":\"https:\/\/novobud.pl\/product\/prety-gwintowane-din-976-1\/\",\"url\":\"https:\/\/novobud.pl\/product\/prety-gwintowane-din-976-1\/\",\"name\":\"Pr\u0119ty gwintowane DIN 976-1 - Novobud\",\"isPartOf\":{\"@id\":\"https:\/\/novobud.pl\/#website\"},\"datePublished\":\"2023-07-15T16:52:48+00:00\",\"dateModified\":\"2023-07-27T05:30:03+00:00\",\"description\":\"Zam\u00f3w u nas Pr\u0119ty gwintowane DIN 976-1 \u27a6NOVOBUD. \u260e +380442779820. technologia element\u00f3w z\u0142\u0105cznych. Czekamy na Ciebie!\",\"breadcrumb\":{\"@id\":\"https:\/\/novobud.pl\/product\/prety-gwintowane-din-976-1\/#breadcrumb\"},\"inLanguage\":\"en-US\",\"potentialAction\":[{\"@type\":\"ReadAction\",\"target\":[\"https:\/\/novobud.pl\/product\/prety-gwintowane-din-976-1\/\"]}]},{\"@type\":\"BreadcrumbList\",\"@id\":\"https:\/\/novobud.pl\/product\/prety-gwintowane-din-976-1\/#breadcrumb\",\"itemListElement\":[{\"@type\":\"ListItem\",\"position\":1,\"name\":\"\u0413\u043b\u0430\u0432\u043d\u0430\u044f \u0441\u0442\u0440\u0430\u043d\u0438\u0446\u0430\",\"item\":\"https:\/\/novobud.pl\/\"},{\"@type\":\"ListItem\",\"position\":2,\"name\":\"Shop\",\"item\":\"https:\/\/novobud.pl\/shop\/\"},{\"@type\":\"ListItem\",\"position\":3,\"name\":\"Pr\u0119ty gwintowane DIN 976-1\"}]},{\"@type\":\"WebSite\",\"@id\":\"https:\/\/novobud.pl\/#website\",\"url\":\"https:\/\/novobud.pl\/\",\"name\":\"Novobud\",\"description\":\"Novobud.pl\",\"potentialAction\":[{\"@type\":\"SearchAction\",\"target\":{\"@type\":\"EntryPoint\",\"urlTemplate\":\"https:\/\/novobud.pl\/?s={search_term_string}\"},\"query-input\":\"required name=search_term_string\"}],\"inLanguage\":\"en-US\"}]}<\/script>\n<!-- \/ Yoast SEO plugin. -->","yoast_head_json":{"title":"Pr\u0119ty gwintowane DIN 976-1 - Novobud","description":"Zam\u00f3w u nas Pr\u0119ty gwintowane DIN 976-1 \u27a6NOVOBUD. \u260e +380442779820. technologia element\u00f3w z\u0142\u0105cznych. Czekamy na Ciebie!","robots":{"index":"index","follow":"follow","max-snippet":"max-snippet:-1","max-image-preview":"max-image-preview:large","max-video-preview":"max-video-preview:-1"},"canonical":"https:\/\/novobud.pl\/en\/product\/prety-gwintowane-din-976-1\/","og_locale":"en_US","og_type":"article","og_title":"Pr\u0119ty gwintowane DIN 976-1 - Novobud","og_description":"Zam\u00f3w u nas Pr\u0119ty gwintowane DIN 976-1 \u27a6NOVOBUD. \u260e +380442779820. technologia element\u00f3w z\u0142\u0105cznych. Czekamy na Ciebie!","og_url":"https:\/\/novobud.pl\/en\/product\/prety-gwintowane-din-976-1\/","og_site_name":"Novobud","article_modified_time":"2023-07-27T05:30:03+00:00","og_image":[{"width":800,"height":600,"url":"https:\/\/novobud.pl\/wp-content\/uploads\/2023\/07\/Gewindestangen-DIN-976-1.png","type":"image\/png"}],"twitter_card":"summary_large_image","twitter_misc":{"Est. reading time":"1 minute"},"schema":{"@context":"https:\/\/schema.org","@graph":[{"@type":"WebPage","@id":"https:\/\/novobud.pl\/product\/prety-gwintowane-din-976-1\/","url":"https:\/\/novobud.pl\/product\/prety-gwintowane-din-976-1\/","name":"Pr\u0119ty gwintowane DIN 976-1 - Novobud","isPartOf":{"@id":"https:\/\/novobud.pl\/#website"},"datePublished":"2023-07-15T16:52:48+00:00","dateModified":"2023-07-27T05:30:03+00:00","description":"Zam\u00f3w u nas Pr\u0119ty gwintowane DIN 976-1 \u27a6NOVOBUD. \u260e +380442779820. technologia element\u00f3w z\u0142\u0105cznych. Czekamy na Ciebie!","breadcrumb":{"@id":"https:\/\/novobud.pl\/product\/prety-gwintowane-din-976-1\/#breadcrumb"},"inLanguage":"en-US","potentialAction":[{"@type":"ReadAction","target":["https:\/\/novobud.pl\/product\/prety-gwintowane-din-976-1\/"]}]},{"@type":"BreadcrumbList","@id":"https:\/\/novobud.pl\/product\/prety-gwintowane-din-976-1\/#breadcrumb","itemListElement":[{"@type":"ListItem","position":1,"name":"\u0413\u043b\u0430\u0432\u043d\u0430\u044f \u0441\u0442\u0440\u0430\u043d\u0438\u0446\u0430","item":"https:\/\/novobud.pl\/"},{"@type":"ListItem","position":2,"name":"Shop","item":"https:\/\/novobud.pl\/shop\/"},{"@type":"ListItem","position":3,"name":"Pr\u0119ty gwintowane DIN 976-1"}]},{"@type":"WebSite","@id":"https:\/\/novobud.pl\/#website","url":"https:\/\/novobud.pl\/","name":"Novobud","description":"Novobud.pl","potentialAction":[{"@type":"SearchAction","target":{"@type":"EntryPoint","urlTemplate":"https:\/\/novobud.pl\/?s={search_term_string}"},"query-input":"required name=search_term_string"}],"inLanguage":"en-US"}]}},"_links":{"self":[{"href":"https:\/\/novobud.pl\/en\/wp-json\/wp\/v2\/product\/297","targetHints":{"allow":["GET"]}}],"collection":[{"href":"https:\/\/novobud.pl\/en\/wp-json\/wp\/v2\/product"}],"about":[{"href":"https:\/\/novobud.pl\/en\/wp-json\/wp\/v2\/types\/product"}],"replies":[{"embeddable":true,"href":"https:\/\/novobud.pl\/en\/wp-json\/wp\/v2\/comments?post=297"}],"wp:featuredmedia":[{"embeddable":true,"href":"https:\/\/novobud.pl\/en\/wp-json\/wp\/v2\/media\/298"}],"wp:attachment":[{"href":"https:\/\/novobud.pl\/en\/wp-json\/wp\/v2\/media?parent=297"}],"wp:term":[{"taxonomy":"product_cat","embeddable":true,"href":"https:\/\/novobud.pl\/en\/wp-json\/wp\/v2\/product_cat?post=297"},{"taxonomy":"product_tag","embeddable":true,"href":"https:\/\/novobud.pl\/en\/wp-json\/wp\/v2\/product_tag?post=297"}],"curies":[{"name":"wp","href":"https:\/\/api.w.org\/{rel}","templated":true}]}}