{"id":299,"date":"2023-07-15T20:00:10","date_gmt":"2023-07-15T17:00:10","guid":{"rendered":"https:\/\/novobud.pl\/?post_type=product&#038;p=299"},"modified":"2023-07-27T08:59:51","modified_gmt":"2023-07-27T05:59:51","slug":"tasma-montazowa-perforowana","status":"publish","type":"product","link":"https:\/\/novobud.pl\/en\/product\/tasma-montazowa-perforowana\/","title":{"rendered":"Perforated mounting tape"},"content":{"rendered":"<table>\n<tbody>\n<tr>\n<td width=\"150\">&nbsp;<\/p>\n<p><strong>B<\/strong><strong>\u00d7<\/strong><strong>S<\/strong><strong>, <\/strong><strong>mm<\/strong><\/td>\n<td style=\"text-align: center;\" width=\"142\"><strong>Maximum load<\/strong><br \/>\n<strong>for stretching<\/strong><br \/>\n<strong>P max, kg<\/strong><\/td>\n<\/tr>\n<tr>\n<td width=\"64\">\u00a012\u00d70,55<\/td>\n<td width=\"142\">70<\/td>\n<\/tr>\n<tr>\n<td width=\"64\">15\u00d70,55<\/td>\n<td width=\"142\">90<\/td>\n<\/tr>\n<tr>\n<td width=\"64\">18\u00d70,55<\/td>\n<td width=\"142\">115<\/td>\n<\/tr>\n<tr>\n<td width=\"64\">18\u00d70,70<\/td>\n<td width=\"142\">145<\/td>\n<\/tr>\n<tr>\n<td width=\"64\">20\u00d70,55<\/td>\n<td width=\"142\">170<\/td>\n<\/tr>\n<tr>\n<td width=\"64\">20\u00d70,70<\/td>\n<td width=\"142\">220<\/td>\n<\/tr>\n<tr>\n<td width=\"64\">25\u00d70,55<\/td>\n<td width=\"142\">275<\/td>\n<\/tr>\n<tr>\n<td width=\"64\">25\u00d70,70<\/td>\n<td width=\"142\">370<\/td>\n<\/tr>\n<\/tbody>\n<\/table>\n<p>Materials: galvanized steel<\/p>\n<p>Metal perforated tape \/ mounting tape, galvanized<\/p>\n<p>Perforated tape can be universally used for suspending elements. The tape is used for anchoring and bracing various wooden structures.<\/p>\n<p>Ideal for fixing rigid and flexible plastic pipes with driven nails<\/p>\n<p>As well as armored steel pipes and cables in cracks or on an unfinished floor.<\/p>\n<p>It is well suited for bonding and fixing in electrical and sanitary installations.<\/p>\n<p>Dimensions depending on your choice:<\/p>\n<p>Store in a dry place at a temperature of - 40\u2070\u0421 to + 50\u2070\u0421.<\/p>\n<p>The storage period is unlimited.<\/p>\n<p>Materials: galvanized steel<\/p>\n<div class=\"table-responsive\">\n<table width=\"634\">\n<tbody>\n<tr>\n<td width=\"140\"><strong>Article number<\/strong><\/td>\n<td width=\"105\"><strong>Benenunng<\/strong><\/td>\n<td width=\"66\"><strong>B<\/strong><\/td>\n<td width=\"100\"><strong>Length<\/strong><br \/>\n<strong>rolki (m)<\/strong><\/td>\n<td width=\"68\"><strong>S<\/strong><\/td>\n<td width=\"74\"><strong>VPE<\/strong><\/p>\n<p><strong>St.<\/strong><\/td>\n<td width=\"81\"><strong>VPE<\/strong><\/p>\n<p><strong>Kg<\/strong><\/td>\n<\/tr>\n<tr>\n<td width=\"140\">4823106400866<\/td>\n<td width=\"105\">MB-G<\/td>\n<td width=\"66\">15<\/td>\n<td width=\"100\">10<\/td>\n<td width=\"68\">0,55<\/td>\n<td width=\"74\">1<\/td>\n<td width=\"81\">0,65<\/td>\n<\/tr>\n<tr>\n<td width=\"140\">4823106400873<\/td>\n<td width=\"105\">MB-G<\/td>\n<td width=\"66\">15<\/td>\n<td width=\"100\">30<\/td>\n<td width=\"68\">0,55<\/td>\n<td width=\"74\">1<\/td>\n<td width=\"81\">1,95<\/td>\n<\/tr>\n<tr>\n<td width=\"140\">4823106400880<\/td>\n<td width=\"105\">MB-G<\/td>\n<td width=\"66\">20<\/td>\n<td width=\"100\">10<\/td>\n<td width=\"68\">0,55<\/td>\n<td width=\"74\">1<\/td>\n<td width=\"81\">0,87<\/td>\n<\/tr>\n<tr>\n<td width=\"140\">4823106400903<\/td>\n<td width=\"105\">MB-G<\/td>\n<td width=\"66\">20<\/td>\n<td width=\"100\">30<\/td>\n<td width=\"68\">0,55<\/td>\n<td width=\"74\">1<\/td>\n<td width=\"81\">2,60<\/td>\n<\/tr>\n<tr>\n<td width=\"140\">4823106400897<\/td>\n<td width=\"105\">MB-G<\/td>\n<td width=\"66\">20<\/td>\n<td width=\"100\">10<\/td>\n<td width=\"68\">0,70<\/td>\n<td width=\"74\">1<\/td>\n<td width=\"81\">1,10<\/td>\n<\/tr>\n<tr>\n<td width=\"140\">4823106400910<\/td>\n<td width=\"105\">MB-G<\/td>\n<td width=\"66\">20<\/td>\n<td width=\"100\">30<\/td>\n<td width=\"68\">0,70<\/td>\n<td width=\"74\">1<\/td>\n<td width=\"81\">3,30<\/td>\n<\/tr>\n<tr>\n<td width=\"140\">4823106400927<\/td>\n<td width=\"105\">MB-G<\/td>\n<td width=\"66\">25<\/td>\n<td width=\"100\">10<\/td>\n<td width=\"68\">0,70<\/td>\n<td width=\"74\">1<\/td>\n<td width=\"81\">1,38<\/td>\n<\/tr>\n<tr>\n<td width=\"140\">4823106400934<\/td>\n<td width=\"105\">MB-G<\/td>\n<td width=\"66\">25<\/td>\n<td width=\"100\">30<\/td>\n<td width=\"68\">0,70<\/td>\n<td width=\"74\">1<\/td>\n<td width=\"81\">4,15<\/td>\n<\/tr>\n<\/tbody>\n<\/table>\n<\/div>","protected":false},"excerpt":{"rendered":"<p>&nbsp; B\u00d7S, mm Maksymalne obci\u0105\u017cenie dla rozci\u0105gania P max, kg \u00a012\u00d70,55 70 15\u00d70,55 90 18\u00d70,55 115 18\u00d70,70 145 20\u00d70,55 170 20\u00d70,70 220 25\u00d70,55 275 25\u00d70,70 370 Materia\u0142y: stal ocynkowana Metalowa ta\u015bma perforowana \/ ta\u015bma monta\u017cowa, ocynkowana Ta\u015bma perforowana mo\u017ce by\u0107 uniwersalnie stosowana do podwieszania element\u00f3w. Ta\u015bma s\u0142u\u017cy do kotwienia i usztywniania r\u00f3\u017cnych konstrukcji drewnianych. Idealna [&#8230;]","protected":false},"featured_media":300,"comment_status":"open","ping_status":"closed","template":"","meta":[],"product_cat":[34],"product_tag":[],"class_list":["post-299","product","type-product","status-publish","has-post-thumbnail","hentry","product_cat-technologia-instalacji"],"yoast_head":"<!-- This site is optimized with the Yoast SEO plugin v20.12 - https:\/\/yoast.com\/wordpress\/plugins\/seo\/ -->\n<title>Ta\u015bma monta\u017cowa perforowana - Novobud<\/title>\n<meta name=\"description\" content=\"Zam\u00f3w u nas Ta\u015bma monta\u017cowa perforowana \u27a6NOVOBUD. \u260e +380442779820. technologia element\u00f3w z\u0142\u0105cznych. Czekamy na Ciebie!\" \/>\n<meta name=\"robots\" content=\"index, follow, max-snippet:-1, max-image-preview:large, max-video-preview:-1\" \/>\n<link rel=\"canonical\" href=\"https:\/\/novobud.pl\/en\/product\/tasma-montazowa-perforowana\/\" \/>\n<meta property=\"og:locale\" content=\"en_US\" \/>\n<meta property=\"og:type\" content=\"article\" \/>\n<meta property=\"og:title\" content=\"Ta\u015bma monta\u017cowa perforowana - Novobud\" \/>\n<meta property=\"og:description\" content=\"Zam\u00f3w u nas Ta\u015bma monta\u017cowa perforowana \u27a6NOVOBUD. \u260e +380442779820. technologia element\u00f3w z\u0142\u0105cznych. Czekamy na Ciebie!\" \/>\n<meta property=\"og:url\" content=\"https:\/\/novobud.pl\/en\/product\/tasma-montazowa-perforowana\/\" \/>\n<meta property=\"og:site_name\" content=\"Novobud\" \/>\n<meta property=\"article:modified_time\" content=\"2023-07-27T05:59:51+00:00\" \/>\n<meta property=\"og:image\" content=\"https:\/\/novobud.pl\/wp-content\/uploads\/2023\/07\/Montageband-gelocht.png\" \/>\n\t<meta property=\"og:image:width\" content=\"800\" \/>\n\t<meta property=\"og:image:height\" content=\"600\" \/>\n\t<meta property=\"og:image:type\" content=\"image\/png\" \/>\n<meta name=\"twitter:card\" content=\"summary_large_image\" \/>\n<meta name=\"twitter:label1\" content=\"Est. reading time\" \/>\n\t<meta name=\"twitter:data1\" content=\"2 minutes\" \/>\n<script type=\"application\/ld+json\" class=\"yoast-schema-graph\">{\"@context\":\"https:\/\/schema.org\",\"@graph\":[{\"@type\":\"WebPage\",\"@id\":\"https:\/\/novobud.pl\/product\/tasma-montazowa-perforowana\/\",\"url\":\"https:\/\/novobud.pl\/product\/tasma-montazowa-perforowana\/\",\"name\":\"Ta\u015bma monta\u017cowa perforowana - Novobud\",\"isPartOf\":{\"@id\":\"https:\/\/novobud.pl\/#website\"},\"datePublished\":\"2023-07-15T17:00:10+00:00\",\"dateModified\":\"2023-07-27T05:59:51+00:00\",\"description\":\"Zam\u00f3w u nas Ta\u015bma monta\u017cowa perforowana \u27a6NOVOBUD. \u260e +380442779820. technologia element\u00f3w z\u0142\u0105cznych. Czekamy na Ciebie!\",\"breadcrumb\":{\"@id\":\"https:\/\/novobud.pl\/product\/tasma-montazowa-perforowana\/#breadcrumb\"},\"inLanguage\":\"en-US\",\"potentialAction\":[{\"@type\":\"ReadAction\",\"target\":[\"https:\/\/novobud.pl\/product\/tasma-montazowa-perforowana\/\"]}]},{\"@type\":\"BreadcrumbList\",\"@id\":\"https:\/\/novobud.pl\/product\/tasma-montazowa-perforowana\/#breadcrumb\",\"itemListElement\":[{\"@type\":\"ListItem\",\"position\":1,\"name\":\"\u0413\u043b\u0430\u0432\u043d\u0430\u044f \u0441\u0442\u0440\u0430\u043d\u0438\u0446\u0430\",\"item\":\"https:\/\/novobud.pl\/\"},{\"@type\":\"ListItem\",\"position\":2,\"name\":\"Shop\",\"item\":\"https:\/\/novobud.pl\/shop\/\"},{\"@type\":\"ListItem\",\"position\":3,\"name\":\"Ta\u015bma monta\u017cowa perforowana\"}]},{\"@type\":\"WebSite\",\"@id\":\"https:\/\/novobud.pl\/#website\",\"url\":\"https:\/\/novobud.pl\/\",\"name\":\"Novobud\",\"description\":\"Novobud.pl\",\"potentialAction\":[{\"@type\":\"SearchAction\",\"target\":{\"@type\":\"EntryPoint\",\"urlTemplate\":\"https:\/\/novobud.pl\/?s={search_term_string}\"},\"query-input\":\"required name=search_term_string\"}],\"inLanguage\":\"en-US\"}]}<\/script>\n<!-- \/ Yoast SEO plugin. -->","yoast_head_json":{"title":"Ta\u015bma monta\u017cowa perforowana - Novobud","description":"Zam\u00f3w u nas Ta\u015bma monta\u017cowa perforowana \u27a6NOVOBUD. \u260e +380442779820. technologia element\u00f3w z\u0142\u0105cznych. Czekamy na Ciebie!","robots":{"index":"index","follow":"follow","max-snippet":"max-snippet:-1","max-image-preview":"max-image-preview:large","max-video-preview":"max-video-preview:-1"},"canonical":"https:\/\/novobud.pl\/en\/product\/tasma-montazowa-perforowana\/","og_locale":"en_US","og_type":"article","og_title":"Ta\u015bma monta\u017cowa perforowana - Novobud","og_description":"Zam\u00f3w u nas Ta\u015bma monta\u017cowa perforowana \u27a6NOVOBUD. \u260e +380442779820. technologia element\u00f3w z\u0142\u0105cznych. Czekamy na Ciebie!","og_url":"https:\/\/novobud.pl\/en\/product\/tasma-montazowa-perforowana\/","og_site_name":"Novobud","article_modified_time":"2023-07-27T05:59:51+00:00","og_image":[{"width":800,"height":600,"url":"https:\/\/novobud.pl\/wp-content\/uploads\/2023\/07\/Montageband-gelocht.png","type":"image\/png"}],"twitter_card":"summary_large_image","twitter_misc":{"Est. reading time":"2 minutes"},"schema":{"@context":"https:\/\/schema.org","@graph":[{"@type":"WebPage","@id":"https:\/\/novobud.pl\/product\/tasma-montazowa-perforowana\/","url":"https:\/\/novobud.pl\/product\/tasma-montazowa-perforowana\/","name":"Ta\u015bma monta\u017cowa perforowana - Novobud","isPartOf":{"@id":"https:\/\/novobud.pl\/#website"},"datePublished":"2023-07-15T17:00:10+00:00","dateModified":"2023-07-27T05:59:51+00:00","description":"Zam\u00f3w u nas Ta\u015bma monta\u017cowa perforowana \u27a6NOVOBUD. \u260e +380442779820. technologia element\u00f3w z\u0142\u0105cznych. Czekamy na Ciebie!","breadcrumb":{"@id":"https:\/\/novobud.pl\/product\/tasma-montazowa-perforowana\/#breadcrumb"},"inLanguage":"en-US","potentialAction":[{"@type":"ReadAction","target":["https:\/\/novobud.pl\/product\/tasma-montazowa-perforowana\/"]}]},{"@type":"BreadcrumbList","@id":"https:\/\/novobud.pl\/product\/tasma-montazowa-perforowana\/#breadcrumb","itemListElement":[{"@type":"ListItem","position":1,"name":"\u0413\u043b\u0430\u0432\u043d\u0430\u044f \u0441\u0442\u0440\u0430\u043d\u0438\u0446\u0430","item":"https:\/\/novobud.pl\/"},{"@type":"ListItem","position":2,"name":"Shop","item":"https:\/\/novobud.pl\/shop\/"},{"@type":"ListItem","position":3,"name":"Ta\u015bma monta\u017cowa perforowana"}]},{"@type":"WebSite","@id":"https:\/\/novobud.pl\/#website","url":"https:\/\/novobud.pl\/","name":"Novobud","description":"Novobud.pl","potentialAction":[{"@type":"SearchAction","target":{"@type":"EntryPoint","urlTemplate":"https:\/\/novobud.pl\/?s={search_term_string}"},"query-input":"required name=search_term_string"}],"inLanguage":"en-US"}]}},"_links":{"self":[{"href":"https:\/\/novobud.pl\/en\/wp-json\/wp\/v2\/product\/299","targetHints":{"allow":["GET"]}}],"collection":[{"href":"https:\/\/novobud.pl\/en\/wp-json\/wp\/v2\/product"}],"about":[{"href":"https:\/\/novobud.pl\/en\/wp-json\/wp\/v2\/types\/product"}],"replies":[{"embeddable":true,"href":"https:\/\/novobud.pl\/en\/wp-json\/wp\/v2\/comments?post=299"}],"wp:featuredmedia":[{"embeddable":true,"href":"https:\/\/novobud.pl\/en\/wp-json\/wp\/v2\/media\/300"}],"wp:attachment":[{"href":"https:\/\/novobud.pl\/en\/wp-json\/wp\/v2\/media?parent=299"}],"wp:term":[{"taxonomy":"product_cat","embeddable":true,"href":"https:\/\/novobud.pl\/en\/wp-json\/wp\/v2\/product_cat?post=299"},{"taxonomy":"product_tag","embeddable":true,"href":"https:\/\/novobud.pl\/en\/wp-json\/wp\/v2\/product_tag?post=299"}],"curies":[{"name":"wp","href":"https:\/\/api.w.org\/{rel}","templated":true}]}}