{"id":307,"date":"2023-07-15T20:22:04","date_gmt":"2023-07-15T17:22:04","guid":{"rendered":"https:\/\/novobud.pl\/?post_type=product&#038;p=307"},"modified":"2023-07-27T09:14:01","modified_gmt":"2023-07-27T06:14:01","slug":"naroznik-montazowy-dla-systemow-flange-20","status":"publish","type":"product","link":"https:\/\/novobud.pl\/en\/product\/naroznik-montazowy-dla-systemow-flange-20\/","title":{"rendered":"Naro\u017cnik monta\u017cowy dla system\u00f3w FLANGE 20"},"content":{"rendered":"<p>Powierzchnia ocynkowana<\/p>\n<ul>\n<li>dla FLANGE SYSTEMS 20<\/li>\n<li>Naro\u017cnik z otworem do wprowadzenia przez \u015bcian\u0119 kana\u0142u<\/li>\n<li>Uszczelnienie jest wykonywane na ko\u0144cu kana\u0142u<\/li>\n<li>w wewn\u0119trznym naro\u017cniku naro\u017cnika<\/li>\n<\/ul>\n<div class=\"table-responsive\">\n<table width=\"739\">\n<tbody>\n<tr>\n<td width=\"127\"><strong>Article number<\/strong><\/td>\n<td style=\"text-align: center;\" width=\"84\"><strong>Materia\u0142<\/strong><\/td>\n<td style=\"text-align: center;\" width=\"84\"><strong>Grubo\u015b\u0107 materia\u0142u\/mm<\/strong><\/td>\n<td style=\"text-align: center;\" width=\"72\"><strong>L<\/strong><br \/>\n<strong>mm<\/strong><\/td>\n<td style=\"text-align: center;\" width=\"96\"><strong>Otw\u00f3r na \u015brub\u0119 \u00d8 mm<\/strong><\/td>\n<td style=\"text-align: center;\" width=\"96\"><strong>Wymiar odrywania mm<\/strong><\/td>\n<td style=\"text-align: center;\" width=\"60\"><strong>P\u00f3\u0142ka<\/strong><br \/>\n<strong>mm<\/strong><\/td>\n<td style=\"text-align: center;\" width=\"48\"><strong>VPE<\/strong><br \/>\n<strong>St.<\/strong><\/td>\n<td style=\"text-align: center;\" width=\"72\"><strong>Weight<\/strong><br \/>\n<strong>kg\/szt.<\/strong><\/td>\n<\/tr>\n<tr>\n<td width=\"127\">29401425048<\/td>\n<td width=\"84\">Galwanizowany<\/td>\n<td width=\"84\">2,5<\/td>\n<td width=\"72\">94<\/td>\n<td width=\"96\">9-12<\/td>\n<td width=\"96\">32<\/td>\n<td width=\"60\">2<\/td>\n<td width=\"48\">200<\/td>\n<td width=\"72\">0,041<\/td>\n<\/tr>\n<tr>\n<td width=\"127\">69401425048<\/td>\n<td width=\"84\">Galwanizowany<\/td>\n<td width=\"84\">2,5<\/td>\n<td width=\"72\">94<\/td>\n<td width=\"96\">9-12<\/td>\n<td width=\"96\">32<\/td>\n<td width=\"60\">6<\/td>\n<td width=\"48\">200<\/td>\n<td width=\"72\">0,043<\/td>\n<\/tr>\n<tr>\n<td width=\"127\">27501425048<\/td>\n<td width=\"84\">Galwanizowany<\/td>\n<td width=\"84\">2,5<\/td>\n<td width=\"72\">75<\/td>\n<td width=\"96\">9-12<\/td>\n<td width=\"96\">32<\/td>\n<td width=\"60\">2<\/td>\n<td width=\"48\">300<\/td>\n<td width=\"72\">0,033<\/td>\n<\/tr>\n<tr>\n<td width=\"127\">67501425048<\/td>\n<td width=\"84\">Galwanizowany<\/td>\n<td width=\"84\">2,5<\/td>\n<td width=\"72\">75<\/td>\n<td width=\"96\">9-12<\/td>\n<td width=\"96\">32<\/td>\n<td width=\"60\">6<\/td>\n<td width=\"48\">300<\/td>\n<td width=\"72\">0,036<\/td>\n<\/tr>\n<tr>\n<td width=\"127\">26401425048<\/td>\n<td width=\"84\">Galwanizowany<\/td>\n<td width=\"84\">2,5<\/td>\n<td width=\"72\">64<\/td>\n<td width=\"96\">9-12<\/td>\n<td width=\"96\">32<\/td>\n<td width=\"60\">2<\/td>\n<td width=\"48\">300<\/td>\n<td width=\"72\">0,027<\/td>\n<\/tr>\n<\/tbody>\n<\/table>\n<\/div>","protected":false},"excerpt":{"rendered":"<p>Powierzchnia ocynkowana dla FLANGE SYSTEMS 20 Naro\u017cnik z otworem do wprowadzenia przez \u015bcian\u0119 kana\u0142u Uszczelnienie jest wykonywane na ko\u0144cu kana\u0142u w wewn\u0119trznym naro\u017cniku naro\u017cnika Numer artyku\u0142u Materia\u0142 Grubo\u015b\u0107 materia\u0142u\/mm L mm Otw\u00f3r na \u015brub\u0119 \u00d8 mm Wymiar odrywania mm P\u00f3\u0142ka mm VPE St. Waga kg\/szt. 29401425048 Galwanizowany 2,5 94 9-12 32 2 200 0,041 69401425048 [&#8230;]","protected":false},"featured_media":308,"comment_status":"open","ping_status":"closed","template":"","meta":[],"product_cat":[35],"product_tag":[],"class_list":["post-307","product","type-product","status-publish","has-post-thumbnail","hentry","product_cat-wentylacja"],"yoast_head":"<!-- This site is optimized with the Yoast SEO plugin v20.12 - https:\/\/yoast.com\/wordpress\/plugins\/seo\/ -->\n<title>Naro\u017cnik monta\u017cowy dla system\u00f3w FLANGE 20 - Novobud<\/title>\n<meta name=\"description\" content=\"Zam\u00f3w u nas Naro\u017cnik monta\u017cowy dla system\u00f3w FLANGE 20 \u27a6NOVOBUD. \u260e +380442779820. technologia element\u00f3w z\u0142\u0105cznych. Czekamy na Ciebie!\" \/>\n<meta name=\"robots\" content=\"index, follow, max-snippet:-1, max-image-preview:large, max-video-preview:-1\" \/>\n<link rel=\"canonical\" href=\"https:\/\/novobud.pl\/en\/product\/naroznik-montazowy-dla-systemow-flange-20\/\" \/>\n<meta property=\"og:locale\" content=\"en_US\" \/>\n<meta property=\"og:type\" content=\"article\" \/>\n<meta property=\"og:title\" content=\"Naro\u017cnik monta\u017cowy dla system\u00f3w FLANGE 20 - Novobud\" \/>\n<meta property=\"og:description\" content=\"Zam\u00f3w u nas Naro\u017cnik monta\u017cowy dla system\u00f3w FLANGE 20 \u27a6NOVOBUD. \u260e +380442779820. technologia element\u00f3w z\u0142\u0105cznych. Czekamy na Ciebie!\" \/>\n<meta property=\"og:url\" content=\"https:\/\/novobud.pl\/en\/product\/naroznik-montazowy-dla-systemow-flange-20\/\" \/>\n<meta property=\"og:site_name\" content=\"Novobud\" \/>\n<meta property=\"article:modified_time\" content=\"2023-07-27T06:14:01+00:00\" \/>\n<meta property=\"og:image\" content=\"https:\/\/novobud.pl\/wp-content\/uploads\/2023\/07\/Montageecke-fuer-FLANGE-SYSTEME-20-.png\" \/>\n\t<meta property=\"og:image:width\" content=\"800\" \/>\n\t<meta property=\"og:image:height\" content=\"600\" \/>\n\t<meta property=\"og:image:type\" content=\"image\/png\" \/>\n<meta name=\"twitter:card\" content=\"summary_large_image\" \/>\n<meta name=\"twitter:label1\" content=\"Est. reading time\" \/>\n\t<meta name=\"twitter:data1\" content=\"1 minute\" \/>\n<script type=\"application\/ld+json\" class=\"yoast-schema-graph\">{\"@context\":\"https:\/\/schema.org\",\"@graph\":[{\"@type\":\"WebPage\",\"@id\":\"https:\/\/novobud.pl\/product\/naroznik-montazowy-dla-systemow-flange-20\/\",\"url\":\"https:\/\/novobud.pl\/product\/naroznik-montazowy-dla-systemow-flange-20\/\",\"name\":\"Naro\u017cnik monta\u017cowy dla system\u00f3w FLANGE 20 - Novobud\",\"isPartOf\":{\"@id\":\"https:\/\/novobud.pl\/#website\"},\"datePublished\":\"2023-07-15T17:22:04+00:00\",\"dateModified\":\"2023-07-27T06:14:01+00:00\",\"description\":\"Zam\u00f3w u nas Naro\u017cnik monta\u017cowy dla system\u00f3w FLANGE 20 \u27a6NOVOBUD. \u260e +380442779820. technologia element\u00f3w z\u0142\u0105cznych. Czekamy na Ciebie!\",\"breadcrumb\":{\"@id\":\"https:\/\/novobud.pl\/product\/naroznik-montazowy-dla-systemow-flange-20\/#breadcrumb\"},\"inLanguage\":\"en-US\",\"potentialAction\":[{\"@type\":\"ReadAction\",\"target\":[\"https:\/\/novobud.pl\/product\/naroznik-montazowy-dla-systemow-flange-20\/\"]}]},{\"@type\":\"BreadcrumbList\",\"@id\":\"https:\/\/novobud.pl\/product\/naroznik-montazowy-dla-systemow-flange-20\/#breadcrumb\",\"itemListElement\":[{\"@type\":\"ListItem\",\"position\":1,\"name\":\"\u0413\u043b\u0430\u0432\u043d\u0430\u044f \u0441\u0442\u0440\u0430\u043d\u0438\u0446\u0430\",\"item\":\"https:\/\/novobud.pl\/\"},{\"@type\":\"ListItem\",\"position\":2,\"name\":\"Shop\",\"item\":\"https:\/\/novobud.pl\/shop\/\"},{\"@type\":\"ListItem\",\"position\":3,\"name\":\"Naro\u017cnik monta\u017cowy dla system\u00f3w FLANGE 20\"}]},{\"@type\":\"WebSite\",\"@id\":\"https:\/\/novobud.pl\/#website\",\"url\":\"https:\/\/novobud.pl\/\",\"name\":\"Novobud\",\"description\":\"Novobud.pl\",\"potentialAction\":[{\"@type\":\"SearchAction\",\"target\":{\"@type\":\"EntryPoint\",\"urlTemplate\":\"https:\/\/novobud.pl\/?s={search_term_string}\"},\"query-input\":\"required name=search_term_string\"}],\"inLanguage\":\"en-US\"}]}<\/script>\n<!-- \/ Yoast SEO plugin. -->","yoast_head_json":{"title":"Naro\u017cnik monta\u017cowy dla system\u00f3w FLANGE 20 - Novobud","description":"Zam\u00f3w u nas Naro\u017cnik monta\u017cowy dla system\u00f3w FLANGE 20 \u27a6NOVOBUD. \u260e +380442779820. technologia element\u00f3w z\u0142\u0105cznych. Czekamy na Ciebie!","robots":{"index":"index","follow":"follow","max-snippet":"max-snippet:-1","max-image-preview":"max-image-preview:large","max-video-preview":"max-video-preview:-1"},"canonical":"https:\/\/novobud.pl\/en\/product\/naroznik-montazowy-dla-systemow-flange-20\/","og_locale":"en_US","og_type":"article","og_title":"Naro\u017cnik monta\u017cowy dla system\u00f3w FLANGE 20 - Novobud","og_description":"Zam\u00f3w u nas Naro\u017cnik monta\u017cowy dla system\u00f3w FLANGE 20 \u27a6NOVOBUD. \u260e +380442779820. technologia element\u00f3w z\u0142\u0105cznych. Czekamy na Ciebie!","og_url":"https:\/\/novobud.pl\/en\/product\/naroznik-montazowy-dla-systemow-flange-20\/","og_site_name":"Novobud","article_modified_time":"2023-07-27T06:14:01+00:00","og_image":[{"width":800,"height":600,"url":"https:\/\/novobud.pl\/wp-content\/uploads\/2023\/07\/Montageecke-fuer-FLANGE-SYSTEME-20-.png","type":"image\/png"}],"twitter_card":"summary_large_image","twitter_misc":{"Est. reading time":"1 minute"},"schema":{"@context":"https:\/\/schema.org","@graph":[{"@type":"WebPage","@id":"https:\/\/novobud.pl\/product\/naroznik-montazowy-dla-systemow-flange-20\/","url":"https:\/\/novobud.pl\/product\/naroznik-montazowy-dla-systemow-flange-20\/","name":"Naro\u017cnik monta\u017cowy dla system\u00f3w FLANGE 20 - Novobud","isPartOf":{"@id":"https:\/\/novobud.pl\/#website"},"datePublished":"2023-07-15T17:22:04+00:00","dateModified":"2023-07-27T06:14:01+00:00","description":"Zam\u00f3w u nas Naro\u017cnik monta\u017cowy dla system\u00f3w FLANGE 20 \u27a6NOVOBUD. \u260e +380442779820. technologia element\u00f3w z\u0142\u0105cznych. Czekamy na Ciebie!","breadcrumb":{"@id":"https:\/\/novobud.pl\/product\/naroznik-montazowy-dla-systemow-flange-20\/#breadcrumb"},"inLanguage":"en-US","potentialAction":[{"@type":"ReadAction","target":["https:\/\/novobud.pl\/product\/naroznik-montazowy-dla-systemow-flange-20\/"]}]},{"@type":"BreadcrumbList","@id":"https:\/\/novobud.pl\/product\/naroznik-montazowy-dla-systemow-flange-20\/#breadcrumb","itemListElement":[{"@type":"ListItem","position":1,"name":"\u0413\u043b\u0430\u0432\u043d\u0430\u044f \u0441\u0442\u0440\u0430\u043d\u0438\u0446\u0430","item":"https:\/\/novobud.pl\/"},{"@type":"ListItem","position":2,"name":"Shop","item":"https:\/\/novobud.pl\/shop\/"},{"@type":"ListItem","position":3,"name":"Naro\u017cnik monta\u017cowy dla system\u00f3w FLANGE 20"}]},{"@type":"WebSite","@id":"https:\/\/novobud.pl\/#website","url":"https:\/\/novobud.pl\/","name":"Novobud","description":"Novobud.pl","potentialAction":[{"@type":"SearchAction","target":{"@type":"EntryPoint","urlTemplate":"https:\/\/novobud.pl\/?s={search_term_string}"},"query-input":"required name=search_term_string"}],"inLanguage":"en-US"}]}},"_links":{"self":[{"href":"https:\/\/novobud.pl\/en\/wp-json\/wp\/v2\/product\/307","targetHints":{"allow":["GET"]}}],"collection":[{"href":"https:\/\/novobud.pl\/en\/wp-json\/wp\/v2\/product"}],"about":[{"href":"https:\/\/novobud.pl\/en\/wp-json\/wp\/v2\/types\/product"}],"replies":[{"embeddable":true,"href":"https:\/\/novobud.pl\/en\/wp-json\/wp\/v2\/comments?post=307"}],"wp:featuredmedia":[{"embeddable":true,"href":"https:\/\/novobud.pl\/en\/wp-json\/wp\/v2\/media\/308"}],"wp:attachment":[{"href":"https:\/\/novobud.pl\/en\/wp-json\/wp\/v2\/media?parent=307"}],"wp:term":[{"taxonomy":"product_cat","embeddable":true,"href":"https:\/\/novobud.pl\/en\/wp-json\/wp\/v2\/product_cat?post=307"},{"taxonomy":"product_tag","embeddable":true,"href":"https:\/\/novobud.pl\/en\/wp-json\/wp\/v2\/product_tag?post=307"}],"curies":[{"name":"wp","href":"https:\/\/api.w.org\/{rel}","templated":true}]}}