{"id":314,"date":"2023-07-15T20:30:21","date_gmt":"2023-07-15T17:30:21","guid":{"rendered":"https:\/\/novobud.pl\/?post_type=product&#038;p=314"},"modified":"2023-07-27T09:43:23","modified_gmt":"2023-07-27T06:43:23","slug":"naroznik-montazowy-dla-systemow-flange-30","status":"publish","type":"product","link":"https:\/\/novobud.pl\/en\/product\/naroznik-montazowy-dla-systemow-flange-30\/","title":{"rendered":"Naro\u017cnik monta\u017cowy dla system\u00f3w FLANGE 30"},"content":{"rendered":"<p>Powierzchnia ocynkowana<\/p>\n<ul>\n<li>dla FLANGE SYSTEMS 30<\/li>\n<li>Naro\u017cnik z otworem do wprowadzenia przez \u015bcian\u0119 kana\u0142u<\/li>\n<li>Uszczelnienie jest wykonywane na ko\u0144cu kana\u0142u<\/li>\n<li>w wewn\u0119trznym naro\u017cniku naro\u017cnika<\/li>\n<\/ul>\n<div class=\"table-responsive\">\n<table width=\"691\">\n<tbody>\n<tr>\n<td width=\"127\"><strong>Article number<\/strong><\/td>\n<td style=\"text-align: center;\" width=\"84\"><strong>Materia\u0142<\/strong><\/td>\n<td style=\"text-align: center;\" width=\"84\"><strong>Grubo\u015b\u0107 materia\u0142u\/mm<\/strong><\/td>\n<td style=\"text-align: center;\" width=\"96\"><strong>Otw\u00f3r na \u015brub\u0119 \u00d8 mm<\/strong><\/td>\n<td style=\"text-align: center;\" width=\"96\"><strong>Wymiar odrywania mm <\/strong><\/td>\n<td style=\"text-align: center;\" width=\"60\"><strong>P\u00f3\u0142ka<\/strong><br \/>\n<strong>mm<\/strong><\/td>\n<td style=\"text-align: center;\" width=\"48\"><strong>VPE<\/strong><br \/>\n<strong>St.<\/strong><\/td>\n<td style=\"text-align: center;\" width=\"96\"><strong>Weight<\/strong><br \/>\n<strong>kg\/szt.<\/strong><\/td>\n<\/tr>\n<tr>\n<td width=\"127\">21032325048<\/td>\n<td width=\"84\">Galvanized<\/td>\n<td width=\"84\">2,5<\/td>\n<td width=\"96\">13-16<\/td>\n<td width=\"96\">32<\/td>\n<td width=\"60\">2<\/td>\n<td width=\"48\">150<\/td>\n<td width=\"96\">0,066<\/td>\n<\/tr>\n<tr>\n<td width=\"127\">61032325048<\/td>\n<td width=\"84\">Galvanized<\/td>\n<td width=\"84\">2,5<\/td>\n<td width=\"96\">13-16<\/td>\n<td width=\"96\">32<\/td>\n<td width=\"60\">6<\/td>\n<td width=\"48\">150<\/td>\n<td width=\"96\">0,072<\/td>\n<\/tr>\n<\/tbody>\n<\/table>\n<\/div>","protected":false},"excerpt":{"rendered":"<p>Powierzchnia ocynkowana dla FLANGE SYSTEMS 30 Naro\u017cnik z otworem do wprowadzenia przez \u015bcian\u0119 kana\u0142u Uszczelnienie jest wykonywane na ko\u0144cu kana\u0142u w wewn\u0119trznym naro\u017cniku naro\u017cnika Numer artyku\u0142u Materia\u0142 Grubo\u015b\u0107 materia\u0142u\/mm Otw\u00f3r na \u015brub\u0119 \u00d8 mm Wymiar odrywania mm P\u00f3\u0142ka mm VPE St. Waga kg\/szt. 21032325048 Galvanized 2,5 13-16 32 2 150 0,066 61032325048 Galvanized 2,5 13-16 [&#8230;]","protected":false},"featured_media":315,"comment_status":"open","ping_status":"closed","template":"","meta":[],"product_cat":[35],"product_tag":[],"class_list":["post-314","product","type-product","status-publish","has-post-thumbnail","hentry","product_cat-wentylacja"],"yoast_head":"<!-- This site is optimized with the Yoast SEO plugin v20.12 - https:\/\/yoast.com\/wordpress\/plugins\/seo\/ -->\n<title>Naro\u017cnik monta\u017cowy dla system\u00f3w FLANGE 30 - Novobud<\/title>\n<meta name=\"description\" content=\"Zam\u00f3w u nas Naro\u017cnik monta\u017cowy dla system\u00f3w FLANGE 30 \u27a6NOVOBUD. \u260e +380442779820. technologia element\u00f3w z\u0142\u0105cznych. Czekamy na Ciebie!\" \/>\n<meta name=\"robots\" content=\"index, follow, max-snippet:-1, max-image-preview:large, max-video-preview:-1\" \/>\n<link rel=\"canonical\" href=\"https:\/\/novobud.pl\/en\/product\/naroznik-montazowy-dla-systemow-flange-30\/\" \/>\n<meta property=\"og:locale\" content=\"en_US\" \/>\n<meta property=\"og:type\" content=\"article\" \/>\n<meta property=\"og:title\" content=\"Naro\u017cnik monta\u017cowy dla system\u00f3w FLANGE 30 - Novobud\" \/>\n<meta property=\"og:description\" content=\"Zam\u00f3w u nas Naro\u017cnik monta\u017cowy dla system\u00f3w FLANGE 30 \u27a6NOVOBUD. \u260e +380442779820. technologia element\u00f3w z\u0142\u0105cznych. Czekamy na Ciebie!\" \/>\n<meta property=\"og:url\" content=\"https:\/\/novobud.pl\/en\/product\/naroznik-montazowy-dla-systemow-flange-30\/\" \/>\n<meta property=\"og:site_name\" content=\"Novobud\" \/>\n<meta property=\"article:modified_time\" content=\"2023-07-27T06:43:23+00:00\" \/>\n<meta property=\"og:image\" content=\"https:\/\/novobud.pl\/wp-content\/uploads\/2023\/07\/Montageecke-fuer-FLANGE-SYSTEME-30.png\" \/>\n\t<meta property=\"og:image:width\" content=\"800\" \/>\n\t<meta property=\"og:image:height\" content=\"600\" \/>\n\t<meta property=\"og:image:type\" content=\"image\/png\" \/>\n<meta name=\"twitter:card\" content=\"summary_large_image\" \/>\n<meta name=\"twitter:label1\" content=\"Est. reading time\" \/>\n\t<meta name=\"twitter:data1\" content=\"1 minute\" \/>\n<script type=\"application\/ld+json\" class=\"yoast-schema-graph\">{\"@context\":\"https:\/\/schema.org\",\"@graph\":[{\"@type\":\"WebPage\",\"@id\":\"https:\/\/novobud.pl\/product\/naroznik-montazowy-dla-systemow-flange-30\/\",\"url\":\"https:\/\/novobud.pl\/product\/naroznik-montazowy-dla-systemow-flange-30\/\",\"name\":\"Naro\u017cnik monta\u017cowy dla system\u00f3w FLANGE 30 - Novobud\",\"isPartOf\":{\"@id\":\"https:\/\/novobud.pl\/#website\"},\"datePublished\":\"2023-07-15T17:30:21+00:00\",\"dateModified\":\"2023-07-27T06:43:23+00:00\",\"description\":\"Zam\u00f3w u nas Naro\u017cnik monta\u017cowy dla system\u00f3w FLANGE 30 \u27a6NOVOBUD. \u260e +380442779820. technologia element\u00f3w z\u0142\u0105cznych. Czekamy na Ciebie!\",\"breadcrumb\":{\"@id\":\"https:\/\/novobud.pl\/product\/naroznik-montazowy-dla-systemow-flange-30\/#breadcrumb\"},\"inLanguage\":\"en-US\",\"potentialAction\":[{\"@type\":\"ReadAction\",\"target\":[\"https:\/\/novobud.pl\/product\/naroznik-montazowy-dla-systemow-flange-30\/\"]}]},{\"@type\":\"BreadcrumbList\",\"@id\":\"https:\/\/novobud.pl\/product\/naroznik-montazowy-dla-systemow-flange-30\/#breadcrumb\",\"itemListElement\":[{\"@type\":\"ListItem\",\"position\":1,\"name\":\"\u0413\u043b\u0430\u0432\u043d\u0430\u044f \u0441\u0442\u0440\u0430\u043d\u0438\u0446\u0430\",\"item\":\"https:\/\/novobud.pl\/\"},{\"@type\":\"ListItem\",\"position\":2,\"name\":\"Shop\",\"item\":\"https:\/\/novobud.pl\/shop\/\"},{\"@type\":\"ListItem\",\"position\":3,\"name\":\"Naro\u017cnik monta\u017cowy dla system\u00f3w FLANGE 30\"}]},{\"@type\":\"WebSite\",\"@id\":\"https:\/\/novobud.pl\/#website\",\"url\":\"https:\/\/novobud.pl\/\",\"name\":\"Novobud\",\"description\":\"Novobud.pl\",\"potentialAction\":[{\"@type\":\"SearchAction\",\"target\":{\"@type\":\"EntryPoint\",\"urlTemplate\":\"https:\/\/novobud.pl\/?s={search_term_string}\"},\"query-input\":\"required name=search_term_string\"}],\"inLanguage\":\"en-US\"}]}<\/script>\n<!-- \/ Yoast SEO plugin. -->","yoast_head_json":{"title":"Naro\u017cnik monta\u017cowy dla system\u00f3w FLANGE 30 - Novobud","description":"Zam\u00f3w u nas Naro\u017cnik monta\u017cowy dla system\u00f3w FLANGE 30 \u27a6NOVOBUD. \u260e +380442779820. technologia element\u00f3w z\u0142\u0105cznych. Czekamy na Ciebie!","robots":{"index":"index","follow":"follow","max-snippet":"max-snippet:-1","max-image-preview":"max-image-preview:large","max-video-preview":"max-video-preview:-1"},"canonical":"https:\/\/novobud.pl\/en\/product\/naroznik-montazowy-dla-systemow-flange-30\/","og_locale":"en_US","og_type":"article","og_title":"Naro\u017cnik monta\u017cowy dla system\u00f3w FLANGE 30 - Novobud","og_description":"Zam\u00f3w u nas Naro\u017cnik monta\u017cowy dla system\u00f3w FLANGE 30 \u27a6NOVOBUD. \u260e +380442779820. technologia element\u00f3w z\u0142\u0105cznych. Czekamy na Ciebie!","og_url":"https:\/\/novobud.pl\/en\/product\/naroznik-montazowy-dla-systemow-flange-30\/","og_site_name":"Novobud","article_modified_time":"2023-07-27T06:43:23+00:00","og_image":[{"width":800,"height":600,"url":"https:\/\/novobud.pl\/wp-content\/uploads\/2023\/07\/Montageecke-fuer-FLANGE-SYSTEME-30.png","type":"image\/png"}],"twitter_card":"summary_large_image","twitter_misc":{"Est. reading time":"1 minute"},"schema":{"@context":"https:\/\/schema.org","@graph":[{"@type":"WebPage","@id":"https:\/\/novobud.pl\/product\/naroznik-montazowy-dla-systemow-flange-30\/","url":"https:\/\/novobud.pl\/product\/naroznik-montazowy-dla-systemow-flange-30\/","name":"Naro\u017cnik monta\u017cowy dla system\u00f3w FLANGE 30 - Novobud","isPartOf":{"@id":"https:\/\/novobud.pl\/#website"},"datePublished":"2023-07-15T17:30:21+00:00","dateModified":"2023-07-27T06:43:23+00:00","description":"Zam\u00f3w u nas Naro\u017cnik monta\u017cowy dla system\u00f3w FLANGE 30 \u27a6NOVOBUD. \u260e +380442779820. technologia element\u00f3w z\u0142\u0105cznych. Czekamy na Ciebie!","breadcrumb":{"@id":"https:\/\/novobud.pl\/product\/naroznik-montazowy-dla-systemow-flange-30\/#breadcrumb"},"inLanguage":"en-US","potentialAction":[{"@type":"ReadAction","target":["https:\/\/novobud.pl\/product\/naroznik-montazowy-dla-systemow-flange-30\/"]}]},{"@type":"BreadcrumbList","@id":"https:\/\/novobud.pl\/product\/naroznik-montazowy-dla-systemow-flange-30\/#breadcrumb","itemListElement":[{"@type":"ListItem","position":1,"name":"\u0413\u043b\u0430\u0432\u043d\u0430\u044f \u0441\u0442\u0440\u0430\u043d\u0438\u0446\u0430","item":"https:\/\/novobud.pl\/"},{"@type":"ListItem","position":2,"name":"Shop","item":"https:\/\/novobud.pl\/shop\/"},{"@type":"ListItem","position":3,"name":"Naro\u017cnik monta\u017cowy dla system\u00f3w FLANGE 30"}]},{"@type":"WebSite","@id":"https:\/\/novobud.pl\/#website","url":"https:\/\/novobud.pl\/","name":"Novobud","description":"Novobud.pl","potentialAction":[{"@type":"SearchAction","target":{"@type":"EntryPoint","urlTemplate":"https:\/\/novobud.pl\/?s={search_term_string}"},"query-input":"required name=search_term_string"}],"inLanguage":"en-US"}]}},"_links":{"self":[{"href":"https:\/\/novobud.pl\/en\/wp-json\/wp\/v2\/product\/314","targetHints":{"allow":["GET"]}}],"collection":[{"href":"https:\/\/novobud.pl\/en\/wp-json\/wp\/v2\/product"}],"about":[{"href":"https:\/\/novobud.pl\/en\/wp-json\/wp\/v2\/types\/product"}],"replies":[{"embeddable":true,"href":"https:\/\/novobud.pl\/en\/wp-json\/wp\/v2\/comments?post=314"}],"wp:featuredmedia":[{"embeddable":true,"href":"https:\/\/novobud.pl\/en\/wp-json\/wp\/v2\/media\/315"}],"wp:attachment":[{"href":"https:\/\/novobud.pl\/en\/wp-json\/wp\/v2\/media?parent=314"}],"wp:term":[{"taxonomy":"product_cat","embeddable":true,"href":"https:\/\/novobud.pl\/en\/wp-json\/wp\/v2\/product_cat?post=314"},{"taxonomy":"product_tag","embeddable":true,"href":"https:\/\/novobud.pl\/en\/wp-json\/wp\/v2\/product_tag?post=314"}],"curies":[{"name":"wp","href":"https:\/\/api.w.org\/{rel}","templated":true}]}}