{"id":322,"date":"2023-07-16T10:03:05","date_gmt":"2023-07-16T07:03:05","guid":{"rendered":"https:\/\/novobud.pl\/?post_type=product&#038;p=322"},"modified":"2023-07-27T09:19:44","modified_gmt":"2023-07-27T06:19:44","slug":"uchwyt-przewodu-powietrza-l-i-z","status":"publish","type":"product","link":"https:\/\/novobud.pl\/en\/product\/uchwyt-przewodu-powietrza-l-i-z\/","title":{"rendered":"Air line holder \"L and Z\""},"content":{"rendered":"<p>Materials: galvanized steel<br \/>\nTemperature resistance -40 - 110 \u00b0C<br \/>\nHardness of insulating material 60\u00b0 \u00b15\u00b0 Shore A<br \/>\nNoise reduction 16 dB (A)<\/p>\n<div class=\"table-responsive\">\n<table>\n<tbody>\n<tr>\n<td width=\"113\"><strong>Article number<\/strong><\/td>\n<td style=\"text-align: center;\" width=\"113\"><strong>Nomenclature<\/strong><\/td>\n<td style=\"text-align: center;\" width=\"113\"><strong>Maximum load<\/strong><br \/>\n<strong>F<\/strong><\/td>\n<td style=\"text-align: center;\" width=\"113\"><strong>Thread<\/strong><br \/>\n<strong>M<\/strong><\/td>\n<td style=\"text-align: center;\" width=\"113\"><strong>VPE<\/strong><br \/>\n<strong>St.<\/strong><\/td>\n<td style=\"text-align: center;\" width=\"113\"><strong>VPE<\/strong><br \/>\n<strong>kg<\/strong><\/td>\n<\/tr>\n<tr>\n<td width=\"113\">3036056048<\/td>\n<td width=\"113\">LKH-L<\/td>\n<td width=\"113\">500N<\/td>\n<td width=\"113\">M8\/M10<\/td>\n<td width=\"113\">150<\/td>\n<td width=\"113\">5,350<\/td>\n<\/tr>\n<tr>\n<td width=\"113\">3436039048<\/td>\n<td width=\"113\">LKH-Z<\/td>\n<td width=\"113\">500N<\/td>\n<td width=\"113\">M8M\/10<\/td>\n<td width=\"113\">150<\/td>\n<td width=\"113\">5,350<\/td>\n<\/tr>\n<\/tbody>\n<\/table>\n<\/div>","protected":false},"excerpt":{"rendered":"<p>Materia\u0142y: stal ocynkowana Odporno\u015b\u0107 na temperatur\u0119 -40 &#8211; 110 \u00b0C Twardo\u015b\u0107 materia\u0142u izolacyjnego 60\u00b0 \u00b15\u00b0 Shore A Redukcja ha\u0142asu 16 dB (A) Numer artyku\u0142u Nazewnictwo Maksymalne obci\u0105\u017cenie F W\u0105tek M VPE St. VPE kg 3036056048 LKH-L 500N M8\/M10 150 5,350 3436039048 LKH-Z 500N M8M\/10 150 5,350<\/p>","protected":false},"featured_media":323,"comment_status":"open","ping_status":"closed","template":"","meta":[],"product_cat":[35],"product_tag":[],"class_list":["post-322","product","type-product","status-publish","has-post-thumbnail","hentry","product_cat-wentylacja"],"yoast_head":"<!-- This site is optimized with the Yoast SEO plugin v20.12 - https:\/\/yoast.com\/wordpress\/plugins\/seo\/ -->\n<title>Uchwyt przewodu powietrza &quot;L i Z&quot; - Novobud<\/title>\n<meta name=\"description\" content=\"Zam\u00f3w u nas Uchwyt przewodu powietrza &quot;L i Z&quot; \u27a6NOVOBUD. \u260e +380442779820. technologia element\u00f3w z\u0142\u0105cznych. Czekamy na Ciebie!\" \/>\n<meta name=\"robots\" content=\"index, follow, max-snippet:-1, max-image-preview:large, max-video-preview:-1\" \/>\n<link rel=\"canonical\" href=\"https:\/\/novobud.pl\/en\/product\/uchwyt-przewodu-powietrza-l-i-z\/\" \/>\n<meta property=\"og:locale\" content=\"en_US\" \/>\n<meta property=\"og:type\" content=\"article\" \/>\n<meta property=\"og:title\" content=\"Uchwyt przewodu powietrza &quot;L i Z&quot; - Novobud\" \/>\n<meta property=\"og:description\" content=\"Zam\u00f3w u nas Uchwyt przewodu powietrza &quot;L i Z&quot; \u27a6NOVOBUD. \u260e +380442779820. technologia element\u00f3w z\u0142\u0105cznych. Czekamy na Ciebie!\" \/>\n<meta property=\"og:url\" content=\"https:\/\/novobud.pl\/en\/product\/uchwyt-przewodu-powietrza-l-i-z\/\" \/>\n<meta property=\"og:site_name\" content=\"Novobud\" \/>\n<meta property=\"article:modified_time\" content=\"2023-07-27T06:19:44+00:00\" \/>\n<meta property=\"og:image\" content=\"https:\/\/novobud.pl\/wp-content\/uploads\/2023\/07\/Luftkanalhalter-1-1.png\" \/>\n\t<meta property=\"og:image:width\" content=\"800\" \/>\n\t<meta property=\"og:image:height\" content=\"600\" \/>\n\t<meta property=\"og:image:type\" content=\"image\/png\" \/>\n<meta name=\"twitter:card\" content=\"summary_large_image\" \/>\n<meta name=\"twitter:label1\" content=\"Est. reading time\" \/>\n\t<meta name=\"twitter:data1\" content=\"1 minute\" \/>\n<script type=\"application\/ld+json\" class=\"yoast-schema-graph\">{\"@context\":\"https:\/\/schema.org\",\"@graph\":[{\"@type\":\"WebPage\",\"@id\":\"https:\/\/novobud.pl\/product\/uchwyt-przewodu-powietrza-l-i-z\/\",\"url\":\"https:\/\/novobud.pl\/product\/uchwyt-przewodu-powietrza-l-i-z\/\",\"name\":\"Uchwyt przewodu powietrza \\\"L i Z\\\" - Novobud\",\"isPartOf\":{\"@id\":\"https:\/\/novobud.pl\/#website\"},\"datePublished\":\"2023-07-16T07:03:05+00:00\",\"dateModified\":\"2023-07-27T06:19:44+00:00\",\"description\":\"Zam\u00f3w u nas Uchwyt przewodu powietrza \\\"L i Z\\\" \u27a6NOVOBUD. \u260e +380442779820. technologia element\u00f3w z\u0142\u0105cznych. Czekamy na Ciebie!\",\"breadcrumb\":{\"@id\":\"https:\/\/novobud.pl\/product\/uchwyt-przewodu-powietrza-l-i-z\/#breadcrumb\"},\"inLanguage\":\"en-US\",\"potentialAction\":[{\"@type\":\"ReadAction\",\"target\":[\"https:\/\/novobud.pl\/product\/uchwyt-przewodu-powietrza-l-i-z\/\"]}]},{\"@type\":\"BreadcrumbList\",\"@id\":\"https:\/\/novobud.pl\/product\/uchwyt-przewodu-powietrza-l-i-z\/#breadcrumb\",\"itemListElement\":[{\"@type\":\"ListItem\",\"position\":1,\"name\":\"\u0413\u043b\u0430\u0432\u043d\u0430\u044f \u0441\u0442\u0440\u0430\u043d\u0438\u0446\u0430\",\"item\":\"https:\/\/novobud.pl\/\"},{\"@type\":\"ListItem\",\"position\":2,\"name\":\"Shop\",\"item\":\"https:\/\/novobud.pl\/shop\/\"},{\"@type\":\"ListItem\",\"position\":3,\"name\":\"Uchwyt przewodu powietrza &#171;L i Z&#187;\"}]},{\"@type\":\"WebSite\",\"@id\":\"https:\/\/novobud.pl\/#website\",\"url\":\"https:\/\/novobud.pl\/\",\"name\":\"Novobud\",\"description\":\"Novobud.pl\",\"potentialAction\":[{\"@type\":\"SearchAction\",\"target\":{\"@type\":\"EntryPoint\",\"urlTemplate\":\"https:\/\/novobud.pl\/?s={search_term_string}\"},\"query-input\":\"required name=search_term_string\"}],\"inLanguage\":\"en-US\"}]}<\/script>\n<!-- \/ Yoast SEO plugin. -->","yoast_head_json":{"title":"Uchwyt przewodu powietrza \"L i Z\" - Novobud","description":"Zam\u00f3w u nas Uchwyt przewodu powietrza \"L i Z\" \u27a6NOVOBUD. \u260e +380442779820. technologia element\u00f3w z\u0142\u0105cznych. Czekamy na Ciebie!","robots":{"index":"index","follow":"follow","max-snippet":"max-snippet:-1","max-image-preview":"max-image-preview:large","max-video-preview":"max-video-preview:-1"},"canonical":"https:\/\/novobud.pl\/en\/product\/uchwyt-przewodu-powietrza-l-i-z\/","og_locale":"en_US","og_type":"article","og_title":"Uchwyt przewodu powietrza \"L i Z\" - Novobud","og_description":"Zam\u00f3w u nas Uchwyt przewodu powietrza \"L i Z\" \u27a6NOVOBUD. \u260e +380442779820. technologia element\u00f3w z\u0142\u0105cznych. Czekamy na Ciebie!","og_url":"https:\/\/novobud.pl\/en\/product\/uchwyt-przewodu-powietrza-l-i-z\/","og_site_name":"Novobud","article_modified_time":"2023-07-27T06:19:44+00:00","og_image":[{"width":800,"height":600,"url":"https:\/\/novobud.pl\/wp-content\/uploads\/2023\/07\/Luftkanalhalter-1-1.png","type":"image\/png"}],"twitter_card":"summary_large_image","twitter_misc":{"Est. reading time":"1 minute"},"schema":{"@context":"https:\/\/schema.org","@graph":[{"@type":"WebPage","@id":"https:\/\/novobud.pl\/product\/uchwyt-przewodu-powietrza-l-i-z\/","url":"https:\/\/novobud.pl\/product\/uchwyt-przewodu-powietrza-l-i-z\/","name":"Uchwyt przewodu powietrza \"L i Z\" - Novobud","isPartOf":{"@id":"https:\/\/novobud.pl\/#website"},"datePublished":"2023-07-16T07:03:05+00:00","dateModified":"2023-07-27T06:19:44+00:00","description":"Zam\u00f3w u nas Uchwyt przewodu powietrza \"L i Z\" \u27a6NOVOBUD. \u260e +380442779820. technologia element\u00f3w z\u0142\u0105cznych. Czekamy na Ciebie!","breadcrumb":{"@id":"https:\/\/novobud.pl\/product\/uchwyt-przewodu-powietrza-l-i-z\/#breadcrumb"},"inLanguage":"en-US","potentialAction":[{"@type":"ReadAction","target":["https:\/\/novobud.pl\/product\/uchwyt-przewodu-powietrza-l-i-z\/"]}]},{"@type":"BreadcrumbList","@id":"https:\/\/novobud.pl\/product\/uchwyt-przewodu-powietrza-l-i-z\/#breadcrumb","itemListElement":[{"@type":"ListItem","position":1,"name":"\u0413\u043b\u0430\u0432\u043d\u0430\u044f \u0441\u0442\u0440\u0430\u043d\u0438\u0446\u0430","item":"https:\/\/novobud.pl\/"},{"@type":"ListItem","position":2,"name":"Shop","item":"https:\/\/novobud.pl\/shop\/"},{"@type":"ListItem","position":3,"name":"Uchwyt przewodu powietrza &#171;L i Z&#187;"}]},{"@type":"WebSite","@id":"https:\/\/novobud.pl\/#website","url":"https:\/\/novobud.pl\/","name":"Novobud","description":"Novobud.pl","potentialAction":[{"@type":"SearchAction","target":{"@type":"EntryPoint","urlTemplate":"https:\/\/novobud.pl\/?s={search_term_string}"},"query-input":"required name=search_term_string"}],"inLanguage":"en-US"}]}},"_links":{"self":[{"href":"https:\/\/novobud.pl\/en\/wp-json\/wp\/v2\/product\/322","targetHints":{"allow":["GET"]}}],"collection":[{"href":"https:\/\/novobud.pl\/en\/wp-json\/wp\/v2\/product"}],"about":[{"href":"https:\/\/novobud.pl\/en\/wp-json\/wp\/v2\/types\/product"}],"replies":[{"embeddable":true,"href":"https:\/\/novobud.pl\/en\/wp-json\/wp\/v2\/comments?post=322"}],"wp:featuredmedia":[{"embeddable":true,"href":"https:\/\/novobud.pl\/en\/wp-json\/wp\/v2\/media\/323"}],"wp:attachment":[{"href":"https:\/\/novobud.pl\/en\/wp-json\/wp\/v2\/media?parent=322"}],"wp:term":[{"taxonomy":"product_cat","embeddable":true,"href":"https:\/\/novobud.pl\/en\/wp-json\/wp\/v2\/product_cat?post=322"},{"taxonomy":"product_tag","embeddable":true,"href":"https:\/\/novobud.pl\/en\/wp-json\/wp\/v2\/product_tag?post=322"}],"curies":[{"name":"wp","href":"https:\/\/api.w.org\/{rel}","templated":true}]}}