{"id":329,"date":"2023-07-16T10:08:33","date_gmt":"2023-07-16T07:08:33","guid":{"rendered":"https:\/\/novobud.pl\/?post_type=product&#038;p=329"},"modified":"2024-09-15T01:55:06","modified_gmt":"2024-09-14T22:55:06","slug":"luftkanalverbindung","status":"publish","type":"product","link":"https:\/\/novobud.pl\/en\/product\/luftkanalverbindung\/","title":{"rendered":"Pod\u0142\u0105czenie kana\u0142u powietrza"},"content":{"rendered":"<p>Powierzchnia ocynkowana<br \/>\nObejma kana\u0142u powietrznego do \u0142\u0105czenia prostok\u0105tnych system\u00f3w kana\u0142\u00f3w powietrznych<br \/>\nDo du\u017cych przekroj\u00f3w kana\u0142\u00f3w i wysokich wsp\u00f3\u0142czynnik\u00f3w ci\u015bnieniaWysoka no\u015bno\u015b\u0107 dzi\u0119ki wzmacniaj\u0105cym kulkom<\/p>\n<ul>\n<li style=\"list-style-type: none;\">\n<ul>\n<li>kein Vorklemmen und Bohren<\/li>\n<li>dla FLANGE SYSTEMS 20, 30 i innych po\u0142\u0105cze\u0144 ko\u0142nierzowych<\/li>\n<li>Zwi\u0119kszona stabilno\u015b\u0107 dzi\u0119ki podw\u00f3jnemu \u017cebrowaniu nad<\/li>\n<\/ul>\n<\/li>\n<\/ul>\n<p>Kraw\u0119d\u017a gn\u0105ca<\/p>\n<div class=\"table-responsive\">\n<table width=\"685\">\n<tbody>\n<tr>\n<td width=\"127\">Article number<\/td>\n<td style=\"text-align: center;\" width=\"84\"><strong>Materia\u0142<\/strong><\/td>\n<td style=\"text-align: center;\" width=\"52\"><strong>A<\/strong><\/td>\n<td style=\"text-align: center;\" width=\"52\"><strong>B<\/strong><\/td>\n<td style=\"text-align: center;\" width=\"52\"><strong>C<\/strong><\/td>\n<td style=\"text-align: center;\" width=\"52\"><strong>D<\/strong><\/td>\n<td style=\"text-align: center;\" width=\"52\"><strong>S<\/strong><\/td>\n<td style=\"text-align: center;\" width=\"79\"><strong>\u015aruba<\/strong><br \/>\n<strong>Din 933<\/strong><\/td>\n<td style=\"text-align: center;\" width=\"51\"><strong>VPE<\/strong><br \/>\n<strong>St.<\/strong><\/td>\n<td style=\"text-align: center;\" width=\"84\"><strong>VPE<\/strong><br \/>\n<strong>kg<\/strong><\/td>\n<\/tr>\n<tr>\n<td width=\"127\">302025048<\/td>\n<td width=\"84\">Galwanizowany<\/td>\n<td width=\"52\">29<\/td>\n<td width=\"52\">17<\/td>\n<td width=\"52\">13<\/td>\n<td width=\"52\">19,5<\/td>\n<td width=\"52\">2,5<\/td>\n<td width=\"79\">M8X22<\/td>\n<td width=\"51\">250<\/td>\n<td width=\"84\">11,700<\/td>\n<\/tr>\n<tr>\n<td width=\"127\">302030048<\/td>\n<td width=\"84\">Galwanizowany<\/td>\n<td width=\"52\">29<\/td>\n<td width=\"52\">17<\/td>\n<td width=\"52\">13<\/td>\n<td width=\"52\">19,5<\/td>\n<td width=\"52\">3<\/td>\n<td width=\"79\">M8X22<\/td>\n<td width=\"51\">250<\/td>\n<td width=\"84\">16,150<\/td>\n<\/tr>\n<\/tbody>\n<\/table>\n<\/div>","protected":false},"excerpt":{"rendered":"<p>Powierzchnia ocynkowana Obejma kana\u0142u powietrznego do \u0142\u0105czenia prostok\u0105tnych system\u00f3w kana\u0142\u00f3w powietrznych Do du\u017cych przekroj\u00f3w kana\u0142\u00f3w i wysokich wsp\u00f3\u0142czynnik\u00f3w ci\u015bnieniaWysoka no\u015bno\u015b\u0107 dzi\u0119ki wzmacniaj\u0105cym kulkom kein Vorklemmen und Bohren dla FLANGE SYSTEMS 20, 30 i innych po\u0142\u0105cze\u0144 ko\u0142nierzowych Zwi\u0119kszona stabilno\u015b\u0107 dzi\u0119ki podw\u00f3jnemu \u017cebrowaniu nad Kraw\u0119d\u017a gn\u0105ca Numer artyku\u0142u Materia\u0142 A B C D S \u015aruba Din 933 [&#8230;]","protected":false},"featured_media":332,"comment_status":"open","ping_status":"closed","template":"","meta":[],"product_cat":[35],"product_tag":[],"class_list":["post-329","product","type-product","status-publish","has-post-thumbnail","hentry","product_cat-wentylacja"],"yoast_head":"<!-- This site is optimized with the Yoast SEO plugin v20.12 - https:\/\/yoast.com\/wordpress\/plugins\/seo\/ -->\n<title>Pod\u0142\u0105czenie kana\u0142u powietrza - Novobud<\/title>\n<meta name=\"description\" content=\"Zam\u00f3w u nas Pod\u0142\u0105czenie kana\u0142u powietrza \u27a6NOVOBUD. \u260e +380442779820. technologia element\u00f3w z\u0142\u0105cznych. Czekamy na Ciebie!\" \/>\n<meta name=\"robots\" content=\"index, follow, max-snippet:-1, max-image-preview:large, max-video-preview:-1\" \/>\n<link rel=\"canonical\" href=\"https:\/\/novobud.pl\/en\/product\/luftkanalverbindung\/\" \/>\n<meta property=\"og:locale\" content=\"en_US\" \/>\n<meta property=\"og:type\" content=\"article\" \/>\n<meta property=\"og:title\" content=\"Pod\u0142\u0105czenie kana\u0142u powietrza - Novobud\" \/>\n<meta property=\"og:description\" content=\"Zam\u00f3w u nas Pod\u0142\u0105czenie kana\u0142u powietrza \u27a6NOVOBUD. \u260e +380442779820. technologia element\u00f3w z\u0142\u0105cznych. Czekamy na Ciebie!\" \/>\n<meta property=\"og:url\" content=\"https:\/\/novobud.pl\/en\/product\/luftkanalverbindung\/\" \/>\n<meta property=\"og:site_name\" content=\"Novobud\" \/>\n<meta property=\"article:modified_time\" content=\"2024-09-14T22:55:06+00:00\" \/>\n<meta property=\"og:image\" content=\"https:\/\/novobud.pl\/wp-content\/uploads\/2023\/07\/Luftkanalverbindung.png\" \/>\n\t<meta property=\"og:image:width\" content=\"800\" \/>\n\t<meta property=\"og:image:height\" content=\"600\" \/>\n\t<meta property=\"og:image:type\" content=\"image\/png\" \/>\n<meta name=\"twitter:card\" content=\"summary_large_image\" \/>\n<meta name=\"twitter:label1\" content=\"Est. reading time\" \/>\n\t<meta name=\"twitter:data1\" content=\"1 minute\" \/>\n<script type=\"application\/ld+json\" class=\"yoast-schema-graph\">{\"@context\":\"https:\/\/schema.org\",\"@graph\":[{\"@type\":\"WebPage\",\"@id\":\"https:\/\/novobud.pl\/product\/luftkanalverbindung\/\",\"url\":\"https:\/\/novobud.pl\/product\/luftkanalverbindung\/\",\"name\":\"Pod\u0142\u0105czenie kana\u0142u powietrza - Novobud\",\"isPartOf\":{\"@id\":\"https:\/\/novobud.pl\/#website\"},\"datePublished\":\"2023-07-16T07:08:33+00:00\",\"dateModified\":\"2024-09-14T22:55:06+00:00\",\"description\":\"Zam\u00f3w u nas Pod\u0142\u0105czenie kana\u0142u powietrza \u27a6NOVOBUD. \u260e +380442779820. technologia element\u00f3w z\u0142\u0105cznych. Czekamy na Ciebie!\",\"breadcrumb\":{\"@id\":\"https:\/\/novobud.pl\/product\/luftkanalverbindung\/#breadcrumb\"},\"inLanguage\":\"en-US\",\"potentialAction\":[{\"@type\":\"ReadAction\",\"target\":[\"https:\/\/novobud.pl\/product\/luftkanalverbindung\/\"]}]},{\"@type\":\"BreadcrumbList\",\"@id\":\"https:\/\/novobud.pl\/product\/luftkanalverbindung\/#breadcrumb\",\"itemListElement\":[{\"@type\":\"ListItem\",\"position\":1,\"name\":\"\u0413\u043b\u0430\u0432\u043d\u0430\u044f \u0441\u0442\u0440\u0430\u043d\u0438\u0446\u0430\",\"item\":\"https:\/\/novobud.pl\/\"},{\"@type\":\"ListItem\",\"position\":2,\"name\":\"Shop\",\"item\":\"https:\/\/novobud.pl\/shop\/\"},{\"@type\":\"ListItem\",\"position\":3,\"name\":\"Pod\u0142\u0105czenie kana\u0142u powietrza\"}]},{\"@type\":\"WebSite\",\"@id\":\"https:\/\/novobud.pl\/#website\",\"url\":\"https:\/\/novobud.pl\/\",\"name\":\"Novobud\",\"description\":\"Novobud.pl\",\"potentialAction\":[{\"@type\":\"SearchAction\",\"target\":{\"@type\":\"EntryPoint\",\"urlTemplate\":\"https:\/\/novobud.pl\/?s={search_term_string}\"},\"query-input\":\"required name=search_term_string\"}],\"inLanguage\":\"en-US\"}]}<\/script>\n<!-- \/ Yoast SEO plugin. -->","yoast_head_json":{"title":"Pod\u0142\u0105czenie kana\u0142u powietrza - Novobud","description":"Zam\u00f3w u nas Pod\u0142\u0105czenie kana\u0142u powietrza \u27a6NOVOBUD. \u260e +380442779820. technologia element\u00f3w z\u0142\u0105cznych. Czekamy na Ciebie!","robots":{"index":"index","follow":"follow","max-snippet":"max-snippet:-1","max-image-preview":"max-image-preview:large","max-video-preview":"max-video-preview:-1"},"canonical":"https:\/\/novobud.pl\/en\/product\/luftkanalverbindung\/","og_locale":"en_US","og_type":"article","og_title":"Pod\u0142\u0105czenie kana\u0142u powietrza - Novobud","og_description":"Zam\u00f3w u nas Pod\u0142\u0105czenie kana\u0142u powietrza \u27a6NOVOBUD. \u260e +380442779820. technologia element\u00f3w z\u0142\u0105cznych. Czekamy na Ciebie!","og_url":"https:\/\/novobud.pl\/en\/product\/luftkanalverbindung\/","og_site_name":"Novobud","article_modified_time":"2024-09-14T22:55:06+00:00","og_image":[{"width":800,"height":600,"url":"https:\/\/novobud.pl\/wp-content\/uploads\/2023\/07\/Luftkanalverbindung.png","type":"image\/png"}],"twitter_card":"summary_large_image","twitter_misc":{"Est. reading time":"1 minute"},"schema":{"@context":"https:\/\/schema.org","@graph":[{"@type":"WebPage","@id":"https:\/\/novobud.pl\/product\/luftkanalverbindung\/","url":"https:\/\/novobud.pl\/product\/luftkanalverbindung\/","name":"Pod\u0142\u0105czenie kana\u0142u powietrza - Novobud","isPartOf":{"@id":"https:\/\/novobud.pl\/#website"},"datePublished":"2023-07-16T07:08:33+00:00","dateModified":"2024-09-14T22:55:06+00:00","description":"Zam\u00f3w u nas Pod\u0142\u0105czenie kana\u0142u powietrza \u27a6NOVOBUD. \u260e +380442779820. technologia element\u00f3w z\u0142\u0105cznych. Czekamy na Ciebie!","breadcrumb":{"@id":"https:\/\/novobud.pl\/product\/luftkanalverbindung\/#breadcrumb"},"inLanguage":"en-US","potentialAction":[{"@type":"ReadAction","target":["https:\/\/novobud.pl\/product\/luftkanalverbindung\/"]}]},{"@type":"BreadcrumbList","@id":"https:\/\/novobud.pl\/product\/luftkanalverbindung\/#breadcrumb","itemListElement":[{"@type":"ListItem","position":1,"name":"\u0413\u043b\u0430\u0432\u043d\u0430\u044f \u0441\u0442\u0440\u0430\u043d\u0438\u0446\u0430","item":"https:\/\/novobud.pl\/"},{"@type":"ListItem","position":2,"name":"Shop","item":"https:\/\/novobud.pl\/shop\/"},{"@type":"ListItem","position":3,"name":"Pod\u0142\u0105czenie kana\u0142u powietrza"}]},{"@type":"WebSite","@id":"https:\/\/novobud.pl\/#website","url":"https:\/\/novobud.pl\/","name":"Novobud","description":"Novobud.pl","potentialAction":[{"@type":"SearchAction","target":{"@type":"EntryPoint","urlTemplate":"https:\/\/novobud.pl\/?s={search_term_string}"},"query-input":"required name=search_term_string"}],"inLanguage":"en-US"}]}},"_links":{"self":[{"href":"https:\/\/novobud.pl\/en\/wp-json\/wp\/v2\/product\/329","targetHints":{"allow":["GET"]}}],"collection":[{"href":"https:\/\/novobud.pl\/en\/wp-json\/wp\/v2\/product"}],"about":[{"href":"https:\/\/novobud.pl\/en\/wp-json\/wp\/v2\/types\/product"}],"replies":[{"embeddable":true,"href":"https:\/\/novobud.pl\/en\/wp-json\/wp\/v2\/comments?post=329"}],"wp:featuredmedia":[{"embeddable":true,"href":"https:\/\/novobud.pl\/en\/wp-json\/wp\/v2\/media\/332"}],"wp:attachment":[{"href":"https:\/\/novobud.pl\/en\/wp-json\/wp\/v2\/media?parent=329"}],"wp:term":[{"taxonomy":"product_cat","embeddable":true,"href":"https:\/\/novobud.pl\/en\/wp-json\/wp\/v2\/product_cat?post=329"},{"taxonomy":"product_tag","embeddable":true,"href":"https:\/\/novobud.pl\/en\/wp-json\/wp\/v2\/product_tag?post=329"}],"curies":[{"name":"wp","href":"https:\/\/api.w.org\/{rel}","templated":true}]}}